{"id":49,"date":"2014-09-08T23:05:47","date_gmt":"2014-09-08T23:05:47","guid":{"rendered":"http:\/\/www.kinegua.com\/inicio-2\/"},"modified":"2023-10-01T11:31:29","modified_gmt":"2023-10-01T11:31:29","slug":"inicio","status":"publish","type":"page","link":"https:\/\/www.kinegua.com\/de\/","title":{"rendered":"Kinegua, ein Ort, wo Sie Ihren Urlaub richtig geniessen k\u00f6nnen!"},"content":{"rendered":"<div id=\"pl-49\"  class=\"panel-layout\" ><div id=\"pg-49-0\"  class=\"panel-grid panel-no-style\" ><div id=\"pgc-49-0-0\"  class=\"panel-grid-cell\" ><div id=\"panel-49-0-0-0\" class=\"so-panel widget widget_rev-slider-widget widget_revslider panel-first-child\" data-index=\"0\" >\n\t\t\t<!-- START Home de REVOLUTION SLIDER 6.3.3 --><p class=\"rs-p-wp-fix\"><\/p>\n\t\t\t<rs-module-wrap id=\"rev_slider_5_1_wrapper\" data-source=\"gallery\" data-aimg=\"\"  style=\"background:#E9E9E9;padding:0;margin:0px auto;margin-top:0;margin-bottom:0;max-width:;\">\n\t\t\t\t<rs-module id=\"rev_slider_5_1\" style=\"\" data-version=\"6.3.3\">\n\t\t\t\t\t<rs-slides>\n\t\t\t\t\t\t<rs-slide data-key=\"rs-23\" data-title=\"Slide\" data-anim=\"ei:d;eo:d;s:1000;r:0;t:fade;sl:7;\">\n\t\t\t\t\t\t\t<img decoding=\"async\" src=\"\/\/www.kinegua.com\/wp-content\/uploads\/2014\/09\/sincerate-tegustalomejor.jpg\" title=\"Kinegua, ein Ort, wo Sie Ihren Urlaub richtig geniessen k\u00f6nnen!\" data-bg=\"p:center top;\" class=\"rev-slidebg\" data-no-retina>\n<!--\n\t\t\t\t\t\t\t--><rs-layer\n\t\t\t\t\t\t\t\tid=\"slider-5-slide-23-layer-0\" \n\t\t\t\t\t\t\t\tclass=\"sincerate\"\n\t\t\t\t\t\t\t\tdata-type=\"text\"\n\t\t\t\t\t\t\t\tdata-color=\"#742426\"\n\t\t\t\t\t\t\t\tdata-rsp_ch=\"on\"\n\t\t\t\t\t\t\t\tdata-xy=\"x:67px;y:41px;\"\n\t\t\t\t\t\t\t\tdata-text=\"s:32;\"\n\t\t\t\t\t\t\t\tdata-frame_1=\"st:1000;\"\n\t\t\t\t\t\t\t\tdata-frame_999=\"st:w;auto:true;\"\n\t\t\t\t\t\t\t\tstyle=\"z-index:5;font-family:Arial,Helvetica,sans-serif;\"\n\t\t\t\t\t\t\t>Seien Sei ehrlich!... \n\t\t\t\t\t\t\t<\/rs-layer><!--\n\n\t\t\t\t\t\t\t--><rs-layer\n\t\t\t\t\t\t\t\tid=\"slider-5-slide-23-layer-1\" \n\t\t\t\t\t\t\t\tclass=\"sincerate\"\n\t\t\t\t\t\t\t\tdata-type=\"text\"\n\t\t\t\t\t\t\t\tdata-color=\"#742426\"\n\t\t\t\t\t\t\t\tdata-rsp_ch=\"on\"\n\t\t\t\t\t\t\t\tdata-xy=\"x:357px;y:41px;\"\n\t\t\t\t\t\t\t\tdata-text=\"s:32;\"\n\t\t\t\t\t\t\t\tdata-frame_1=\"st:2000;\"\n\t\t\t\t\t\t\t\tdata-frame_999=\"st:w;auto:true;\"\n\t\t\t\t\t\t\t\tstyle=\"z-index:6;font-family:Arial,Helvetica,sans-serif;\"\n\t\t\t\t\t\t\t>Sie wollen immer nur das Beste! \n\t\t\t\t\t\t\t<\/rs-layer><!--\n-->\t\t\t\t\t\t<\/rs-slide>\n\t\t\t\t\t\t<rs-slide data-key=\"rs-24\" data-title=\"Un magn\u00edfico lugar\" data-anim=\"ei:d;eo:d;s:1000;t:fade;sl:7;\">\n\t\t\t\t\t\t\t<img decoding=\"async\" src=\"\/\/www.kinegua.com\/wp-content\/uploads\/2014\/09\/un-magnifico-lugar.jpg\" title=\"Kinegua, ein Ort, wo Sie Ihren Urlaub richtig geniessen k\u00f6nnen!\" data-bg=\"p:center top;\" class=\"rev-slidebg\" data-no-retina>\n<!--\n\t\t\t\t\t\t\t--><rs-layer\n\t\t\t\t\t\t\t\tid=\"slider-5-slide-24-layer-1\" \n\t\t\t\t\t\t\t\tclass=\"naranja\"\n\t\t\t\t\t\t\t\tdata-type=\"text\"\n\t\t\t\t\t\t\t\tdata-color=\"#ff9900\"\n\t\t\t\t\t\t\t\tdata-rsp_ch=\"on\"\n\t\t\t\t\t\t\t\tdata-xy=\"x:35px;y:39px;\"\n\t\t\t\t\t\t\t\tdata-text=\"s:32;\"\n\t\t\t\t\t\t\t\tdata-frame_1=\"st:1000;\"\n\t\t\t\t\t\t\t\tdata-frame_999=\"st:w;auto:true;\"\n\t\t\t\t\t\t\t\tstyle=\"z-index:5;font-family:Arial,Helvetica,sans-serif;text-shadow:none;\"\n\t\t\t\t\t\t\t>Ein herrlicher Ort, \n\t\t\t\t\t\t\t<\/rs-layer><!--\n\n\t\t\t\t\t\t\t--><rs-layer\n\t\t\t\t\t\t\t\tid=\"slider-5-slide-24-layer-2\" \n\t\t\t\t\t\t\t\tclass=\"naranja\"\n\t\t\t\t\t\t\t\tdata-type=\"text\"\n\t\t\t\t\t\t\t\tdata-color=\"#ff9900\"\n\t\t\t\t\t\t\t\tdata-rsp_ch=\"on\"\n\t\t\t\t\t\t\t\tdata-xy=\"x:522px;y:9px;\"\n\t\t\t\t\t\t\t\tdata-text=\"s:32;\"\n\t\t\t\t\t\t\t\tdata-frame_1=\"st:1500;\"\n\t\t\t\t\t\t\t\tdata-frame_999=\"st:w;auto:true;\"\n\t\t\t\t\t\t\t\tstyle=\"z-index:6;font-family:Arial,Helvetica,sans-serif;text-shadow:none;\"\n\t\t\t\t\t\t\t>um sich zu am\u00fcseren, \n\t\t\t\t\t\t\t<\/rs-layer><!--\n\n\t\t\t\t\t\t\t--><rs-layer\n\t\t\t\t\t\t\t\tid=\"slider-5-slide-24-layer-3\" \n\t\t\t\t\t\t\t\tclass=\"naranja\"\n\t\t\t\t\t\t\t\tdata-type=\"text\"\n\t\t\t\t\t\t\t\tdata-color=\"#ff9900\"\n\t\t\t\t\t\t\t\tdata-rsp_ch=\"on\"\n\t\t\t\t\t\t\t\tdata-xy=\"x:592px;y:46px;\"\n\t\t\t\t\t\t\t\tdata-text=\"s:32;\"\n\t\t\t\t\t\t\t\tdata-frame_1=\"st:2000;\"\n\t\t\t\t\t\t\t\tdata-frame_999=\"st:w;auto:true;\"\n\t\t\t\t\t\t\t\tstyle=\"z-index:7;font-family:Arial,Helvetica,sans-serif;text-shadow:none;\"\n\t\t\t\t\t\t\t>gut zu schlafen, \n\t\t\t\t\t\t\t<\/rs-layer><!--\n\n\t\t\t\t\t\t\t--><rs-layer\n\t\t\t\t\t\t\t\tid=\"slider-5-slide-24-layer-4\" \n\t\t\t\t\t\t\t\tclass=\"naranja\"\n\t\t\t\t\t\t\t\tdata-type=\"text\"\n\t\t\t\t\t\t\t\tdata-color=\"#ff9900\"\n\t\t\t\t\t\t\t\tdata-rsp_ch=\"on\"\n\t\t\t\t\t\t\t\tdata-xy=\"x:614px;y:90px;\"\n\t\t\t\t\t\t\t\tdata-text=\"s:32;\"\n\t\t\t\t\t\t\t\tdata-frame_1=\"st:2500;\"\n\t\t\t\t\t\t\t\tdata-frame_999=\"st:w;auto:true;\"\n\t\t\t\t\t\t\t\tstyle=\"z-index:8;font-family:Arial,Helvetica,sans-serif;text-shadow:none;\"\n\t\t\t\t\t\t\t>sich umzusehen \n\t\t\t\t\t\t\t<\/rs-layer><!--\n\n\t\t\t\t\t\t\t--><rs-layer\n\t\t\t\t\t\t\t\tid=\"slider-5-slide-24-layer-5\" \n\t\t\t\t\t\t\t\tclass=\"naranja\"\n\t\t\t\t\t\t\t\tdata-type=\"text\"\n\t\t\t\t\t\t\t\tdata-color=\"#ff9900\"\n\t\t\t\t\t\t\t\tdata-rsp_ch=\"on\"\n\t\t\t\t\t\t\t\tdata-xy=\"x:660px;y:126px;\"\n\t\t\t\t\t\t\t\tdata-text=\"s:32;\"\n\t\t\t\t\t\t\t\tdata-frame_1=\"st:3000;\"\n\t\t\t\t\t\t\t\tdata-frame_999=\"st:w;auto:true;\"\n\t\t\t\t\t\t\t\tstyle=\"z-index:9;font-family:Arial,Helvetica,sans-serif;text-shadow:none;\"\n\t\t\t\t\t\t\t>und kreativ zu sein. \n\t\t\t\t\t\t\t<\/rs-layer><!--\n-->\t\t\t\t\t\t<\/rs-slide>\n\t\t\t\t\t\t<rs-slide data-key=\"rs-25\" data-title=\"Sol, Volc\u00e1n\" data-anim=\"ei:d;eo:d;s:600;t:fade;sl:7;\">\n\t\t\t\t\t\t\t<img decoding=\"async\" src=\"\/\/www.kinegua.com\/wp-content\/uploads\/2014\/09\/sol-volcan.jpg\" title=\"Kinegua, ein Ort, wo Sie Ihren Urlaub richtig geniessen k\u00f6nnen!\" data-bg=\"p:center top;\" class=\"rev-slidebg\" data-no-retina>\n<!--\n\t\t\t\t\t\t\t--><rs-layer\n\t\t\t\t\t\t\t\tid=\"slider-5-slide-25-layer-1\" \n\t\t\t\t\t\t\t\tclass=\"malva\"\n\t\t\t\t\t\t\t\tdata-type=\"text\"\n\t\t\t\t\t\t\t\tdata-color=\"#7c2432\"\n\t\t\t\t\t\t\t\tdata-rsp_ch=\"on\"\n\t\t\t\t\t\t\t\tdata-xy=\"x:27px;y:19px;\"\n\t\t\t\t\t\t\t\tdata-text=\"s:32;\"\n\t\t\t\t\t\t\t\tdata-frame_1=\"st:1000;\"\n\t\t\t\t\t\t\t\tdata-frame_999=\"st:w;auto:true;\"\n\t\t\t\t\t\t\t\tstyle=\"z-index:5;font-family:Arial,Helvetica,sans-serif;text-shadow:none;\"\n\t\t\t\t\t\t\t>Sonne, \n\t\t\t\t\t\t\t<\/rs-layer><!--\n\n\t\t\t\t\t\t\t--><rs-layer\n\t\t\t\t\t\t\t\tid=\"slider-5-slide-25-layer-2\" \n\t\t\t\t\t\t\t\tclass=\"malva\"\n\t\t\t\t\t\t\t\tdata-type=\"text\"\n\t\t\t\t\t\t\t\tdata-color=\"#7c2432\"\n\t\t\t\t\t\t\t\tdata-rsp_ch=\"on\"\n\t\t\t\t\t\t\t\tdata-xy=\"x:130px;y:19px;\"\n\t\t\t\t\t\t\t\tdata-text=\"s:32;\"\n\t\t\t\t\t\t\t\tdata-frame_1=\"st:1500;\"\n\t\t\t\t\t\t\t\tdata-frame_999=\"st:w;auto:true;\"\n\t\t\t\t\t\t\t\tstyle=\"z-index:6;font-family:Arial,Helvetica,sans-serif;text-shadow:none;\"\n\t\t\t\t\t\t\t>Vulkan, \n\t\t\t\t\t\t\t<\/rs-layer><!--\n\n\t\t\t\t\t\t\t--><rs-layer\n\t\t\t\t\t\t\t\tid=\"slider-5-slide-25-layer-3\" \n\t\t\t\t\t\t\t\tclass=\"malva\"\n\t\t\t\t\t\t\t\tdata-type=\"text\"\n\t\t\t\t\t\t\t\tdata-color=\"#7c2432\"\n\t\t\t\t\t\t\t\tdata-rsp_ch=\"on\"\n\t\t\t\t\t\t\t\tdata-xy=\"x:243px;y:20px;\"\n\t\t\t\t\t\t\t\tdata-text=\"s:32;\"\n\t\t\t\t\t\t\t\tdata-frame_1=\"st:2000;\"\n\t\t\t\t\t\t\t\tdata-frame_999=\"st:w;auto:true;\"\n\t\t\t\t\t\t\t\tstyle=\"z-index:7;font-family:Arial,Helvetica,sans-serif;text-shadow:none;\"\n\t\t\t\t\t\t\t>Himmel und \n\t\t\t\t\t\t\t<\/rs-layer><!--\n\n\t\t\t\t\t\t\t--><rs-layer\n\t\t\t\t\t\t\t\tid=\"slider-5-slide-25-layer-4\" \n\t\t\t\t\t\t\t\tclass=\"malva\"\n\t\t\t\t\t\t\t\tdata-type=\"text\"\n\t\t\t\t\t\t\t\tdata-color=\"#7c2432\"\n\t\t\t\t\t\t\t\tdata-rsp_ch=\"on\"\n\t\t\t\t\t\t\t\tdata-xy=\"x:420px;y:19px;\"\n\t\t\t\t\t\t\t\tdata-text=\"s:32;\"\n\t\t\t\t\t\t\t\tdata-frame_1=\"st:2500;\"\n\t\t\t\t\t\t\t\tdata-frame_999=\"st:w;auto:true;\"\n\t\t\t\t\t\t\t\tstyle=\"z-index:8;font-family:Arial,Helvetica,sans-serif;text-shadow:none;\"\n\t\t\t\t\t\t\t>Meer \n\t\t\t\t\t\t\t<\/rs-layer><!--\n-->\t\t\t\t\t\t<\/rs-slide>\n\t\t\t\t\t\t<rs-slide data-key=\"rs-26\" data-title=\"Kinegua\" data-anim=\"ei:d;eo:d;s:1000;t:fade;sl:7;\">\n\t\t\t\t\t\t\t<img decoding=\"async\" src=\"\/\/www.kinegua.com\/wp-content\/uploads\/2014\/09\/sin-fondo.jpg\" title=\"Kinegua, ein Ort, wo Sie Ihren Urlaub richtig geniessen k\u00f6nnen!\" data-bg=\"p:center top;\" class=\"rev-slidebg\" data-no-retina>\n<!--\n\t\t\t\t\t\t\t--><rs-layer\n\t\t\t\t\t\t\t\tid=\"slider-5-slide-26-layer-1\" \n\t\t\t\t\t\t\t\tdata-type=\"image\"\n\t\t\t\t\t\t\t\tdata-rsp_ch=\"on\"\n\t\t\t\t\t\t\t\tdata-xy=\"x:568px;y:34px;\"\n\t\t\t\t\t\t\t\tdata-dim=\"w:297;h:183;\"\n\t\t\t\t\t\t\t\tdata-frame_1=\"st:500;\"\n\t\t\t\t\t\t\t\tdata-frame_999=\"st:w;auto:true;\"\n\t\t\t\t\t\t\t\tstyle=\"z-index:5;\"\n\t\t\t\t\t\t\t><img loading=\"lazy\" decoding=\"async\" src=\"\/\/www.kinegua.com\/wp-content\/uploads\/2014\/09\/logo-slider.jpg\" width=\"297\" height=\"183\" data-no-retina> \n\t\t\t\t\t\t\t<\/rs-layer><!--\n\n\t\t\t\t\t\t\t--><rs-layer\n\t\t\t\t\t\t\t\tid=\"slider-5-slide-26-layer-2\" \n\t\t\t\t\t\t\t\tdata-type=\"image\"\n\t\t\t\t\t\t\t\tdata-rsp_ch=\"on\"\n\t\t\t\t\t\t\t\tdata-xy=\"x:64px;y:61px;\"\n\t\t\t\t\t\t\t\tdata-dim=\"w:442;h:24;\"\n\t\t\t\t\t\t\t\tdata-frame_1=\"st:1500;\"\n\t\t\t\t\t\t\t\tdata-frame_999=\"st:w;auto:true;\"\n\t\t\t\t\t\t\t\tstyle=\"z-index:6;\"\n\t\t\t\t\t\t\t><img loading=\"lazy\" decoding=\"async\" src=\"\/\/www.kinegua.com\/wp-content\/uploads\/2015\/03\/wir-mochten-de.jpg\" width=\"442\" height=\"24\" data-no-retina> \n\t\t\t\t\t\t\t<\/rs-layer><!--\n\n\t\t\t\t\t\t\t--><rs-layer\n\t\t\t\t\t\t\t\tid=\"slider-5-slide-26-layer-3\" \n\t\t\t\t\t\t\t\tdata-type=\"image\"\n\t\t\t\t\t\t\t\tdata-rsp_ch=\"on\"\n\t\t\t\t\t\t\t\tdata-xy=\"x:14px;y:124px;\"\n\t\t\t\t\t\t\t\tdata-dim=\"w:559;h:32;\"\n\t\t\t\t\t\t\t\tdata-frame_1=\"st:2500;\"\n\t\t\t\t\t\t\t\tdata-frame_999=\"st:w;auto:true;\"\n\t\t\t\t\t\t\t\tstyle=\"z-index:7;\"\n\t\t\t\t\t\t\t><img loading=\"lazy\" decoding=\"async\" src=\"\/\/www.kinegua.com\/wp-content\/uploads\/2015\/03\/so-dass-de.jpg\" width=\"559\" height=\"32\" data-no-retina> \n\t\t\t\t\t\t\t<\/rs-layer><!--\n-->\t\t\t\t\t\t<\/rs-slide>\n\t\t\t\t\t<\/rs-slides>\n\t\t\t\t<\/rs-module>\n\t\t\t\t<script type=\"text\/javascript\">\n\t\t\t\t\tsetREVStartSize({c: 'rev_slider_5_1',rl:[1240,1024,778,480],el:[287],gw:[960],gh:[287],type:'standard',justify:'',layout:'fullwidth',mh:\"287\"});\n\t\t\t\t\tvar\trevapi5,\n\t\t\t\t\t\ttpj;\n\t\t\t\t\tfunction revinit_revslider51() {\n\t\t\t\t\tjQuery(function() {\n\t\t\t\t\t\ttpj = jQuery;\n\t\t\t\t\t\trevapi5 = tpj(\"#rev_slider_5_1\");\n\t\t\t\t\t\ttpj.noConflict();\n\t\t\t\t\t\tif(revapi5==undefined || revapi5.revolution == undefined){\n\t\t\t\t\t\t\trevslider_showDoubleJqueryError(\"rev_slider_5_1\");\n\t\t\t\t\t\t}else{\n\t\t\t\t\t\t\trevapi5.revolution({\n\t\t\t\t\t\t\t\tduration:6000,\n\t\t\t\t\t\t\t\tvisibilityLevels:\"1240,1024,778,480\",\n\t\t\t\t\t\t\t\tgridwidth:960,\n\t\t\t\t\t\t\t\tgridheight:287,\n\t\t\t\t\t\t\t\tminHeight:287,\n\t\t\t\t\t\t\t\tspinner:\"spinner0\",\n\t\t\t\t\t\t\t\tperspective:600,\n\t\t\t\t\t\t\t\tperspectiveType:\"local\",\n\t\t\t\t\t\t\t\teditorheight:\"287,768,960,720\",\n\t\t\t\t\t\t\t\tresponsiveLevels:\"1240,1024,778,480\",\n\t\t\t\t\t\t\t\tprogressBar: {\n\t\t\t\t\t\t\t\t\tcolor:\"#FFFFFF\",\n\t\t\t\t\t\t\t\t\tvertical:\"top\",\n\t\t\t\t\t\t\t\t\tsize:5,\n\t\t\t\t\t\t\t\t\tx:0,\n\t\t\t\t\t\t\t\t\ty:0\n\t\t\t\t\t\t\t\t},\n\t\t\t\t\t\t\t\tnavigation: {\n\t\t\t\t\t\t\t\t\tmouseScrollNavigation:false,\n\t\t\t\t\t\t\t\t\twheelCallDelay:1000,\n\t\t\t\t\t\t\t\t\ttouch: {\n\t\t\t\t\t\t\t\t\t\ttouchenabled:true\n\t\t\t\t\t\t\t\t\t}\n\t\t\t\t\t\t\t\t},\n\t\t\t\t\t\t\t\tfallbacks: {\n\t\t\t\t\t\t\t\t\tallowHTML5AutoPlayOnAndroid:true\n\t\t\t\t\t\t\t\t},\n\t\t\t\t\t\t\t});\n\t\t\t\t\t\t}\n\t\t\t\t\t\t\n\t\t\t\t\t});\n\t\t\t\t\t} \/\/ End of RevInitScript\n\t\t\t\tvar once_revslider51 = false;\n\t\t\t\tif (document.readyState === \"loading\") {document.addEventListener('readystatechange',function() { if((document.readyState === \"interactive\" || document.readyState === \"complete\") && !once_revslider51 ) { once_revslider51 = true; revinit_revslider51();}});} else {once_revslider51 = true; revinit_revslider51();}\n\t\t\t\t<\/script>\n\t\t\t<\/rs-module-wrap>\n\t\t\t<!-- END REVOLUTION SLIDER -->\n<\/div><div id=\"panel-49-0-0-1\" class=\"so-panel widget widget_black-studio-tinymce widget_black_studio_tinymce panel-last-child\" data-index=\"1\" ><div class=\"textwidget\"><h1>Kinegua, ein Ort, wo Sie Ihren Urlaub richtig geniessen k\u00f6nnen!<\/h1>\n<p>Seien Sie ehrlich, Sie wollen immer nur das Beste! <strong>Kinegua ist der ideale Ort,<\/strong> um sich zu am\u00fcsieren, gut zu schlafen, sich umzusehen und kreativ zu sein. Ein Ferienhaus wie Wie f\u00fcr Sie geschaffen, offen zum Himmel hin, zur Sonne, zum Meer und zu den Vulkanen. Machen Sie sich auf, Sie haben es verdient! Wir m\u00f6chten, dass <strong>Sie immer wieder herkommen wollen, wenn Sie erst einmal hier waren.<\/strong><\/p>\n<\/div><\/div><\/div><\/div><\/div>","protected":false},"excerpt":{"rendered":"<p>Kinegua, ein Ort, wo Sie Ihren Urlaub richtig geniessen k\u00f6nnen!Seien Sie ehrlich, Sie wollen immer nur das Beste! Kinegua ist der ideale Ort, um sich zu am\u00fcsieren, gut zu schlafen, sich umzusehen und kreativ zu sein. Ein Ferienhaus wie Wie f\u00fcr Sie geschaffen, offen zum Himmel hin, zur Sonne, zum&#8230;<\/p>\n","protected":false},"author":1,"featured_media":0,"parent":0,"menu_order":0,"comment_status":"open","ping_status":"open","template":"template-home.php","meta":{"_monsterinsights_skip_tracking":false,"_monsterinsights_sitenote_active":false,"_monsterinsights_sitenote_note":"","_monsterinsights_sitenote_category":0,"ngg_post_thumbnail":0,"footnotes":""},"class_list":["post-49","page","type-page","status-publish","hentry"],"_links":{"self":[{"href":"https:\/\/www.kinegua.com\/de\/wp-json\/wp\/v2\/pages\/49","targetHints":{"allow":["GET"]}}],"collection":[{"href":"https:\/\/www.kinegua.com\/de\/wp-json\/wp\/v2\/pages"}],"about":[{"href":"https:\/\/www.kinegua.com\/de\/wp-json\/wp\/v2\/types\/page"}],"author":[{"embeddable":true,"href":"https:\/\/www.kinegua.com\/de\/wp-json\/wp\/v2\/users\/1"}],"replies":[{"embeddable":true,"href":"https:\/\/www.kinegua.com\/de\/wp-json\/wp\/v2\/comments?post=49"}],"version-history":[{"count":5,"href":"https:\/\/www.kinegua.com\/de\/wp-json\/wp\/v2\/pages\/49\/revisions"}],"predecessor-version":[{"id":1600,"href":"https:\/\/www.kinegua.com\/de\/wp-json\/wp\/v2\/pages\/49\/revisions\/1600"}],"wp:attachment":[{"href":"https:\/\/www.kinegua.com\/de\/wp-json\/wp\/v2\/media?parent=49"}],"curies":[{"name":"wp","href":"https:\/\/api.w.org\/{rel}","templated":true}]}}