{"id":894,"date":"2014-11-17T00:56:28","date_gmt":"2014-11-17T00:56:28","guid":{"rendered":"http:\/\/www.kinegua.com\/el-lugar-3\/"},"modified":"2015-04-20T21:27:07","modified_gmt":"2015-04-20T21:27:07","slug":"el-lugar","status":"publish","type":"page","link":"https:\/\/www.kinegua.com\/de\/el-lugar\/","title":{"rendered":"DIE UMGEGEND"},"content":{"rendered":"<div id=\"pl-894\"  class=\"panel-layout\" ><div id=\"pg-894-0\"  class=\"panel-grid panel-no-style\" ><div id=\"pgc-894-0-0\"  class=\"panel-grid-cell\" ><div id=\"panel-894-0-0-0\" class=\"so-panel widget widget_black-studio-tinymce widget_black_studio_tinymce panel-first-child panel-last-child\" data-index=\"0\" ><div class=\"textwidget\"><p><span style=\"color: #fd6b00; font-size: 15px;\"><img loading=\"lazy\" decoding=\"async\" class=\"alignleft wp-image-73 size-full\" src=\"https:\/\/www.kinegua.com\/wp-content\/uploads\/2014\/11\/fuerteventura-unesco.jpg\" alt=\"fuerteventura-unesco\" width=\"150\" height=\"130\" \/>Fuerteventura<\/span> geh\u00f6rt zu den Kanarischen Inseln im Atlantik und ist 97 km von der nordwestlichen K\u00fcste Afrikas entfernt. Nach Teneriffa ist sie die zweitgr\u00f6sste Kanarische Insel und die fl\u00e4chengr\u00f6sste ihrer Provinz.<br \/>\nDie Ureinwohner nannten die Insel \"Erbani\", die in die Gegenden \"Jandia\" und \"Maxorata\" unterteilt war, von deren letzterer der Ortszugeh\u00f6rigkeitsname \"majorero\" abstammt.<br \/>\n<strong>Am 26. Mai 2009 wurde die Insel in ihrer Gesamtheit von der UNESCO als Biosph\u00e4renreservat anerkannt.<\/strong><\/p>\n<p><span style=\"color: #fd6b00; font-size: 15px;\"><strong>Lajares,<\/strong><\/span> ein ruhiger und weit zerstreuter Ort, befindet sich im Norden der Insel und ist von Vulkanen und nur ein paar Minuten weiter von phantastischen Str\u00e4nden voll weissen Sandes umgeben. Seine Einwohner zeichnen sich durch einen besonderen, heterogenen Charakter aus. Angeh\u00d6rige einer ganzen Reihe von L\u00e4ndern haben sich in Lanjares wegen seiner besonderen Beschaffenheit angesiedelt: eine nackte Landschaft, in der man immer der Sonne ausgesetzt ist, dem Himmel, dem Wind, der Lava und zudem nahe am Meer.<\/p>\n<p style=\"float: right;\"><a id=\"img-siguiente-pag_de\" title=\"Siguiente\" href=\"https:\/\/www.kinegua.com\/de\/el-lugar-2\">Siguiente<\/a><\/p>\n<\/div><\/div><\/div><div id=\"pgc-894-0-1\"  class=\"panel-grid-cell\" ><div id=\"panel-894-0-1-0\" class=\"so-panel widget widget_black-studio-tinymce widget_black_studio_tinymce panel-first-child panel-last-child\" data-index=\"1\" ><div class=\"textwidget\"><div class=\"imgen_submenu_lateral_2\"><span id=\"foto1_de\" title=\"Kinegua - Qu\u00e9 hacer en Fuerteventura\">La isla en imagenes<\/span> <a id=\"foto2_de\" href=\"https:\/\/www.kinegua.com\/de\/que-hacer-en-fuerteventura\">Qu\u00e9 hacer en Fuerteventura<\/a><\/div>\n<div class=\"imgen_submenu_lateral_2\"><a id=\"foto3_de\" title=\"C\u00f3mo llegar a Kinegua\" href=\"https:\/\/www.kinegua.com\/de\/como-llegar\">C\u00f3mo llegar<\/a> <a id=\"foto4_de\" title=\"Kinegua - Links de inter\u00e9s\" href=\"https:\/\/www.kinegua.com\/de\/links-de-interes\">Links de inter\u00e9s<\/a><\/div>\n<\/div><\/div><\/div><\/div><\/div>","protected":false},"excerpt":{"rendered":"<p>Fuerteventura geh\u00f6rt zu den Kanarischen Inseln im Atlantik und ist 97 km von der nordwestlichen K\u00fcste Afrikas entfernt. Nach Teneriffa ist sie die zweitgr\u00f6sste Kanarische Insel und die fl\u00e4chengr\u00f6sste ihrer Provinz. Die Ureinwohner nannten die Insel &#8222;Erbani&#8220;, die in die Gegenden &#8222;Jandia&#8220; und &#8222;Maxorata&#8220; unterteilt war, von deren letzterer der&#8230;<\/p>\n","protected":false},"author":1,"featured_media":0,"parent":0,"menu_order":0,"comment_status":"open","ping_status":"open","template":"","meta":{"_monsterinsights_skip_tracking":false,"_monsterinsights_sitenote_active":false,"_monsterinsights_sitenote_note":"","_monsterinsights_sitenote_category":0,"ngg_post_thumbnail":0,"footnotes":""},"class_list":["post-894","page","type-page","status-publish","hentry"],"_links":{"self":[{"href":"https:\/\/www.kinegua.com\/de\/wp-json\/wp\/v2\/pages\/894","targetHints":{"allow":["GET"]}}],"collection":[{"href":"https:\/\/www.kinegua.com\/de\/wp-json\/wp\/v2\/pages"}],"about":[{"href":"https:\/\/www.kinegua.com\/de\/wp-json\/wp\/v2\/types\/page"}],"author":[{"embeddable":true,"href":"https:\/\/www.kinegua.com\/de\/wp-json\/wp\/v2\/users\/1"}],"replies":[{"embeddable":true,"href":"https:\/\/www.kinegua.com\/de\/wp-json\/wp\/v2\/comments?post=894"}],"version-history":[{"count":3,"href":"https:\/\/www.kinegua.com\/de\/wp-json\/wp\/v2\/pages\/894\/revisions"}],"predecessor-version":[{"id":1219,"href":"https:\/\/www.kinegua.com\/de\/wp-json\/wp\/v2\/pages\/894\/revisions\/1219"}],"wp:attachment":[{"href":"https:\/\/www.kinegua.com\/de\/wp-json\/wp\/v2\/media?parent=894"}],"curies":[{"name":"wp","href":"https:\/\/api.w.org\/{rel}","templated":true}]}}