{"id":903,"date":"2014-11-22T01:05:12","date_gmt":"2014-11-22T01:05:12","guid":{"rendered":"http:\/\/www.kinegua.com\/que-hacer-en-fuerteventura-2\/"},"modified":"2015-04-20T22:18:00","modified_gmt":"2015-04-20T22:18:00","slug":"que-hacer-en-fuerteventura","status":"publish","type":"page","link":"https:\/\/www.kinegua.com\/de\/que-hacer-en-fuerteventura\/","title":{"rendered":"Was man in Fuerteventura unternehmen kann"},"content":{"rendered":"<div id=\"pl-903\"  class=\"panel-layout\" ><div id=\"pg-903-0\"  class=\"panel-grid panel-no-style\" ><div id=\"pgc-903-0-0\"  class=\"panel-grid-cell\" ><div id=\"panel-903-0-0-0\" class=\"so-panel widget widget_black-studio-tinymce widget_black_studio_tinymce panel-first-child panel-last-child\" data-index=\"0\" ><div class=\"textwidget\"><p>Es gibt viele und vielf\u00e4ltige M\u00f6glichkeiten wie: Meeressportarten, kulturelle Besichtigungen, die Gastronomie, Ausfl\u00fcge in die Natur. . .<\/p>\n<p>Einige der folgenden Vorschl\u00e4ge haben wir von Kin\u00e9gua-Besuchern erhalten. Schick' uns auch Deine!<\/p>\n<ul>\n<li class=\"textos_negrita\"><strong>Must-visit beaches: <\/strong>Cofete, Sotavento, Dunas de Corralejo, Cotillo, Matorral<strong><br \/>\n<\/strong><\/li>\n<li class=\"textos_negrita\"><strong>Cueva del Llano en Villaverde (Cave in Villaverde),<\/strong> good plan for kids.<\/li>\n<li class=\"textos_negrita\"><strong>Monta\u00f1a Colorada Volcano.<\/strong> 1-hour easy hike from Kinegua to Monta\u00f1a Colorada Volcano crater where you will enjoy great views of the northern part of the island. (Take something to feed the squirrels up there)<\/li>\n<li class=\"textos_negrita\"><strong> Scuba-diving, Kite, Windsurf, Surf...<\/strong> awesome conditions for any of these<\/li>\n<li class=\"textos_negrita\"><strong>Tindaya Mountain.<\/strong> Guided visit<\/li>\n<li class=\"textos_negrita\"><strong>Lobos Island.<\/strong> Virgin nature<\/li>\n<li class=\"textos_negrita\"><strong>Cotillo lighthouse.<\/strong> Remodeled according to the surroundings<\/li>\n<li class=\"textos_negrita\"><strong>Miguel de Unamuno's House Museum.<\/strong> (Spanish famous writer) \"An oasis at the civilization's desert\"<\/li>\n<\/ul>\n<\/div><\/div><\/div><div id=\"pgc-903-0-1\"  class=\"panel-grid-cell\" ><div id=\"panel-903-0-1-0\" class=\"so-panel widget widget_black-studio-tinymce widget_black_studio_tinymce panel-first-child panel-last-child\" data-index=\"1\" ><div class=\"textwidget\"><div class=\"imgen_submenu_lateral_2\"><a id=\"foto1_de\" title=\"Kinegua - Ls isla en im\u00e1genes\" href=\"https:\/\/www.kinegua.com\/de\/la-isla-en-imagenes\">La isla en imagenes<\/a><span id=\"foto2_de\" title=\"Kinegua - Qu\u00e9 hacer en Fuerteventura\">Qu\u00e9 hacer en Fuerteventura<\/span><\/div>\n<div class=\"imgen_submenu_lateral_2\"><a id=\"foto3_de\" title=\"C\u00f3mo llegar a Kinegua\" href=\"https:\/\/www.kinegua.com\/de\/como-llegar\">C\u00f3mo llegar<\/a> <a id=\"foto4_de\" title=\"Kinegua - Links de inter\u00e9s\" href=\"https:\/\/www.kinegua.com\/de\/links-de-interes\">Links de inter\u00e9s<\/a><\/div>\n<\/div><\/div><\/div><\/div><\/div>","protected":false},"excerpt":{"rendered":"<p>Es gibt viele und vielf\u00e4ltige M\u00f6glichkeiten wie: Meeressportarten, kulturelle Besichtigungen, die Gastronomie, Ausfl\u00fcge in die Natur. . . Einige der folgenden Vorschl\u00e4ge haben wir von Kin\u00e9gua-Besuchern erhalten. Schick&#8216; uns auch Deine! Must-visit beaches: Cofete, Sotavento, Dunas de Corralejo, Cotillo, Matorral Cueva del Llano en Villaverde (Cave in Villaverde), good plan&#8230;<\/p>\n","protected":false},"author":1,"featured_media":0,"parent":0,"menu_order":0,"comment_status":"open","ping_status":"open","template":"","meta":{"_monsterinsights_skip_tracking":false,"_monsterinsights_sitenote_active":false,"_monsterinsights_sitenote_note":"","_monsterinsights_sitenote_category":0,"ngg_post_thumbnail":0,"footnotes":""},"class_list":["post-903","page","type-page","status-publish","hentry"],"_links":{"self":[{"href":"https:\/\/www.kinegua.com\/de\/wp-json\/wp\/v2\/pages\/903","targetHints":{"allow":["GET"]}}],"collection":[{"href":"https:\/\/www.kinegua.com\/de\/wp-json\/wp\/v2\/pages"}],"about":[{"href":"https:\/\/www.kinegua.com\/de\/wp-json\/wp\/v2\/types\/page"}],"author":[{"embeddable":true,"href":"https:\/\/www.kinegua.com\/de\/wp-json\/wp\/v2\/users\/1"}],"replies":[{"embeddable":true,"href":"https:\/\/www.kinegua.com\/de\/wp-json\/wp\/v2\/comments?post=903"}],"version-history":[{"count":3,"href":"https:\/\/www.kinegua.com\/de\/wp-json\/wp\/v2\/pages\/903\/revisions"}],"predecessor-version":[{"id":1224,"href":"https:\/\/www.kinegua.com\/de\/wp-json\/wp\/v2\/pages\/903\/revisions\/1224"}],"wp:attachment":[{"href":"https:\/\/www.kinegua.com\/de\/wp-json\/wp\/v2\/media?parent=903"}],"curies":[{"name":"wp","href":"https:\/\/api.w.org\/{rel}","templated":true}]}}