{"id":910,"date":"2014-11-22T09:49:53","date_gmt":"2014-11-22T09:49:53","guid":{"rendered":"http:\/\/www.kinegua.com\/como-llegar-2\/"},"modified":"2015-05-07T14:53:06","modified_gmt":"2015-05-07T14:53:06","slug":"como-llegar","status":"publish","type":"page","link":"https:\/\/www.kinegua.com\/de\/como-llegar\/","title":{"rendered":"Wie kommt man dahin?"},"content":{"rendered":"<div id=\"pl-910\"  class=\"panel-layout\" ><div id=\"pg-910-0\"  class=\"panel-grid panel-no-style\" ><div id=\"pgc-910-0-0\"  class=\"panel-grid-cell\" ><div id=\"panel-910-0-0-0\" class=\"so-panel widget widget_black-studio-tinymce widget_black_studio_tinymce panel-first-child panel-last-child\" data-index=\"0\" ><div class=\"textwidget\"><p class=\"texto\"><b><a href=\"https:\/\/www.google.es\/maps\/place\/28%C2%B041%2718.8%22N+13%C2%B055%2737.5%22W\/@28.688557,-13.927075,354m\/data=!3m2!1e3!4b1!4m2!3m1!1s0x0:0x0!6m1!1e1\" target=\"_blank\"><img loading=\"lazy\" decoding=\"async\" class=\"alignleft wp-image-148\" src=\"https:\/\/www.kinegua.com\/wp-content\/uploads\/2014\/11\/mapa-292x300.png\" alt=\"mapa\" width=\"164\" height=\"168\" srcset=\"https:\/\/www.kinegua.com\/wp-content\/uploads\/2014\/11\/mapa-292x300.png 292w, https:\/\/www.kinegua.com\/wp-content\/uploads\/2014\/11\/mapa-55x55.png 55w, https:\/\/www.kinegua.com\/wp-content\/uploads\/2014\/11\/mapa.png 314w\" sizes=\"auto, (max-width: 164px) 100vw, 164px\" \/><\/a>Vom Flughafen<\/b> aus gibt es 3 m\u00f6gliche Routen nach Kinegua. Alle dauern mehr oder minder 30-40 Minuten im eigenen Wagen.<\/p>\n<p>Entscheiden Sie sich je nach Wunsch und Laune:<\/p>\n<p>1. \u00fcber Binnenwege<br \/>\n2. \u00fcber die K\u00fcste *<br \/>\n3. beides<\/p>\n<p>Vor Ihrer Ankunft erhalten Sie eine detaillierte Anleitung mit Text, Bildern und der ann\u00e4hernden Dauer jeden Weges. So ist es f\u00fcr Sie einfacher, sich zu entscheiden und auf bequeme und einfache Weise Ihr Ferienhaus zu erreichen.<\/p>\n<p>Wenn Sie auf diesen <a href=\"https:\/\/www.google.es\/maps\/place\/28%C2%B041%2718.8%22N+13%C2%B055%2737.5%22W\/@28.688557,-13.927075,354m\/data=!3m2!1e3!4b1!4m2!3m1!1s0x0:0x0!6m1!1e1\" target=\"_blank\">Link klicken<\/a> haben Sie Zugang zum Landstrassenplan, der Ihnen zeigt, wie man nach Lajares kommt.<\/p>\n<p>* From Lanzarote, way 2<\/p>\n<\/div><\/div><\/div><div id=\"pgc-910-0-1\"  class=\"panel-grid-cell\" ><div id=\"panel-910-0-1-0\" class=\"so-panel widget widget_black-studio-tinymce widget_black_studio_tinymce panel-first-child panel-last-child\" data-index=\"1\" ><div class=\"textwidget\"><div class=\"imgen_submenu_lateral_2\"><a id=\"foto1_de\" title=\"Kinegua - Qu\u00e9 hacer en Fuerteventura\" href=\"https:\/\/www.kinegua.com\/de\/la-isla-en-imagenes\">La isla en imagenes<\/a><a id=\"foto2_de\" href=\"https:\/\/www.kinegua.com\/de\/que-hacer-en-fuerteventura\">Qu\u00e9 hacer en Fuerteventura<\/a><\/div>\n<div class=\"imgen_submenu_lateral_2\"><span id=\"foto3_de\" title=\"C\u00f3mo llegar a Kinegua\">C\u00f3mo llegar<\/span><a id=\"foto4_de\" title=\"Kinegua - Links de inter\u00e9s\" href=\"https:\/\/www.kinegua.com\/de\/links-de-interes\">Links de inter\u00e9s<\/a><\/div>\n<\/div><\/div><\/div><\/div><\/div>","protected":false},"excerpt":{"rendered":"<p>Vom Flughafen aus gibt es 3 m\u00f6gliche Routen nach Kinegua. Alle dauern mehr oder minder 30-40 Minuten im eigenen Wagen. Entscheiden Sie sich je nach Wunsch und Laune: 1. \u00fcber Binnenwege 2. \u00fcber die K\u00fcste * 3. beides Vor Ihrer Ankunft erhalten Sie eine detaillierte Anleitung mit Text, Bildern und&#8230;<\/p>\n","protected":false},"author":1,"featured_media":0,"parent":0,"menu_order":0,"comment_status":"open","ping_status":"open","template":"","meta":{"_monsterinsights_skip_tracking":false,"_monsterinsights_sitenote_active":false,"_monsterinsights_sitenote_note":"","_monsterinsights_sitenote_category":0,"ngg_post_thumbnail":0,"footnotes":""},"class_list":["post-910","page","type-page","status-publish","hentry"],"_links":{"self":[{"href":"https:\/\/www.kinegua.com\/de\/wp-json\/wp\/v2\/pages\/910","targetHints":{"allow":["GET"]}}],"collection":[{"href":"https:\/\/www.kinegua.com\/de\/wp-json\/wp\/v2\/pages"}],"about":[{"href":"https:\/\/www.kinegua.com\/de\/wp-json\/wp\/v2\/types\/page"}],"author":[{"embeddable":true,"href":"https:\/\/www.kinegua.com\/de\/wp-json\/wp\/v2\/users\/1"}],"replies":[{"embeddable":true,"href":"https:\/\/www.kinegua.com\/de\/wp-json\/wp\/v2\/comments?post=910"}],"version-history":[{"count":6,"href":"https:\/\/www.kinegua.com\/de\/wp-json\/wp\/v2\/pages\/910\/revisions"}],"predecessor-version":[{"id":1272,"href":"https:\/\/www.kinegua.com\/de\/wp-json\/wp\/v2\/pages\/910\/revisions\/1272"}],"wp:attachment":[{"href":"https:\/\/www.kinegua.com\/de\/wp-json\/wp\/v2\/media?parent=910"}],"curies":[{"name":"wp","href":"https:\/\/api.w.org\/{rel}","templated":true}]}}