{"id":913,"date":"2015-01-05T19:53:23","date_gmt":"2015-01-05T19:53:23","guid":{"rendered":"http:\/\/www.kinegua.com\/la-casa-2\/"},"modified":"2015-04-20T22:36:40","modified_gmt":"2015-04-20T22:36:40","slug":"la-casa","status":"publish","type":"page","link":"https:\/\/www.kinegua.com\/de\/la-casa\/","title":{"rendered":"DAS LANDHAUS"},"content":{"rendered":"<div id=\"pl-913\"  class=\"panel-layout\" ><div id=\"pg-913-0\"  class=\"panel-grid panel-no-style\" ><div id=\"pgc-913-0-0\"  class=\"panel-grid-cell\" ><div id=\"panel-913-0-0-0\" class=\"so-panel widget widget_black-studio-tinymce widget_black_studio_tinymce panel-first-child panel-last-child\" data-index=\"0\" ><div class=\"textwidget\"><div class=\"imgen_submenu_lateral\"><a id=\"foto5_de\" title=\"Interior y exterior\" href=\"https:\/\/www.kinegua.com\/de\/imagenes-interior-y-exterior\">Interior y exterior<\/a> <a id=\"foto6_de\" title=\"Conceptos. Fluidez y versatilidad\" href=\"https:\/\/www.kinegua.com\/de\/conceptos-fluidez-y-versatilidad\">Conceptos.Fluidez y versatilidad<\/a> <a id=\"foto7_de\" title=\"Contenido. Programa y equipamiento\" href=\"https:\/\/www.kinegua.com\/de\/contenido-programa-y-equipamiento\">Conenido. Programa y equipamiento<\/a><\/div>\n<\/div><\/div><\/div><div id=\"pgc-913-0-1\"  class=\"panel-grid-cell\" ><div id=\"panel-913-0-1-0\" class=\"so-panel widget widget_black-studio-tinymce widget_black_studio_tinymce panel-first-child panel-last-child\" data-index=\"1\" ><div class=\"textwidget\"><p><strong>Kinegua <\/strong>entstand als Ergebnis der Suche nach einem Ort, an dem an dem man ein offenes Ferienhaus in st\u00e4ndiger Beziehung zu seiner Umwelt geniessen kann.<\/p>\n<p>\u201cEine Oase in der W\u00fcste der Zivilisation\u201c, wie sich Unamuno genial \u00fcber diese Insel \u00e4usserte. Man suchte (und fand) die perfekte Umgebung und entwarf das ihr entsprechende Haus. Das starke Interesse, die Erwartungen und das Engagement derer, die wir uns f\u00fcr dieses Projet einsetz ten, f\u00fchrte dazu, dass diese Idee Gestalt annahm und heute bereits eine Realit\u00e4t darstellt:<\/p>\n<p style=\"text-align: center;\"><em>ein lichtdurchl\u00e4ssges, attraktives, gem\u00fctliches und anpassungsf\u00e4higes Ferienhaus lichtdurchl\u00e4ssig dort, wo die Kraft der Landschaft das Innere \u00fcberflutet und die Archtitecktur die Umgebung konditionniert und z\u00e4hmt. Ein Haus, um drinnen und draussen zu leben.<\/em><\/p>\n<p><span style=\"text-decoration: underline;\"><strong>Attraktiv<\/strong><\/span>, weil die Mischung aus traditionell lokaler Architektur mit der heutigen Raumplastizit\u00e4t einen angenehmen und ruhigen Aufenthalt garantiert.<\/p>\n<p><span style=\"text-decoration: underline;\"><strong>Gem\u00fctlich<\/strong><\/span>, da einfache Ressourcen f\u00fcr die t\u00e4gliche Bewohnung vorhanden sind, die uns wie zuhause f\u00fchlen lassen.<\/p>\n<p><span style=\"text-decoration: underline;\"><strong>Anpassungsf\u00e4hig<\/strong><\/span>, wegen der vorhandenen M\u00f6glichkeiten, die verschiedenen R\u00e4ume je nach Bedarf der entsprechenden Person zu organisieren.<\/p>\n<p>&nbsp;<\/p>\n<p style=\"text-align: center;\"><a id=\"img-casa_de\" title=\"Galer\u00eda de Kinegua\" href=\"https:\/\/www.kinegua.com\/de\/imagenes-interior-y-exterior\">View House Gallery<\/a><\/p>\n<\/div><\/div><\/div><\/div><\/div>","protected":false},"excerpt":{"rendered":"<p>Interior y exterior Conceptos.Fluidez y versatilidad Conenido. Programa y equipamiento Kinegua entstand als Ergebnis der Suche nach einem Ort, an dem an dem man ein offenes Ferienhaus in st\u00e4ndiger Beziehung zu seiner Umwelt geniessen kann. \u201cEine Oase in der W\u00fcste der Zivilisation\u201c, wie sich Unamuno genial \u00fcber diese Insel \u00e4usserte&#8230;.<\/p>\n","protected":false},"author":1,"featured_media":0,"parent":0,"menu_order":0,"comment_status":"closed","ping_status":"closed","template":"","meta":{"_monsterinsights_skip_tracking":false,"_monsterinsights_sitenote_active":false,"_monsterinsights_sitenote_note":"","_monsterinsights_sitenote_category":0,"ngg_post_thumbnail":0,"footnotes":""},"class_list":["post-913","page","type-page","status-publish","hentry"],"_links":{"self":[{"href":"https:\/\/www.kinegua.com\/de\/wp-json\/wp\/v2\/pages\/913","targetHints":{"allow":["GET"]}}],"collection":[{"href":"https:\/\/www.kinegua.com\/de\/wp-json\/wp\/v2\/pages"}],"about":[{"href":"https:\/\/www.kinegua.com\/de\/wp-json\/wp\/v2\/types\/page"}],"author":[{"embeddable":true,"href":"https:\/\/www.kinegua.com\/de\/wp-json\/wp\/v2\/users\/1"}],"replies":[{"embeddable":true,"href":"https:\/\/www.kinegua.com\/de\/wp-json\/wp\/v2\/comments?post=913"}],"version-history":[{"count":3,"href":"https:\/\/www.kinegua.com\/de\/wp-json\/wp\/v2\/pages\/913\/revisions"}],"predecessor-version":[{"id":1229,"href":"https:\/\/www.kinegua.com\/de\/wp-json\/wp\/v2\/pages\/913\/revisions\/1229"}],"wp:attachment":[{"href":"https:\/\/www.kinegua.com\/de\/wp-json\/wp\/v2\/media?parent=913"}],"curies":[{"name":"wp","href":"https:\/\/api.w.org\/{rel}","templated":true}]}}