{"id":919,"date":"2015-01-05T21:29:34","date_gmt":"2015-01-05T21:29:34","guid":{"rendered":"http:\/\/www.kinegua.com\/conceptos-fluidez-y-versatilidad-3\/"},"modified":"2015-04-21T22:59:35","modified_gmt":"2015-04-21T22:59:35","slug":"conceptos-fluidez-y-versatilidad","status":"publish","type":"page","link":"https:\/\/www.kinegua.com\/de\/conceptos-fluidez-y-versatilidad\/","title":{"rendered":"Begriffe. Fliessende Gestaltung und Vielseitigkeit"},"content":{"rendered":"<div id=\"pl-919\"  class=\"panel-layout\" ><div id=\"pg-919-0\"  class=\"panel-grid panel-no-style\" ><div id=\"pgc-919-0-0\"  class=\"panel-grid-cell\" ><div id=\"panel-919-0-0-0\" class=\"so-panel widget widget_black-studio-tinymce widget_black_studio_tinymce panel-first-child panel-last-child\" data-index=\"0\" ><div class=\"textwidget\"><div class=\"imgen_submenu_lateral\"><a id=\"foto5_de\" title=\"Interior y exterior\" href=\"https:\/\/www.kinegua.com\/de\/imagenes-interior-y-exterior\">Interior y exterior<\/a> <span id=\"foto6_de\" title=\"Conceptos. Fluidez y versatilidad\">Conceptos.Fluidez y versatilidad<\/span> <a id=\"foto7_de\" title=\"Contenido. Programa y equipamiento\" href=\"https:\/\/www.kinegua.com\/de\/contenido-programa-y-equipamiento\">Conenido. Programa y equipamiento<\/a><\/div>\n<\/div><\/div><\/div><div id=\"pgc-919-0-1\"  class=\"panel-grid-cell\" ><div id=\"panel-919-0-1-0\" class=\"so-panel widget widget_black-studio-tinymce widget_black_studio_tinymce panel-first-child panel-last-child\" data-index=\"1\" ><div class=\"textwidget\"><p><img loading=\"lazy\" decoding=\"async\" class=\"alignright wp-image-921 size-full\" src=\"https:\/\/www.kinegua.com\/wp-content\/uploads\/2015\/01\/img-conceptos14.jpg\" alt=\"\" width=\"250\" height=\"375\" srcset=\"https:\/\/www.kinegua.com\/wp-content\/uploads\/2015\/01\/img-conceptos14.jpg 250w, https:\/\/www.kinegua.com\/wp-content\/uploads\/2015\/01\/img-conceptos14-200x300.jpg 200w\" sizes=\"auto, (max-width: 250px) 100vw, 250px\" \/>Das Hauptkriterium ist <strong>die r\u00e4umliche Durchl\u00e4ssigkeit<\/strong>. Die r\u00e4umliche Einteilung vermeidet eine starre Aufteilung, wobei sich das entsprechende Programm genausoviel drinnen wie drau\u00dfen entwickeln kann, wo es keine eindeutigen Grenzen gibt und man mit weitl\u00e4ufigen, halboffenen und halbgeschlossenen R\u00e4umen rechnen kann.<\/p>\n<p>Diese Durchl\u00e4ssigkeit l\u00e4dt zu einem gewissen Dynamismus ein. <strong>Man l\u00e4uft durch das Haus und spielt damit<\/strong>, wobei man sich auf besondere Hinweise verlassen kann: geradlinige W\u00e4nde, die einen leiten, die Einteilung des Hauptraums h\u00e4lt einen zur\u00fcck, und an den besonderen Festpunkten erscheint die Landschaft, die man betrachtet und die einen hypnotisiert, wie eingerahmt.<\/p>\n<p>Das Haus soll vielseitig Verwendbar sein. Es besteht aus drei Teilen, von denen der gr\u00f6\u00dfte, der ausserdem das R\u00fcckgrat darstellt, bis zu 6 Personen beherbergen kann, der zweite vier und der kleinste zwei.<\/p>\n<p>Zwecks Bewohnung geht man wie mit einem Puzzle vor, w\u00e4hlt einen Teil des Hauses oder das ganze Haus. Es gibt verschiedene Kombinationen, deren alle eine komplette innere und \u00e4u\u00dfere Ausstattung garantieren, eine korrekte Anwendung des Programms und Unabh\u00e4ngigkeit von den restlichen.<\/p>\n<p style=\"float: right;\"><a id=\"img-siguiente-pag_de\" title=\"Siguiente\" href=\"https:\/\/www.kinegua.com\/de\/conceptos-fluidez-y-versatilidad-2\/\">Siguiente<\/a><\/p>\n<\/div><\/div><\/div><\/div><\/div>","protected":false},"excerpt":{"rendered":"<p>Interior y exterior Conceptos.Fluidez y versatilidad Conenido. Programa y equipamiento Das Hauptkriterium ist die r\u00e4umliche Durchl\u00e4ssigkeit. Die r\u00e4umliche Einteilung vermeidet eine starre Aufteilung, wobei sich das entsprechende Programm genausoviel drinnen wie drau\u00dfen entwickeln kann, wo es keine eindeutigen Grenzen gibt und man mit weitl\u00e4ufigen, halboffenen und halbgeschlossenen R\u00e4umen rechnen kann&#8230;.<\/p>\n","protected":false},"author":1,"featured_media":0,"parent":0,"menu_order":0,"comment_status":"closed","ping_status":"closed","template":"","meta":{"_monsterinsights_skip_tracking":false,"_monsterinsights_sitenote_active":false,"_monsterinsights_sitenote_note":"","_monsterinsights_sitenote_category":0,"ngg_post_thumbnail":0,"footnotes":""},"class_list":["post-919","page","type-page","status-publish","hentry"],"_links":{"self":[{"href":"https:\/\/www.kinegua.com\/de\/wp-json\/wp\/v2\/pages\/919","targetHints":{"allow":["GET"]}}],"collection":[{"href":"https:\/\/www.kinegua.com\/de\/wp-json\/wp\/v2\/pages"}],"about":[{"href":"https:\/\/www.kinegua.com\/de\/wp-json\/wp\/v2\/types\/page"}],"author":[{"embeddable":true,"href":"https:\/\/www.kinegua.com\/de\/wp-json\/wp\/v2\/users\/1"}],"replies":[{"embeddable":true,"href":"https:\/\/www.kinegua.com\/de\/wp-json\/wp\/v2\/comments?post=919"}],"version-history":[{"count":3,"href":"https:\/\/www.kinegua.com\/de\/wp-json\/wp\/v2\/pages\/919\/revisions"}],"predecessor-version":[{"id":1231,"href":"https:\/\/www.kinegua.com\/de\/wp-json\/wp\/v2\/pages\/919\/revisions\/1231"}],"wp:attachment":[{"href":"https:\/\/www.kinegua.com\/de\/wp-json\/wp\/v2\/media?parent=919"}],"curies":[{"name":"wp","href":"https:\/\/api.w.org\/{rel}","templated":true}]}}