{"id":923,"date":"2015-01-05T21:35:51","date_gmt":"2015-01-05T21:35:51","guid":{"rendered":"http:\/\/www.kinegua.com\/conceptos-fluidez-y-versatilidad-2-2\/"},"modified":"2015-04-21T23:13:59","modified_gmt":"2015-04-21T23:13:59","slug":"conceptos-fluidez-y-versatilidad-2","status":"publish","type":"page","link":"https:\/\/www.kinegua.com\/de\/conceptos-fluidez-y-versatilidad-2\/","title":{"rendered":"Begriffe. Fliessende Gestaltung und Vielseitigkeit"},"content":{"rendered":"<div id=\"pl-923\"  class=\"panel-layout\" ><div id=\"pg-923-0\"  class=\"panel-grid panel-no-style\" ><div id=\"pgc-923-0-0\"  class=\"panel-grid-cell\" ><div id=\"panel-923-0-0-0\" class=\"so-panel widget widget_black-studio-tinymce widget_black_studio_tinymce panel-first-child panel-last-child\" data-index=\"0\" ><div class=\"textwidget\"><div class=\"imgen_submenu_lateral\"><a id=\"foto5_de\" title=\"Interior y exterior\" href=\"https:\/\/www.kinegua.com\/de\/imagenes-interior-y-exterior\">Interior y exterior<\/a> <span id=\"foto6_de\" title=\"Conceptos. Fluidez y versatilidad\">Conceptos.Fluidez y versatilidad<\/span> <a id=\"foto7_de\" title=\"Contenido. Programa y equipamiento\" href=\"https:\/\/www.kinegua.com\/de\/contenido-programa-y-equipamiento\">Conenido. Programa y equipamiento<\/a><\/div>\n<\/div><\/div><\/div><div id=\"pgc-923-0-1\"  class=\"panel-grid-cell\" ><div id=\"panel-923-0-1-0\" class=\"so-panel widget widget_black-studio-tinymce widget_black_studio_tinymce panel-first-child panel-last-child\" data-index=\"1\" ><div class=\"textwidget\"><p><img loading=\"lazy\" decoding=\"async\" class=\"alignright wp-image-925 size-full\" src=\"https:\/\/www.kinegua.com\/wp-content\/uploads\/2015\/01\/img-conceptos24.jpg\" alt=\"\" width=\"250\" height=\"375\" srcset=\"https:\/\/www.kinegua.com\/wp-content\/uploads\/2015\/01\/img-conceptos24.jpg 250w, https:\/\/www.kinegua.com\/wp-content\/uploads\/2015\/01\/img-conceptos24-200x300.jpg 200w\" sizes=\"auto, (max-width: 250px) 100vw, 250px\" \/><strong>Es k\u00f6nnen darin gleichzeitig verschiedene Gruppen untergebracht werden oder eine einzige, grosse Gruppe.<\/strong>.<\/p>\n<p>Die Aufteilung im Einzelnen:<\/p>\n<p><strong>Der Hauptwohnteil erstreckt<\/strong> sich \u00fcber 160 qm mit Wohnzimmer, Esszimmer, K\u00fcche, drei Schlafzimmern und zwei Badezimmer. Dar\u00fcber hinaus sind noch mehr als 50 qm an Terrassen und Laubeng\u00e4ngen vorhanden und 220 qm rund um den Swimmingpool mit 45 qm Schwimmfl\u00e4che.<\/p>\n<p><strong>Der Mittelteil verf\u00fcgt<\/strong> \u00fcber 91 qm f\u00fcr das Wohn\/Esszimmer, K\u00fcche, zwei Schlafzimmer und ein Bad. Dazu kommen 24 qm eines halb\u00fcberdachten Innenhofes und 50 qm f\u00fcr einen Laubengang.<\/p>\n<p><strong>Das kleinere Teil erstreckt sich<\/strong> innen \u00fcber 49 qm f\u00fcr ein Wohnzimmer, K\u00fcche, ein Schlafzimmer und ein Bad, dazu kommt ein Innenhof von 18 qm und ein Laubengang mit 42 qm.<\/p>\n<p>Insgesamt sind also fast 750 qm Wohnfl\u00e4che vorhanden innerhalb einer Parzelle von 6000 qm neben dem Naturschutzgebiet der Monta\u00f1a Colorada.<\/p>\n<p style=\"text-align: left;\"><a id=\"img-anterior_de\" style=\"margin-left: 0px;\" title=\"Anterior\" href=\"https:\/\/www.kinegua.com\/de\/conceptos-fluidez-y-versatilidad\/\">Anterior<\/a><\/p>\n<\/div><\/div><\/div><\/div><\/div>","protected":false},"excerpt":{"rendered":"<p>Interior y exterior Conceptos.Fluidez y versatilidad Conenido. Programa y equipamiento Es k\u00f6nnen darin gleichzeitig verschiedene Gruppen untergebracht werden oder eine einzige, grosse Gruppe.. Die Aufteilung im Einzelnen: Der Hauptwohnteil erstreckt sich \u00fcber 160 qm mit Wohnzimmer, Esszimmer, K\u00fcche, drei Schlafzimmern und zwei Badezimmer. Dar\u00fcber hinaus sind noch mehr als 50&#8230;<\/p>\n","protected":false},"author":1,"featured_media":0,"parent":0,"menu_order":0,"comment_status":"closed","ping_status":"closed","template":"","meta":{"_monsterinsights_skip_tracking":false,"_monsterinsights_sitenote_active":false,"_monsterinsights_sitenote_note":"","_monsterinsights_sitenote_category":0,"ngg_post_thumbnail":0,"footnotes":""},"class_list":["post-923","page","type-page","status-publish","hentry"],"_links":{"self":[{"href":"https:\/\/www.kinegua.com\/de\/wp-json\/wp\/v2\/pages\/923","targetHints":{"allow":["GET"]}}],"collection":[{"href":"https:\/\/www.kinegua.com\/de\/wp-json\/wp\/v2\/pages"}],"about":[{"href":"https:\/\/www.kinegua.com\/de\/wp-json\/wp\/v2\/types\/page"}],"author":[{"embeddable":true,"href":"https:\/\/www.kinegua.com\/de\/wp-json\/wp\/v2\/users\/1"}],"replies":[{"embeddable":true,"href":"https:\/\/www.kinegua.com\/de\/wp-json\/wp\/v2\/comments?post=923"}],"version-history":[{"count":3,"href":"https:\/\/www.kinegua.com\/de\/wp-json\/wp\/v2\/pages\/923\/revisions"}],"predecessor-version":[{"id":924,"href":"https:\/\/www.kinegua.com\/de\/wp-json\/wp\/v2\/pages\/923\/revisions\/924"}],"wp:attachment":[{"href":"https:\/\/www.kinegua.com\/de\/wp-json\/wp\/v2\/media?parent=923"}],"curies":[{"name":"wp","href":"https:\/\/api.w.org\/{rel}","templated":true}]}}