{"id":936,"date":"2015-01-28T00:14:26","date_gmt":"2015-01-28T00:14:26","guid":{"rendered":"http:\/\/www.kinegua.com\/contenido-programa-y-equipamiento-plano1-2\/"},"modified":"2015-04-22T05:03:19","modified_gmt":"2015-04-22T05:03:19","slug":"contenido-programa-y-equipamiento-plano1","status":"publish","type":"page","link":"https:\/\/www.kinegua.com\/de\/contenido-programa-y-equipamiento-plano1\/","title":{"rendered":"Inhalte. Layout und Ausstattung"},"content":{"rendered":"<div id=\"pl-936\"  class=\"panel-layout\" ><div id=\"pg-936-0\"  class=\"panel-grid panel-no-style\" ><div id=\"pgc-936-0-0\"  class=\"panel-grid-cell\" ><div id=\"panel-936-0-0-0\" class=\"so-panel widget widget_black-studio-tinymce widget_black_studio_tinymce panel-first-child panel-last-child\" data-index=\"0\" ><div class=\"textwidget\"><div class=\"imgen_submenu_lateral\"><a id=\"foto5_de\" title=\"Interior y exterior\" href=\"https:\/\/www.kinegua.com\/de\/imagenes-interior-y-exterior\">Interior y exterior<\/a><a id=\"foto6_de\" title=\"Conceptos. Fluidez y versatilidad\" href=\"https:\/\/www.kinegua.com\/de\/contenido-programa-y-equipamiento\/\">Conceptos.Fluidez y versatilidad<\/a> <span id=\"foto7_de\" title=\"Contenido. Programa y equipamiento\">Conenido. Programa y equipamiento<\/span><\/div>\n<\/div><\/div><\/div><div id=\"pgc-936-0-1\"  class=\"panel-grid-cell\" ><div id=\"panel-936-0-1-0\" class=\"so-panel widget widget_black-studio-tinymce widget_black_studio_tinymce panel-first-child\" data-index=\"1\" ><div class=\"textwidget\"><h3>KLEINERER WOHNTEIL ( f\u00fcr 2 personen )<\/h3>\n<ul>\n<li>Wohn\/Esszimmer f\u00fcr 2 Personen (TV, DVD, Musikanlage)<\/li>\n<li>K\u00fcche (Vitrokeramik, Mikrowelle...)<\/li>\n<li>1 Schlafzimmer (Doppelbett)<\/li>\n<li>1 komplett ausgestattetes Bad mit Dusche<\/li>\n<li>Solarterrasse, Liegest\u00fchle, Sonnendusche<\/li>\n<li>\u00fcberdachte Terrasse mit \u00e4usserem Essraum<\/li>\n<li>Grill<\/li>\n<li>Kinderbett und -stuhl<\/li>\n<\/ul>\n<ul class=\"no-list-type\">\n<li>Innenfl\u00e4che: 49 qm<\/li>\n<li>Aussenfl\u00e4che: 59 qm<\/li>\n<li>Gesamtfl\u00e4che: 108 qm<\/li>\n<\/ul>\n<\/div><\/div><div id=\"panel-936-0-1-1\" class=\"so-panel widget widget_black-studio-tinymce widget_black_studio_tinymce panel-last-child\" data-index=\"2\" ><div class=\"textwidget\"><p><a id=\"img-volver_de\" title=\"Ver otro plano\" href=\"https:\/\/www.kinegua.com\/de\/contenido-programa-y-equipamiento\/\">Anterior<\/a><\/p>\n<\/div><\/div><\/div><div id=\"pgc-936-0-2\"  class=\"panel-grid-cell\" ><div id=\"panel-936-0-2-0\" class=\"so-panel widget widget_black-studio-tinymce widget_black_studio_tinymce panel-first-child\" data-index=\"3\" ><div class=\"textwidget\"><p><a href=\"https:\/\/www.kinegua.com\/wp-content\/uploads\/2015\/01\/plano-1d-g.jpg\" rel=\"lightbox\"><img loading=\"lazy\" decoding=\"async\" class=\"alignnone wp-image-938 size-full\" src=\"https:\/\/www.kinegua.com\/wp-content\/uploads\/2015\/01\/plano-1d5.jpg\" alt=\"\" width=\"296\" height=\"350\" srcset=\"https:\/\/www.kinegua.com\/wp-content\/uploads\/2015\/01\/plano-1d5.jpg 296w, https:\/\/www.kinegua.com\/wp-content\/uploads\/2015\/01\/plano-1d5-253x300.jpg 253w\" sizes=\"auto, (max-width: 296px) 100vw, 296px\" \/><\/a><\/p>\n<\/div><\/div><div id=\"panel-936-0-2-1\" class=\"so-panel widget widget_black-studio-tinymce widget_black_studio_tinymce panel-last-child\" data-index=\"4\" ><div class=\"textwidget\"><p><a id=\"img-siguiente_de\" class=\"paginado_siguiente\" title=\"Plano 2\" href=\"https:\/\/www.kinegua.com\/de\/contenido-programa-y-equipamiento-plano2\/\">Plano 2<\/a><\/p>\n<\/div><\/div><\/div><\/div><\/div>","protected":false},"excerpt":{"rendered":"<p>Interior y exteriorConceptos.Fluidez y versatilidad Conenido. Programa y equipamiento KLEINERER WOHNTEIL ( f\u00fcr 2 personen ) Wohn\/Esszimmer f\u00fcr 2 Personen (TV, DVD, Musikanlage) K\u00fcche (Vitrokeramik, Mikrowelle&#8230;) 1 Schlafzimmer (Doppelbett) 1 komplett ausgestattetes Bad mit Dusche Solarterrasse, Liegest\u00fchle, Sonnendusche \u00fcberdachte Terrasse mit \u00e4usserem Essraum Grill Kinderbett und -stuhl Innenfl\u00e4che: 49 qm&#8230;<\/p>\n","protected":false},"author":2,"featured_media":0,"parent":0,"menu_order":0,"comment_status":"closed","ping_status":"closed","template":"","meta":{"_monsterinsights_skip_tracking":false,"_monsterinsights_sitenote_active":false,"_monsterinsights_sitenote_note":"","_monsterinsights_sitenote_category":0,"ngg_post_thumbnail":0,"footnotes":""},"class_list":["post-936","page","type-page","status-publish","hentry"],"_links":{"self":[{"href":"https:\/\/www.kinegua.com\/de\/wp-json\/wp\/v2\/pages\/936","targetHints":{"allow":["GET"]}}],"collection":[{"href":"https:\/\/www.kinegua.com\/de\/wp-json\/wp\/v2\/pages"}],"about":[{"href":"https:\/\/www.kinegua.com\/de\/wp-json\/wp\/v2\/types\/page"}],"author":[{"embeddable":true,"href":"https:\/\/www.kinegua.com\/de\/wp-json\/wp\/v2\/users\/2"}],"replies":[{"embeddable":true,"href":"https:\/\/www.kinegua.com\/de\/wp-json\/wp\/v2\/comments?post=936"}],"version-history":[{"count":3,"href":"https:\/\/www.kinegua.com\/de\/wp-json\/wp\/v2\/pages\/936\/revisions"}],"predecessor-version":[{"id":1234,"href":"https:\/\/www.kinegua.com\/de\/wp-json\/wp\/v2\/pages\/936\/revisions\/1234"}],"wp:attachment":[{"href":"https:\/\/www.kinegua.com\/de\/wp-json\/wp\/v2\/media?parent=936"}],"curies":[{"name":"wp","href":"https:\/\/api.w.org\/{rel}","templated":true}]}}