{"id":952,"date":"2015-02-16T23:57:46","date_gmt":"2015-02-16T23:57:46","guid":{"rendered":"http:\/\/www.kinegua.com\/contenido-programa-y-equipamiento-plano5-2\/"},"modified":"2015-04-22T11:39:16","modified_gmt":"2015-04-22T11:39:16","slug":"contenido-programa-y-equipamiento-plano5","status":"publish","type":"page","link":"https:\/\/www.kinegua.com\/de\/contenido-programa-y-equipamiento-plano5\/","title":{"rendered":"Inhalte. Layout und Ausstattung"},"content":{"rendered":"<div id=\"pl-952\"  class=\"panel-layout\" ><div id=\"pg-952-0\"  class=\"panel-grid panel-no-style\" ><div id=\"pgc-952-0-0\"  class=\"panel-grid-cell\" ><div id=\"panel-952-0-0-0\" class=\"so-panel widget widget_black-studio-tinymce widget_black_studio_tinymce panel-first-child panel-last-child\" data-index=\"0\" ><div class=\"textwidget\"><div class=\"imgen_submenu_lateral\"><a id=\"foto5_de\" title=\"Interior y exterior\" href=\"https:\/\/www.kinegua.com\/de\/imagenes-interior-y-exterior\">Interior y exterior<\/a><a id=\"foto6_de\" title=\"Conceptos. Fluidez y versatilidad\" href=\"https:\/\/www.kinegua.com\/de\/contenido-programa-y-equipamiento\/\">Conceptos.Fluidez y versatilidad<\/a> <span id=\"foto7_de\" title=\"Contenido. Programa y equipamiento\">Conenido. Programa y equipamiento<\/span><\/div>\n<\/div><\/div><\/div><div id=\"pgc-952-0-1\"  class=\"panel-grid-cell\" ><div id=\"panel-952-0-1-0\" class=\"so-panel widget widget_black-studio-tinymce widget_black_studio_tinymce panel-first-child\" data-index=\"1\" ><div class=\"textwidget\"><h3>HAUPTWOHNTEIL &amp; MITTLERER TEIL ( 10 Personen )<\/h3>\n<ul>\n<li>Wohnzimmer (TV, DVD, Musikanlage)<\/li>\n<li>Esszimmer f\u00fcr 12 Personen<\/li>\n<li>Raum f\u00fcr Spiele (TV, DVD, Musik)<\/li>\n<li>2 vollkommen ausgestattete K\u00fcchen (Vitrokeramik, Backherd, Geschirrsp\u00fcler...)<\/li>\n<li>1 Suite. Doppeltes Schlafzimmer mit Wohnzimmer, Office (kleine K\u00fcche), Bad und extra Terrasse<\/li>\n<li>5 Schlafzimmer (2 Doppelbetten, 6 Einzelbetten)<\/li>\n<li>3 komplette B\u00e4der (1 Badewanne, 3 Duschen)<\/li>\n<li>komplette B\u00e4der (1 Badewanne, 3 Duschen) ? Solarterrasse im ersten Stock<\/li>\n<li>45 qm Schwimmbad, Liegest\u00fchle, Sonnenduschen. Schwimmbad vor allem f\u00fcr private Nutzung gedacht,<\/li>\n<li>Grill<\/li>\n<li>Kinderbett und -stuhl je nach Wunsch<\/li>\n<\/ul>\n<ul class=\"no-list-type\">\n<li>Innenfl\u00e4che: 250 qm<\/li>\n<li>Aussenfl\u00e4che: 395 qm<\/li>\n<li>Gesamtfl\u00e4che: 645 qm<\/li>\n<\/ul>\n<\/div><\/div><div id=\"panel-952-0-1-1\" class=\"so-panel widget widget_black-studio-tinymce widget_black_studio_tinymce panel-last-child\" data-index=\"2\" ><div class=\"textwidget\"><p><a id=\"img-volver_de\" title=\"Ver otro plano\" href=\"https:\/\/www.kinegua.com\/de\/contenido-programa-y-equipamiento\/\">Anterior<\/a><\/p>\n<\/div><\/div><\/div><div id=\"pgc-952-0-2\"  class=\"panel-grid-cell\" ><div id=\"panel-952-0-2-0\" class=\"so-panel widget widget_black-studio-tinymce widget_black_studio_tinymce panel-first-child\" data-index=\"3\" ><div class=\"textwidget\"><p><a href=\"https:\/\/www.kinegua.com\/wp-content\/uploads\/2015\/02\/plano-3d-2d-g.jpg\" rel=\"lightbox\"><img loading=\"lazy\" decoding=\"async\" class=\"alignnone wp-image-954 size-full\" src=\"https:\/\/www.kinegua.com\/wp-content\/uploads\/2015\/02\/plano-3d-2d5.jpg\" alt=\"\" width=\"296\" height=\"350\" srcset=\"https:\/\/www.kinegua.com\/wp-content\/uploads\/2015\/02\/plano-3d-2d5.jpg 296w, https:\/\/www.kinegua.com\/wp-content\/uploads\/2015\/02\/plano-3d-2d5-253x300.jpg 253w\" sizes=\"auto, (max-width: 296px) 100vw, 296px\" \/><\/a><\/p>\n<\/div><\/div><div id=\"panel-952-0-2-1\" class=\"so-panel widget widget_black-studio-tinymce widget_black_studio_tinymce panel-last-child\" data-index=\"4\" ><div class=\"textwidget\"><p><a id=\"img-plano-anterior_de\" class=\"paginado_anterior\" title=\"Plano 4\" href=\"https:\/\/www.kinegua.com\/de\/contenido-programa-y-equipamiento-plano4\/\">Plano 4<\/a><a id=\"img-siguiente_de\" class=\"paginado_siguiente\" title=\"Plano 6\" href=\"https:\/\/www.kinegua.com\/de\/contenido-programa-y-equipamiento-plano6\/\">Plano 6<\/a><\/p>\n<\/div><\/div><\/div><\/div><\/div>","protected":false},"excerpt":{"rendered":"<p>Interior y exteriorConceptos.Fluidez y versatilidad Conenido. Programa y equipamiento HAUPTWOHNTEIL &amp; MITTLERER TEIL ( 10 Personen ) Wohnzimmer (TV, DVD, Musikanlage) Esszimmer f\u00fcr 12 Personen Raum f\u00fcr Spiele (TV, DVD, Musik) 2 vollkommen ausgestattete K\u00fcchen (Vitrokeramik, Backherd, Geschirrsp\u00fcler&#8230;) 1 Suite. Doppeltes Schlafzimmer mit Wohnzimmer, Office (kleine K\u00fcche), Bad und extra&#8230;<\/p>\n","protected":false},"author":2,"featured_media":0,"parent":0,"menu_order":0,"comment_status":"closed","ping_status":"closed","template":"","meta":{"_monsterinsights_skip_tracking":false,"_monsterinsights_sitenote_active":false,"_monsterinsights_sitenote_note":"","_monsterinsights_sitenote_category":0,"ngg_post_thumbnail":0,"footnotes":""},"class_list":["post-952","page","type-page","status-publish","hentry"],"_links":{"self":[{"href":"https:\/\/www.kinegua.com\/de\/wp-json\/wp\/v2\/pages\/952","targetHints":{"allow":["GET"]}}],"collection":[{"href":"https:\/\/www.kinegua.com\/de\/wp-json\/wp\/v2\/pages"}],"about":[{"href":"https:\/\/www.kinegua.com\/de\/wp-json\/wp\/v2\/types\/page"}],"author":[{"embeddable":true,"href":"https:\/\/www.kinegua.com\/de\/wp-json\/wp\/v2\/users\/2"}],"replies":[{"embeddable":true,"href":"https:\/\/www.kinegua.com\/de\/wp-json\/wp\/v2\/comments?post=952"}],"version-history":[{"count":3,"href":"https:\/\/www.kinegua.com\/de\/wp-json\/wp\/v2\/pages\/952\/revisions"}],"predecessor-version":[{"id":1242,"href":"https:\/\/www.kinegua.com\/de\/wp-json\/wp\/v2\/pages\/952\/revisions\/1242"}],"wp:attachment":[{"href":"https:\/\/www.kinegua.com\/de\/wp-json\/wp\/v2\/media?parent=952"}],"curies":[{"name":"wp","href":"https:\/\/api.w.org\/{rel}","templated":true}]}}