{"id":971,"date":"2014-11-22T22:37:09","date_gmt":"2014-11-22T22:37:09","guid":{"rendered":"http:\/\/www.kinegua.com\/mas-sobre-kinegua-2\/"},"modified":"2015-04-22T12:54:06","modified_gmt":"2015-04-22T12:54:06","slug":"mas-sobre-kinegua","status":"publish","type":"page","link":"https:\/\/www.kinegua.com\/de\/mas-sobre-kinegua\/","title":{"rendered":"WEITERE DATEN ZU KINEGUA"},"content":{"rendered":"<div id=\"pl-971\"  class=\"panel-layout\" ><div id=\"pg-971-0\"  class=\"panel-grid panel-no-style\" ><div id=\"pgc-971-0-0\"  class=\"panel-grid-cell\" ><div id=\"panel-971-0-0-0\" class=\"so-panel widget widget_black-studio-tinymce widget_black_studio_tinymce panel-first-child panel-last-child\" data-index=\"0\" ><div class=\"textwidget\"><div class=\"imgen_submenu_lateral\"><a id=\"foto12_de\" title=\"Kinegua - Origen, intenciones\" href=\"https:\/\/www.kinegua.com\/de\/origen-intenciones\">Origen, intenciones<\/a><a id=\"foto13_de\" title=\"Kinegua y la cultura\" href=\"https:\/\/www.kinegua.com\/de\/kinegua-y-la-cultura\">Kinegua y la cultura<\/a><\/div>\n<div class=\"imgen_submenu_lateral\"><a id=\"foto14_de\" title=\"Kinegua - Atenci\u00f3n personalizada\" href=\"https:\/\/www.kinegua.com\/de\/atencion-personalizada\">Atenci\u00f3n personalizada<\/a><a id=\"foto15_de\" title=\"Kinegua - Noticias\" href=\"https:\/\/www.kinegua.com\/de\/noticias\">Noticias<\/a><\/div>\n<\/div><\/div><\/div><div id=\"pgc-971-0-1\"  class=\"panel-grid-cell\" ><div id=\"panel-971-0-1-0\" class=\"so-panel widget widget_black-studio-tinymce widget_black_studio_tinymce panel-first-child panel-last-child\" data-index=\"1\" ><div class=\"textwidget\"><p><strong>Kinegua ist mehr als nur ein Haus;<\/strong> dieses Projekt basiert auf der Idee, dass der Urlaub zum Geniessen da ist. Dabei reicht es nicht, 4 W\u00e4nde mit einem Bett im Innern zu mieten; die dort verbrachte Freizeit muss genossen werden, es soll nichts fehlen, um jede Minute Ihrer Ferien voll auszunutzen.<\/p>\n<p>&nbsp;<\/p>\n<p>Buchlesen, zusammen mit Ihrer Familie einen Film ansehen, Ihr Lieblingsfr\u00fchst\u00fcck geniessen und erfahren, was so alles auf der Welt geschieht, das ist entscheidend um zu f\u00fchlen, dass Ihr Urlaub ein wirklicher Urlaub ist, um von der t\u00e4glichen Routine abzuschalten und zu f\u00fchlen, dass Sie sich \u00e4usserlich und auch innerlich erholen.<\/p>\n<p><img loading=\"lazy\" decoding=\"async\" class=\"alignright wp-image-171\" src=\"https:\/\/www.kinegua.com\/wp-content\/uploads\/2014\/11\/atencion-personalizada.jpg\" alt=\"atencion-personalizada\" width=\"170\" height=\"106\" \/>Laden Sie Ihren Energiebedarf mithilfe der wundersch\u00f6nen Str\u00e4nde und Aktivit\u00e4ten, die Ihnen die Insel Fuerteventura bietet, auf, und verbringen Sie den weiteren Tagesablauf mit all dem, was Kinegua noch so bietet, um jede Minute Ihrer Freizeit voll zu geniessen.<\/p>\n<p><strong>Wir m\u00f6chten, dass Sie nach Kinegua kommen, um bald wiederkommen zu wollen.<\/strong><\/p>\n<\/div><\/div><\/div><\/div><\/div>","protected":false},"excerpt":{"rendered":"<p>Origen, intencionesKinegua y la cultura Atenci\u00f3n personalizadaNoticias Kinegua ist mehr als nur ein Haus; dieses Projekt basiert auf der Idee, dass der Urlaub zum Geniessen da ist. Dabei reicht es nicht, 4 W\u00e4nde mit einem Bett im Innern zu mieten; die dort verbrachte Freizeit muss genossen werden, es soll nichts&#8230;<\/p>\n","protected":false},"author":1,"featured_media":0,"parent":0,"menu_order":0,"comment_status":"open","ping_status":"open","template":"","meta":{"_monsterinsights_skip_tracking":false,"_monsterinsights_sitenote_active":false,"_monsterinsights_sitenote_note":"","_monsterinsights_sitenote_category":0,"ngg_post_thumbnail":0,"footnotes":""},"class_list":["post-971","page","type-page","status-publish","hentry"],"_links":{"self":[{"href":"https:\/\/www.kinegua.com\/de\/wp-json\/wp\/v2\/pages\/971","targetHints":{"allow":["GET"]}}],"collection":[{"href":"https:\/\/www.kinegua.com\/de\/wp-json\/wp\/v2\/pages"}],"about":[{"href":"https:\/\/www.kinegua.com\/de\/wp-json\/wp\/v2\/types\/page"}],"author":[{"embeddable":true,"href":"https:\/\/www.kinegua.com\/de\/wp-json\/wp\/v2\/users\/1"}],"replies":[{"embeddable":true,"href":"https:\/\/www.kinegua.com\/de\/wp-json\/wp\/v2\/comments?post=971"}],"version-history":[{"count":4,"href":"https:\/\/www.kinegua.com\/de\/wp-json\/wp\/v2\/pages\/971\/revisions"}],"predecessor-version":[{"id":1247,"href":"https:\/\/www.kinegua.com\/de\/wp-json\/wp\/v2\/pages\/971\/revisions\/1247"}],"wp:attachment":[{"href":"https:\/\/www.kinegua.com\/de\/wp-json\/wp\/v2\/media?parent=971"}],"curies":[{"name":"wp","href":"https:\/\/api.w.org\/{rel}","templated":true}]}}