{"id":975,"date":"2014-11-23T10:05:18","date_gmt":"2014-11-23T10:05:18","guid":{"rendered":"http:\/\/www.kinegua.com\/origen-intenciones-3\/"},"modified":"2015-04-22T12:57:02","modified_gmt":"2015-04-22T12:57:02","slug":"origen-intenciones","status":"publish","type":"page","link":"https:\/\/www.kinegua.com\/de\/origen-intenciones\/","title":{"rendered":"Urspr\u00fcnge"},"content":{"rendered":"<div id=\"pl-975\"  class=\"panel-layout\" ><div id=\"pg-975-0\"  class=\"panel-grid panel-no-style\" ><div id=\"pgc-975-0-0\"  class=\"panel-grid-cell\" ><div id=\"panel-975-0-0-0\" class=\"so-panel widget widget_black-studio-tinymce widget_black_studio_tinymce panel-first-child panel-last-child\" data-index=\"0\" ><div class=\"textwidget\"><div class=\"imgen_submenu_lateral\"><span id=\"foto12_de\" title=\"Kinegua - Origen, intenciones\">Origen, intenciones<\/span><a id=\"foto13_de\" title=\"Kinegua y la cultura\" href=\"https:\/\/www.kinegua.com\/de\/kinegua-y-la-cultura\">Kinegua y la cultura<\/a><\/div>\n<div class=\"imgen_submenu_lateral\"><a id=\"foto14\" title=\"Kinegua - Atenci\u00f3n personalizada\" href=\"https:\/\/www.kinegua.com\/de\/atencion-personalizada\">Atenci\u00f3n personalizada<\/a><a id=\"foto15\" title=\"Kinegua - Noticias\" href=\"https:\/\/www.kinegua.com\/de\/noticias\">Noticias<\/a><\/div>\n<\/div><\/div><\/div><div id=\"pgc-975-0-1\"  class=\"panel-grid-cell\" ><div id=\"panel-975-0-1-0\" class=\"so-panel widget widget_black-studio-tinymce widget_black_studio_tinymce panel-first-child panel-last-child\" data-index=\"1\" ><div class=\"textwidget\"><p>Da die Kanarischen Inseln im Laufe ihrer Geschichte seit jeher ein st\u00e4ndiger Durchgangsort von Reisenden waren und sind, hat die Mischung von Kulturen verschiedener Kontinente davon wertvolle archtitektonische, k\u00fcnstlerische, arch\u00e4ologische und ethnographische Spuren hinterlassen.<\/p>\n<p>Aus dem gleichen Grund haben sich viele Worte verschiedenen Ursprungs, vor allem aus dem Englischen, an die auf den Inseln l\u00e4ufige Sprache angepasst.<\/p>\n<p>&nbsp;<\/p>\n<p><img loading=\"lazy\" decoding=\"async\" class=\"alignright size-full wp-image-194\" src=\"https:\/\/www.kinegua.com\/wp-content\/uploads\/2014\/11\/papas.jpg\" alt=\"papas\" width=\"195\" height=\"84\" \/><em>Um all diesen geschichtlichen Hintergrund zu w\u00fcrdigen, erh\u00e4lt das Haus den Namen Kinegua, ein Wort, das auf kuriose Weise dem gew\u00f6hnlichen Vokabular der Kanaren angepasst ist und mit dem sie sich auf einen der gastronomischen Leckerbissen der Inseln beziehen: las Papas= <em>Kanarische Kartoffeln<\/em>.<\/em><\/p>\n<p style=\"float: right;\"><a id=\"img-siguiente-pag_de\" title=\"Siguiente\" href=\"https:\/\/www.kinegua.com\/de\/origen-intenciones-2\/\">Siguiente<\/a><\/p>\n<\/div><\/div><\/div><\/div><\/div>","protected":false},"excerpt":{"rendered":"<p>Origen, intencionesKinegua y la cultura Atenci\u00f3n personalizadaNoticias Da die Kanarischen Inseln im Laufe ihrer Geschichte seit jeher ein st\u00e4ndiger Durchgangsort von Reisenden waren und sind, hat die Mischung von Kulturen verschiedener Kontinente davon wertvolle archtitektonische, k\u00fcnstlerische, arch\u00e4ologische und ethnographische Spuren hinterlassen. Aus dem gleichen Grund haben sich viele Worte verschiedenen&#8230;<\/p>\n","protected":false},"author":1,"featured_media":0,"parent":0,"menu_order":0,"comment_status":"open","ping_status":"open","template":"","meta":{"_monsterinsights_skip_tracking":false,"_monsterinsights_sitenote_active":false,"_monsterinsights_sitenote_note":"","_monsterinsights_sitenote_category":0,"ngg_post_thumbnail":0,"footnotes":""},"class_list":["post-975","page","type-page","status-publish","hentry"],"_links":{"self":[{"href":"https:\/\/www.kinegua.com\/de\/wp-json\/wp\/v2\/pages\/975","targetHints":{"allow":["GET"]}}],"collection":[{"href":"https:\/\/www.kinegua.com\/de\/wp-json\/wp\/v2\/pages"}],"about":[{"href":"https:\/\/www.kinegua.com\/de\/wp-json\/wp\/v2\/types\/page"}],"author":[{"embeddable":true,"href":"https:\/\/www.kinegua.com\/de\/wp-json\/wp\/v2\/users\/1"}],"replies":[{"embeddable":true,"href":"https:\/\/www.kinegua.com\/de\/wp-json\/wp\/v2\/comments?post=975"}],"version-history":[{"count":3,"href":"https:\/\/www.kinegua.com\/de\/wp-json\/wp\/v2\/pages\/975\/revisions"}],"predecessor-version":[{"id":1248,"href":"https:\/\/www.kinegua.com\/de\/wp-json\/wp\/v2\/pages\/975\/revisions\/1248"}],"wp:attachment":[{"href":"https:\/\/www.kinegua.com\/de\/wp-json\/wp\/v2\/media?parent=975"}],"curies":[{"name":"wp","href":"https:\/\/api.w.org\/{rel}","templated":true}]}}