{"id":544,"date":"2015-03-22T12:32:36","date_gmt":"2015-03-22T12:32:36","guid":{"rendered":"http:\/\/www.kinegua.com\/?page_id=544"},"modified":"2015-04-15T22:28:18","modified_gmt":"2015-04-15T22:28:18","slug":"el-lugar-2","status":"publish","type":"page","link":"https:\/\/www.kinegua.com\/en\/el-lugar-2\/","title":{"rendered":"El lugar"},"content":{"rendered":"<div id=\"pl-544\"  class=\"panel-layout\" ><div id=\"pg-544-0\"  class=\"panel-grid panel-no-style\" ><div id=\"pgc-544-0-0\"  class=\"panel-grid-cell\" ><div id=\"panel-544-0-0-0\" class=\"so-panel widget widget_black-studio-tinymce widget_black_studio_tinymce panel-first-child panel-last-child\" data-index=\"0\" ><div class=\"textwidget\"><p><img loading=\"lazy\" decoding=\"async\" class=\"alignleft wp-image-85\" src=\"https:\/\/www.kinegua.com\/wp-content\/uploads\/2014\/11\/lajares-300x152.jpg\" alt=\"lajares\" width=\"220\" height=\"112\" srcset=\"https:\/\/www.kinegua.com\/wp-content\/uploads\/2014\/11\/lajares-300x152.jpg 300w, https:\/\/www.kinegua.com\/wp-content\/uploads\/2014\/11\/lajares-1024x519.jpg 1024w, https:\/\/www.kinegua.com\/wp-content\/uploads\/2014\/11\/lajares-630x319.jpg 630w, https:\/\/www.kinegua.com\/wp-content\/uploads\/2014\/11\/lajares.jpg 1112w\" sizes=\"auto, (max-width: 220px) 100vw, 220px\" \/>Other leisure alternatives include hiking, biking, volcanoes routes, scuba-diving, \u2026 in general anything related with nature, water, outdoors, \u2026 horizon!!<\/p>\n<p style=\"text-align: center;\" align=\"center\"><strong>A great place to smile, sleep, watch and create.<\/strong><\/p>\n<p style=\"text-align: left;\"><a style=\"margin-left: 0px; color: #600; font-weight: bold;\" title=\"Anterior\" href=\"https:\/\/www.kinegua.com\/el-lugar\">&lt;&lt; Back<\/a><\/p>\n<\/div><\/div><\/div><div id=\"pgc-544-0-1\"  class=\"panel-grid-cell\" ><div id=\"panel-544-0-1-0\" class=\"so-panel widget widget_black-studio-tinymce widget_black_studio_tinymce panel-first-child panel-last-child\" data-index=\"1\" ><div class=\"textwidget\"><div class=\"imgen_submenu_lateral_2\"><span id=\"foto1_en\" title=\"Kinegua - Qu\u00e9 hacer en Fuerteventura\">La isla en imagenes<\/span> <a id=\"foto2_en\" href=\"https:\/\/www.kinegua.com\/en\/que-hacer-en-fuerteventura\">Qu\u00e9 hacer en Fuerteventura<\/a><\/div>\n<div class=\"imgen_submenu_lateral_2\"><a id=\"foto3_en\" title=\"C\u00f3mo llegar a Kinegua\" href=\"https:\/\/www.kinegua.com\/en\/como-llegar\">C\u00f3mo llegar<\/a> <a id=\"foto4_en\" title=\"Kinegua - Links de inter\u00e9s\" href=\"https:\/\/www.kinegua.com\/en\/links-de-interes\">Links de inter\u00e9s<\/a><\/div>\n<\/div><\/div><\/div><\/div><\/div>","protected":false},"excerpt":{"rendered":"<p>Other leisure alternatives include hiking, biking, volcanoes routes, scuba-diving, \u2026 in general anything related with nature, water, outdoors, \u2026 horizon!! A great place to smile, sleep, watch and create. &lt;&lt; Back La isla en imagenes Qu\u00e9 hacer en Fuerteventura C\u00f3mo llegar Links de inter\u00e9s<\/p>\n","protected":false},"author":2,"featured_media":0,"parent":0,"menu_order":0,"comment_status":"open","ping_status":"open","template":"","meta":{"_monsterinsights_skip_tracking":false,"_monsterinsights_sitenote_active":false,"_monsterinsights_sitenote_note":"","_monsterinsights_sitenote_category":0,"ngg_post_thumbnail":0,"footnotes":""},"class_list":["post-544","page","type-page","status-publish","hentry"],"_links":{"self":[{"href":"https:\/\/www.kinegua.com\/en\/wp-json\/wp\/v2\/pages\/544","targetHints":{"allow":["GET"]}}],"collection":[{"href":"https:\/\/www.kinegua.com\/en\/wp-json\/wp\/v2\/pages"}],"about":[{"href":"https:\/\/www.kinegua.com\/en\/wp-json\/wp\/v2\/types\/page"}],"author":[{"embeddable":true,"href":"https:\/\/www.kinegua.com\/en\/wp-json\/wp\/v2\/users\/2"}],"replies":[{"embeddable":true,"href":"https:\/\/www.kinegua.com\/en\/wp-json\/wp\/v2\/comments?post=544"}],"version-history":[{"count":6,"href":"https:\/\/www.kinegua.com\/en\/wp-json\/wp\/v2\/pages\/544\/revisions"}],"predecessor-version":[{"id":1132,"href":"https:\/\/www.kinegua.com\/en\/wp-json\/wp\/v2\/pages\/544\/revisions\/1132"}],"wp:attachment":[{"href":"https:\/\/www.kinegua.com\/en\/wp-json\/wp\/v2\/media?parent=544"}],"curies":[{"name":"wp","href":"https:\/\/api.w.org\/{rel}","templated":true}]}}