{"id":557,"date":"2014-11-22T01:17:53","date_gmt":"2014-11-22T01:17:53","guid":{"rendered":"http:\/\/www.kinegua.com\/links-de-interes-2\/"},"modified":"2015-04-16T21:07:15","modified_gmt":"2015-04-16T21:07:15","slug":"links-de-interes","status":"publish","type":"page","link":"https:\/\/www.kinegua.com\/en\/links-de-interes\/","title":{"rendered":"Links"},"content":{"rendered":"<div id=\"pl-557\"  class=\"panel-layout\" ><div id=\"pg-557-0\"  class=\"panel-grid panel-no-style\" ><div id=\"pgc-557-0-0\"  class=\"panel-grid-cell\" ><div id=\"panel-557-0-0-0\" class=\"so-panel widget widget_black-studio-tinymce widget_black_studio_tinymce panel-first-child panel-last-child\" data-index=\"0\" ><div class=\"textwidget\"><ul>\n<li class=\"links_interes\">Tourist Information:<br \/>\n<a href=\"http:\/\/www.fuerteventuraturismo.com\/\" target=\"_blank\">http:\/\/www.fuerteventuraturismo.com\/<\/a><\/li>\n<li class=\"links_interes\">Rent a car:<br \/>\n<a href=\"http:\/\/www.top-car-hire.com\/\" target=\"_blank\">http:\/\/www.top-car-hire.com\/<\/a><\/li>\n<li class=\"links_interes\">Local Information:<br \/>\n<a href=\"http:\/\/www.laoliva.es\" target=\"_blank\">http:\/\/www.laoliva.es\/<\/a><\/li>\n<li class=\"links_interes\">Museums:<br \/>\n<a href=\"http:\/\/www.cabildofuer.es\" target=\"_blank\">http:\/\/www.cabildofuer.es\/<\/a><\/li>\n<li class=\"links_interes\">Beaches:<br \/>\n<a href=\"http:\/\/www.mma.es\/playas\/html\/p\/todas\/fu.htm\" target=\"_blank\">http:\/\/www.mma.es\/playas\/html\/p\/todas\/fu.htm<\/a><\/li>\n<li class=\"links_interes\">Learn how to surf:<br \/>\n<a href=\"http:\/\/www.joyas-surf.com\/\" target=\"_blank\">http:\/\/www.joyas-surf.com\/<\/a><\/li>\n<li class=\"links_interes\">Gastronomy:<br \/>\n<a href=\"http:\/\/www.larutadelbuenyantar.com\/marcos.html\" target=\"_blank\">http:\/\/www.larutadelbuenyantar.com\/marcos.html<br \/>\n<\/a><a href=\"http:\/\/www.quesomajorero.es\/\" target=\"_blank\">http:\/\/www.quesomajorero.es\/<\/a><\/li>\n<\/ul>\n<p>&nbsp;<\/p>\n<\/div><\/div><\/div><div id=\"pgc-557-0-1\"  class=\"panel-grid-cell\" ><div id=\"panel-557-0-1-0\" class=\"so-panel widget widget_black-studio-tinymce widget_black_studio_tinymce panel-first-child panel-last-child\" data-index=\"1\" ><div class=\"textwidget\"><div class=\"imgen_submenu_lateral_2\"><a id=\"foto1_en\" title=\"Kinegua - La isla en im\u00e1genes\" href=\"https:\/\/www.kinegua.com\/en\/la-isla-en-imagenes\">La isla en imagenes<\/a><a id=\"foto2_en\" title=\"Kinegua - Qu\u00e9 hacer en Fuerteventura\" href=\"https:\/\/www.kinegua.com\/en\/que-hacer-en-fuerteventura\">Qu\u00e9 hacer en Fuerteventura<\/a><\/div>\n<div class=\"imgen_submenu_lateral_2\"><a id=\"foto3_en\" title=\"C\u00f3mo llegar a Kinegua\" href=\"https:\/\/www.kinegua.com\/en\/como-llegar\">C\u00f3mo llegar<\/a><span id=\"foto4_en\" title=\"Kinegua - Links de inter\u00e9s\">Links de inter\u00e9s<\/span><\/div>\n<\/div><\/div><\/div><\/div><\/div>","protected":false},"excerpt":{"rendered":"<p>Tourist Information: http:\/\/www.fuerteventuraturismo.com\/ Rent a car: http:\/\/www.top-car-hire.com\/ Local Information: http:\/\/www.laoliva.es\/ Museums: http:\/\/www.cabildofuer.es\/ Beaches: http:\/\/www.mma.es\/playas\/html\/p\/todas\/fu.htm Learn how to surf: http:\/\/www.joyas-surf.com\/ Gastronomy: http:\/\/www.larutadelbuenyantar.com\/marcos.html http:\/\/www.quesomajorero.es\/ &nbsp; La isla en imagenesQu\u00e9 hacer en Fuerteventura C\u00f3mo llegarLinks de inter\u00e9s<\/p>\n","protected":false},"author":1,"featured_media":0,"parent":0,"menu_order":0,"comment_status":"open","ping_status":"open","template":"","meta":{"_monsterinsights_skip_tracking":false,"_monsterinsights_sitenote_active":false,"_monsterinsights_sitenote_note":"","_monsterinsights_sitenote_category":0,"ngg_post_thumbnail":0,"footnotes":""},"class_list":["post-557","page","type-page","status-publish","hentry"],"_links":{"self":[{"href":"https:\/\/www.kinegua.com\/en\/wp-json\/wp\/v2\/pages\/557","targetHints":{"allow":["GET"]}}],"collection":[{"href":"https:\/\/www.kinegua.com\/en\/wp-json\/wp\/v2\/pages"}],"about":[{"href":"https:\/\/www.kinegua.com\/en\/wp-json\/wp\/v2\/types\/page"}],"author":[{"embeddable":true,"href":"https:\/\/www.kinegua.com\/en\/wp-json\/wp\/v2\/users\/1"}],"replies":[{"embeddable":true,"href":"https:\/\/www.kinegua.com\/en\/wp-json\/wp\/v2\/comments?post=557"}],"version-history":[{"count":4,"href":"https:\/\/www.kinegua.com\/en\/wp-json\/wp\/v2\/pages\/557\/revisions"}],"predecessor-version":[{"id":1138,"href":"https:\/\/www.kinegua.com\/en\/wp-json\/wp\/v2\/pages\/557\/revisions\/1138"}],"wp:attachment":[{"href":"https:\/\/www.kinegua.com\/en\/wp-json\/wp\/v2\/media?parent=557"}],"curies":[{"name":"wp","href":"https:\/\/api.w.org\/{rel}","templated":true}]}}