{"id":1534,"date":"2018-08-27T22:40:25","date_gmt":"2018-08-27T22:40:25","guid":{"rendered":"https:\/\/www.kinegua.com\/politica-de-privacidad\/"},"modified":"2018-08-28T14:23:23","modified_gmt":"2018-08-28T14:23:23","slug":"politique-de-confidentialite","status":"publish","type":"page","link":"https:\/\/www.kinegua.com\/fr\/politique-de-confidentialite\/","title":{"rendered":"Politique de confidentialit\u00e9"},"content":{"rendered":"<p>En cumplimiento de lo establecido en la Ley Org\u00e1nica 15\/1999, de 13 de diciembre, de Protecci\u00f3n de Datos de Car\u00e1cter Personal, le informamos que, mediante la cumplimentaci\u00f3n del presente formulario, sus datos personales quedar\u00e1n incorporados y ser\u00e1n tratados en un fichero automatizado denominado Formulario Web, titularidad de KINEGUA con la finalidad de poder gestionar su solicitud, as\u00ed como para mantenerle informado de futuras promociones, noticias y novedades relacionadas con el sector.<\/p>\n<p>kinegua.com se compromete a tratar de forma confidencial los datos de car\u00e1cter personal facilitados y a no comunicar o ceder dicha informaci\u00f3n a terceros.<\/p>\n<p>Usted podr\u00e1 de forma libre y voluntaria facilitar la informaci\u00f3n que se le pide en los formularios salvo en los campos que aparecen como obligatorios. La no introducci\u00f3n de la informaci\u00f3n solicitada como obligatoria podr\u00e1 tener como consecuencia que no pueda atenderse su solicitud.<\/p>\n<p>A su vez, y en virtud de lo establecido en la Ley 34\/2002, de 11 de julio, de Servicios de la Sociedad de la Informaci\u00f3n y de Comercio electr\u00f3nico KINEGUA informa que podr\u00e1 utilizar las direcciones de correo electr\u00f3nico facilitadas, para remitirte informaci\u00f3n acerca de sus productos y servicios, avisos y ofertas y, en general, informaci\u00f3n de car\u00e1cter comercial de inter\u00e9s relativa a la actividad de la empresa.<\/p>\n<p>Asimismo, le informamos de la posibilidad que tiene de ejercer los derechos de acceso, rectificaci\u00f3n, cancelaci\u00f3n y oposici\u00f3n de sus datos de car\u00e1cter personal mediante correo electr\u00f3nico dirigido a:&nbsp;<a href=\"mailto:info@kinegua.com\">info@kinegua.com<\/a><\/p>\n","protected":false},"excerpt":{"rendered":"<p>En cumplimiento de lo establecido en la Ley Org\u00e1nica 15\/1999, de 13 de diciembre, de Protecci\u00f3n de Datos de Car\u00e1cter Personal, le informamos que, mediante la cumplimentaci\u00f3n del presente formulario, sus datos personales quedar\u00e1n incorporados y ser\u00e1n tratados en un fichero automatizado denominado Formulario Web, titularidad de KINEGUA con la&#8230;<\/p>\n","protected":false},"author":2,"featured_media":0,"parent":0,"menu_order":0,"comment_status":"closed","ping_status":"closed","template":"","meta":{"_monsterinsights_skip_tracking":false,"_monsterinsights_sitenote_active":false,"_monsterinsights_sitenote_note":"","_monsterinsights_sitenote_category":0,"ngg_post_thumbnail":0,"footnotes":""},"class_list":["post-1534","page","type-page","status-publish","hentry"],"_links":{"self":[{"href":"https:\/\/www.kinegua.com\/fr\/wp-json\/wp\/v2\/pages\/1534","targetHints":{"allow":["GET"]}}],"collection":[{"href":"https:\/\/www.kinegua.com\/fr\/wp-json\/wp\/v2\/pages"}],"about":[{"href":"https:\/\/www.kinegua.com\/fr\/wp-json\/wp\/v2\/types\/page"}],"author":[{"embeddable":true,"href":"https:\/\/www.kinegua.com\/fr\/wp-json\/wp\/v2\/users\/2"}],"replies":[{"embeddable":true,"href":"https:\/\/www.kinegua.com\/fr\/wp-json\/wp\/v2\/comments?post=1534"}],"version-history":[{"count":1,"href":"https:\/\/www.kinegua.com\/fr\/wp-json\/wp\/v2\/pages\/1534\/revisions"}],"predecessor-version":[{"id":1535,"href":"https:\/\/www.kinegua.com\/fr\/wp-json\/wp\/v2\/pages\/1534\/revisions\/1535"}],"wp:attachment":[{"href":"https:\/\/www.kinegua.com\/fr\/wp-json\/wp\/v2\/media?parent=1534"}],"curies":[{"name":"wp","href":"https:\/\/api.w.org\/{rel}","templated":true}]}}