{"id":685,"date":"2014-11-17T00:56:28","date_gmt":"2014-11-17T00:56:28","guid":{"rendered":"http:\/\/www.kinegua.com\/el-lugar-3\/"},"modified":"2015-04-19T12:24:21","modified_gmt":"2015-04-19T12:24:21","slug":"el-lugar","status":"publish","type":"page","link":"https:\/\/www.kinegua.com\/fr\/el-lugar\/","title":{"rendered":"LE LIEU"},"content":{"rendered":"<div id=\"pl-685\"  class=\"panel-layout\" ><div id=\"pg-685-0\"  class=\"panel-grid panel-no-style\" ><div id=\"pgc-685-0-0\"  class=\"panel-grid-cell\" ><div id=\"panel-685-0-0-0\" class=\"so-panel widget widget_black-studio-tinymce widget_black_studio_tinymce panel-first-child panel-last-child\" data-index=\"0\" ><div class=\"textwidget\"><p><img loading=\"lazy\" decoding=\"async\" class=\"alignleft wp-image-73 size-full\" src=\"https:\/\/www.kinegua.com\/wp-content\/uploads\/2014\/11\/fuerteventura-unesco.jpg\" alt=\"fuerteventura-unesco\" width=\"150\" height=\"130\" \/>Fuerteventura est une \u00eele de l'archipel des Canaries, situ\u00e9 dans l'oc\u00e9an Atlantique, 97 kms de la c\u00f4te nord-ouest de l'Afrique. Il s'agit de la deuxi\u00e8me plus grande \u00eele apr\u00e8s T\u00e9n\u00e9rife. Le nom indig\u00e8ne de l'\u00eele \u00e9tait \"Erbani\" avec ses deux comt\u00e9s \"Jandia\" et \"Maxorata\" \u00e0 partir de laquelle d\u00e9rive l'adjectif Fuerteventura. <strong>Le 26 mai 2009, a \u00e9t\u00e9 Fuerteventura d\u00e9clar\u00e9 r\u00e9serve de biosph\u00e8re par l'UNESCO.<\/strong><\/p>\n<p><strong>Lajares,<\/strong> ville paisible et dispers\u00e9e dans le nord de Fuerteventura, il est entour\u00e9 de volcans et \u00e0 seulement quelques minutes de fantastiques plages de sable blanc. Sa population est particuli\u00e8re et h\u00e9t\u00e9rog\u00e8ne. Les gens de diff\u00e9rentes nationalit\u00e9s vivent dans Lajares, car il est un lieu singulier: un paysage nu qui vous permet de rester expos\u00e9 au soleil, ciel, vent, de la lave et \u00e0 proximit\u00e9 de l'oc\u00e9an. Lajares offre tous les services de base: \u00e9cole, pharmacie, commerces, restaurants, supermarch\u00e9s, distributeurs de billets, l'anneau de sable (\u00e0 pratiquer la version local de lutte) et, \u00e9videmment, de surf et autres sports nautiques magasins.<\/p>\n<p style=\"float: right;\"><a id=\"img-siguiente-pag_fr\" title=\"Suivant\" href=\"https:\/\/www.kinegua.com\/fr\/el-lugar-2\">Suivant<\/a><\/p>\n<\/div><\/div><\/div><div id=\"pgc-685-0-1\"  class=\"panel-grid-cell\" ><div id=\"panel-685-0-1-0\" class=\"so-panel widget widget_black-studio-tinymce widget_black_studio_tinymce panel-first-child panel-last-child\" data-index=\"1\" ><div class=\"textwidget\"><div class=\"imgen_submenu_lateral_2\"><span id=\"foto1_fr\" title=\"Kinegua - Qu\u00e9 hacer en Fuerteventura\">La isla en imagenes<\/span> <a id=\"foto2_fr\" href=\"https:\/\/www.kinegua.com\/fr\/que-hacer-en-fuerteventura\">Qu\u00e9 hacer en Fuerteventura<\/a><\/div>\n<div class=\"imgen_submenu_lateral_2\"><a id=\"foto3_fr\" title=\"C\u00f3mo llegar a Kinegua\" href=\"https:\/\/www.kinegua.com\/fr\/como-llegar\">C\u00f3mo llegar<\/a> <a id=\"foto4_fr\" title=\"Kinegua - Links de inter\u00e9s\" href=\"https:\/\/www.kinegua.com\/fr\/links-de-interes\">Links de inter\u00e9s<\/a><\/div>\n<\/div><\/div><\/div><\/div><\/div>","protected":false},"excerpt":{"rendered":"<p>Fuerteventura est une \u00eele de l&rsquo;archipel des Canaries, situ\u00e9 dans l&rsquo;oc\u00e9an Atlantique, 97 kms de la c\u00f4te nord-ouest de l&rsquo;Afrique. Il s&rsquo;agit de la deuxi\u00e8me plus grande \u00eele apr\u00e8s T\u00e9n\u00e9rife. Le nom indig\u00e8ne de l&rsquo;\u00eele \u00e9tait \u00ab\u00a0Erbani\u00a0\u00bb avec ses deux comt\u00e9s \u00ab\u00a0Jandia\u00a0\u00bb et \u00ab\u00a0Maxorata\u00a0\u00bb \u00e0 partir de laquelle d\u00e9rive l&rsquo;adjectif&#8230;<\/p>\n","protected":false},"author":1,"featured_media":0,"parent":0,"menu_order":0,"comment_status":"open","ping_status":"open","template":"","meta":{"_monsterinsights_skip_tracking":false,"_monsterinsights_sitenote_active":false,"_monsterinsights_sitenote_note":"","_monsterinsights_sitenote_category":0,"ngg_post_thumbnail":0,"footnotes":""},"class_list":["post-685","page","type-page","status-publish","hentry"],"_links":{"self":[{"href":"https:\/\/www.kinegua.com\/fr\/wp-json\/wp\/v2\/pages\/685","targetHints":{"allow":["GET"]}}],"collection":[{"href":"https:\/\/www.kinegua.com\/fr\/wp-json\/wp\/v2\/pages"}],"about":[{"href":"https:\/\/www.kinegua.com\/fr\/wp-json\/wp\/v2\/types\/page"}],"author":[{"embeddable":true,"href":"https:\/\/www.kinegua.com\/fr\/wp-json\/wp\/v2\/users\/1"}],"replies":[{"embeddable":true,"href":"https:\/\/www.kinegua.com\/fr\/wp-json\/wp\/v2\/comments?post=685"}],"version-history":[{"count":3,"href":"https:\/\/www.kinegua.com\/fr\/wp-json\/wp\/v2\/pages\/685\/revisions"}],"predecessor-version":[{"id":1164,"href":"https:\/\/www.kinegua.com\/fr\/wp-json\/wp\/v2\/pages\/685\/revisions\/1164"}],"wp:attachment":[{"href":"https:\/\/www.kinegua.com\/fr\/wp-json\/wp\/v2\/media?parent=685"}],"curies":[{"name":"wp","href":"https:\/\/api.w.org\/{rel}","templated":true}]}}