{"id":688,"date":"2014-11-19T14:09:52","date_gmt":"2014-11-19T14:09:52","guid":{"rendered":"http:\/\/www.kinegua.com\/el-lugar-2-2\/"},"modified":"2015-04-19T12:28:17","modified_gmt":"2015-04-19T12:28:17","slug":"el-lugar-2","status":"publish","type":"page","link":"https:\/\/www.kinegua.com\/fr\/el-lugar-2\/","title":{"rendered":"LE LIEU"},"content":{"rendered":"<div id=\"pl-688\"  class=\"panel-layout\" ><div id=\"pg-688-0\"  class=\"panel-grid panel-no-style\" ><div id=\"pgc-688-0-0\"  class=\"panel-grid-cell\" ><div id=\"panel-688-0-0-0\" class=\"so-panel widget widget_black-studio-tinymce widget_black_studio_tinymce panel-first-child panel-last-child\" data-index=\"0\" ><div class=\"textwidget\"><p><img loading=\"lazy\" decoding=\"async\" class=\"alignleft wp-image-85\" src=\"https:\/\/www.kinegua.com\/wp-content\/uploads\/2014\/11\/lajares-300x152.jpg\" alt=\"lajares\" width=\"220\" height=\"112\" srcset=\"https:\/\/www.kinegua.com\/wp-content\/uploads\/2014\/11\/lajares-300x152.jpg 300w, https:\/\/www.kinegua.com\/wp-content\/uploads\/2014\/11\/lajares-1024x519.jpg 1024w, https:\/\/www.kinegua.com\/wp-content\/uploads\/2014\/11\/lajares-630x319.jpg 630w, https:\/\/www.kinegua.com\/wp-content\/uploads\/2014\/11\/lajares.jpg 1112w\" sizes=\"auto, (max-width: 220px) 100vw, 220px\" \/>Alternatives de loisirs Autres comprennent la randonn\u00e9e p\u00e9destre, v\u00e9lo, itin\u00e9raires volcans, plong\u00e9e sous-marine, ... en g\u00e9n\u00e9ral tout rapport avec la nature, l'eau, \u00e0 l'ext\u00e9rieur, ... l'horizon!.<\/p>\n<p align=\"center\"><strong>Un endroit id\u00e9al pour sourire, dormir, regarder et cr\u00e9er.<\/strong><\/p>\n<p style=\"text-align: left;\"><a id=\"img-anterior_fr\" style=\"margin-left: 0px;\" title=\"Retour\" href=\"https:\/\/www.kinegua.com\/fr\/el-lugar\">Retour<\/a><\/p>\n<\/div><\/div><\/div><div id=\"pgc-688-0-1\"  class=\"panel-grid-cell\" ><div id=\"panel-688-0-1-0\" class=\"so-panel widget widget_black-studio-tinymce widget_black_studio_tinymce panel-first-child panel-last-child\" data-index=\"1\" ><div class=\"textwidget\"><div class=\"imgen_submenu_lateral_2\"><span id=\"foto1_fr\" title=\"Kinegua - Qu\u00e9 hacer en Fuerteventura\">La isla en imagenes<\/span> <a id=\"foto2_fr\" href=\"https:\/\/www.kinegua.com\/fr\/que-hacer-en-fuerteventura\">Qu\u00e9 hacer en Fuerteventura<\/a><\/div>\n<div class=\"imgen_submenu_lateral_2\"><a id=\"foto3_fr\" title=\"C\u00f3mo llegar a Kinegua\" href=\"https:\/\/www.kinegua.com\/fr\/como-llegar\">C\u00f3mo llegar<\/a> <a id=\"foto4_fr\" title=\"Kinegua - Links de inter\u00e9s\" href=\"https:\/\/www.kinegua.com\/fr\/links-de-interes\">Links de inter\u00e9s<\/a><\/div>\n<\/div><\/div><\/div><\/div><\/div>","protected":false},"excerpt":{"rendered":"<p>Alternatives de loisirs Autres comprennent la randonn\u00e9e p\u00e9destre, v\u00e9lo, itin\u00e9raires volcans, plong\u00e9e sous-marine, &#8230; en g\u00e9n\u00e9ral tout rapport avec la nature, l&rsquo;eau, \u00e0 l&rsquo;ext\u00e9rieur, &#8230; l&rsquo;horizon!. Un endroit id\u00e9al pour sourire, dormir, regarder et cr\u00e9er. Retour La isla en imagenes Qu\u00e9 hacer en Fuerteventura C\u00f3mo llegar Links de inter\u00e9s<\/p>\n","protected":false},"author":1,"featured_media":0,"parent":0,"menu_order":0,"comment_status":"open","ping_status":"open","template":"","meta":{"_monsterinsights_skip_tracking":false,"_monsterinsights_sitenote_active":false,"_monsterinsights_sitenote_note":"","_monsterinsights_sitenote_category":0,"ngg_post_thumbnail":0,"footnotes":""},"class_list":["post-688","page","type-page","status-publish","hentry"],"_links":{"self":[{"href":"https:\/\/www.kinegua.com\/fr\/wp-json\/wp\/v2\/pages\/688","targetHints":{"allow":["GET"]}}],"collection":[{"href":"https:\/\/www.kinegua.com\/fr\/wp-json\/wp\/v2\/pages"}],"about":[{"href":"https:\/\/www.kinegua.com\/fr\/wp-json\/wp\/v2\/types\/page"}],"author":[{"embeddable":true,"href":"https:\/\/www.kinegua.com\/fr\/wp-json\/wp\/v2\/users\/1"}],"replies":[{"embeddable":true,"href":"https:\/\/www.kinegua.com\/fr\/wp-json\/wp\/v2\/comments?post=688"}],"version-history":[{"count":3,"href":"https:\/\/www.kinegua.com\/fr\/wp-json\/wp\/v2\/pages\/688\/revisions"}],"predecessor-version":[{"id":1165,"href":"https:\/\/www.kinegua.com\/fr\/wp-json\/wp\/v2\/pages\/688\/revisions\/1165"}],"wp:attachment":[{"href":"https:\/\/www.kinegua.com\/fr\/wp-json\/wp\/v2\/media?parent=688"}],"curies":[{"name":"wp","href":"https:\/\/api.w.org\/{rel}","templated":true}]}}