{"id":694,"date":"2014-11-22T01:05:12","date_gmt":"2014-11-22T01:05:12","guid":{"rendered":"http:\/\/www.kinegua.com\/que-hacer-en-fuerteventura-2\/"},"modified":"2015-04-19T12:35:49","modified_gmt":"2015-04-19T12:35:49","slug":"que-hacer-en-fuerteventura","status":"publish","type":"page","link":"https:\/\/www.kinegua.com\/fr\/que-hacer-en-fuerteventura\/","title":{"rendered":"Que faire \u00e0 Fuerteventura"},"content":{"rendered":"<div id=\"pl-694\"  class=\"panel-layout\" ><div id=\"pg-694-0\"  class=\"panel-grid panel-no-style\" ><div id=\"pgc-694-0-0\"  class=\"panel-grid-cell\" ><div id=\"panel-694-0-0-0\" class=\"so-panel widget widget_black-studio-tinymce widget_black_studio_tinymce panel-first-child panel-last-child\" data-index=\"0\" ><div class=\"textwidget\"><p>Les options sont nombreuses et vari\u00e9es: sports nautiques, visites culturelles, gastronomie, paysages naturels...<\/p>\n<p>Certaines id\u00e9es qui apparaissent \u00e0 continuation ont \u00e9t\u00e9 sugg\u00e9r\u00e9es par les visiteurs de Kinegua. Donnez-nous les v\u00f4tres!<\/p>\n<ul>\n<li class=\"textos_negrita\"><strong>Plages de visite obligatoire: <\/strong>Cofete, Sotavento, Dunas de Corralejo, Cotillo, Matorral<strong><br \/>\n<\/strong><\/li>\n<li class=\"textos_negrita\"><strong>Cueva del Llano \u00e0 Villaverde.<\/strong> Id\u00e9al pour y aller avec les enfants!<\/li>\n<li class=\"textos_negrita\"><strong>Monter depuis Kinegua au volcan \"Monta\u00f1a Colorada\".<\/strong> Une heure de promenade et panoramique du nord de l'\u00eele. N'oublier pas d'amener des cacahu\u00e8tes ou similaire pour les \u00e9cureuils du crat\u00e8re!<\/li>\n<li class=\"textos_negrita\"><strong> Sous marinisme, Kite surf, Wind surf et Surf...<\/strong> D'excellentes conditions pour\u2026<\/li>\n<li class=\"textos_negrita\"><strong>Montagne de Tindaya.<\/strong> Visite guid\u00e9e<\/li>\n<li class=\"textos_negrita\"><strong>L'\u00eele de Lobos.<\/strong> Nature sauvage.<\/li>\n<li class=\"textos_negrita\"><strong>Phare de Cotillo.<\/strong> R\u00e9novation int\u00e9gr\u00e9e dans le paysage<\/li>\n<li class=\"textos_negrita\"><strong>Mus\u00e9e de la Maison de Miguel de Unamuno<\/strong>. (C\u00e9l\u00e8bre \u00e9crivain espagnol) \"Un oasis dans le d\u00e9sert de la civilisation\"<\/li>\n<\/ul>\n<\/div><\/div><\/div><div id=\"pgc-694-0-1\"  class=\"panel-grid-cell\" ><div id=\"panel-694-0-1-0\" class=\"so-panel widget widget_black-studio-tinymce widget_black_studio_tinymce panel-first-child panel-last-child\" data-index=\"1\" ><div class=\"textwidget\"><div class=\"imgen_submenu_lateral_2\"><a id=\"foto1_fr\" title=\"Kinegua - Ls isla en im\u00e1genes\" href=\"https:\/\/www.kinegua.com\/fr\/la-isla-en-imagenes\">La isla en imagenes<\/a><span id=\"foto2_fr\" title=\"Kinegua - Qu\u00e9 hacer en Fuerteventura\">Qu\u00e9 hacer en Fuerteventura<\/span><\/div>\n<div class=\"imgen_submenu_lateral_2\"><a id=\"foto3_fr\" title=\"C\u00f3mo llegar a Kinegua\" href=\"https:\/\/www.kinegua.com\/fr\/como-llegar\">C\u00f3mo llegar<\/a> <a id=\"foto4_fr\" title=\"Kinegua - Links de inter\u00e9s\" href=\"https:\/\/www.kinegua.com\/fr\/links-de-interes\">Links de inter\u00e9s<\/a><\/div>\n<\/div><\/div><\/div><\/div><\/div>","protected":false},"excerpt":{"rendered":"<p>Les options sont nombreuses et vari\u00e9es: sports nautiques, visites culturelles, gastronomie, paysages naturels&#8230; Certaines id\u00e9es qui apparaissent \u00e0 continuation ont \u00e9t\u00e9 sugg\u00e9r\u00e9es par les visiteurs de Kinegua. Donnez-nous les v\u00f4tres! Plages de visite obligatoire: Cofete, Sotavento, Dunas de Corralejo, Cotillo, Matorral Cueva del Llano \u00e0 Villaverde. Id\u00e9al pour y aller&#8230;<\/p>\n","protected":false},"author":1,"featured_media":0,"parent":0,"menu_order":0,"comment_status":"open","ping_status":"open","template":"","meta":{"_monsterinsights_skip_tracking":false,"_monsterinsights_sitenote_active":false,"_monsterinsights_sitenote_note":"","_monsterinsights_sitenote_category":0,"ngg_post_thumbnail":0,"footnotes":""},"class_list":["post-694","page","type-page","status-publish","hentry"],"_links":{"self":[{"href":"https:\/\/www.kinegua.com\/fr\/wp-json\/wp\/v2\/pages\/694","targetHints":{"allow":["GET"]}}],"collection":[{"href":"https:\/\/www.kinegua.com\/fr\/wp-json\/wp\/v2\/pages"}],"about":[{"href":"https:\/\/www.kinegua.com\/fr\/wp-json\/wp\/v2\/types\/page"}],"author":[{"embeddable":true,"href":"https:\/\/www.kinegua.com\/fr\/wp-json\/wp\/v2\/users\/1"}],"replies":[{"embeddable":true,"href":"https:\/\/www.kinegua.com\/fr\/wp-json\/wp\/v2\/comments?post=694"}],"version-history":[{"count":3,"href":"https:\/\/www.kinegua.com\/fr\/wp-json\/wp\/v2\/pages\/694\/revisions"}],"predecessor-version":[{"id":1167,"href":"https:\/\/www.kinegua.com\/fr\/wp-json\/wp\/v2\/pages\/694\/revisions\/1167"}],"wp:attachment":[{"href":"https:\/\/www.kinegua.com\/fr\/wp-json\/wp\/v2\/media?parent=694"}],"curies":[{"name":"wp","href":"https:\/\/api.w.org\/{rel}","templated":true}]}}