{"id":697,"date":"2014-11-22T01:17:53","date_gmt":"2014-11-22T01:17:53","guid":{"rendered":"http:\/\/www.kinegua.com\/links-de-interes-2\/"},"modified":"2015-04-19T12:49:46","modified_gmt":"2015-04-19T12:49:46","slug":"links-de-interes","status":"publish","type":"page","link":"https:\/\/www.kinegua.com\/fr\/links-de-interes\/","title":{"rendered":"Liens"},"content":{"rendered":"<div id=\"pl-697\"  class=\"panel-layout\" ><div id=\"pg-697-0\"  class=\"panel-grid panel-no-style\" ><div id=\"pgc-697-0-0\"  class=\"panel-grid-cell\" ><div id=\"panel-697-0-0-0\" class=\"so-panel widget widget_black-studio-tinymce widget_black_studio_tinymce panel-first-child panel-last-child\" data-index=\"0\" ><div class=\"textwidget\"><ul>\n<li class=\"links_interes\">Information touristique:<br \/>\n<a href=\"http:\/\/www.fuerteventuraturismo.com\/\" target=\"_blank\">http:\/\/www.fuerteventuraturismo.com\/<\/a><\/li>\n<li class=\"links_interes\">Location de voiture:<br \/>\n<a href=\"http:\/\/www.top-car-hire.com\/\" target=\"_blank\">http:\/\/www.top-car-hire.com\/<\/a><\/li>\n<li class=\"links_interes\">Information locale:<br \/>\n<a href=\"http:\/\/www.laoliva.es\" target=\"_blank\">http:\/\/www.laoliva.es\/<\/a><\/li>\n<li class=\"links_interes\">Mus\u00e9es:<br \/>\n<a href=\"http:\/\/www.cabildofuer.es\" target=\"_blank\">http:\/\/www.cabildofuer.es\/<\/a><\/li>\n<li class=\"links_interes\">Plages:<br \/>\n<a href=\"http:\/\/www.mma.es\/playas\/html\/p\/todas\/fu.htm\" target=\"_blank\">http:\/\/www.mma.es\/playas\/html\/p\/todas\/fu.htm<\/a><\/li>\n<li class=\"links_interes\">Apprenez \u00e0 surfer:<br \/>\n<a href=\"http:\/\/www.joyas-surf.com\/\" target=\"_blank\">http:\/\/www.joyas-surf.com\/<\/a><\/li>\n<li class=\"links_interes\">Gastronomie:<br \/>\n<a href=\"http:\/\/www.larutadelbuenyantar.com\/marcos.html\" target=\"_blank\">http:\/\/www.larutadelbuenyantar.com\/marcos.html<br \/>\n<\/a><a href=\"http:\/\/www.quesomajorero.es\/\" target=\"_blank\">http:\/\/www.quesomajorero.es\/<\/a><\/li>\n<\/ul>\n<p>&nbsp;<\/p>\n<\/div><\/div><\/div><div id=\"pgc-697-0-1\"  class=\"panel-grid-cell\" ><div id=\"panel-697-0-1-0\" class=\"so-panel widget widget_black-studio-tinymce widget_black_studio_tinymce panel-first-child panel-last-child\" data-index=\"1\" ><div class=\"textwidget\"><div class=\"imgen_submenu_lateral_2\"><a id=\"foto1_fr\" title=\"Kinegua - La isla en im\u00e1genes\" href=\"https:\/\/www.kinegua.com\/fr\/la-isla-en-imagenes\">La isla en imagenes<\/a><a id=\"foto2_fr\" title=\"Kinegua - Qu\u00e9 hacer en Fuerteventura\" href=\"https:\/\/www.kinegua.com\/fr\/que-hacer-en-fuerteventura\">Qu\u00e9 hacer en Fuerteventura<\/a><\/div>\n<div class=\"imgen_submenu_lateral_2\"><a id=\"foto3_fr\" title=\"C\u00f3mo llegar a Kinegua\" href=\"https:\/\/www.kinegua.com\/fr\/como-llegar\">C\u00f3mo llegar<\/a><span id=\"foto4_fr\" title=\"Kinegua - Links de inter\u00e9s\">Links de inter\u00e9s<\/span><\/div>\n<\/div><\/div><\/div><\/div><\/div>","protected":false},"excerpt":{"rendered":"<p>Information touristique: http:\/\/www.fuerteventuraturismo.com\/ Location de voiture: http:\/\/www.top-car-hire.com\/ Information locale: http:\/\/www.laoliva.es\/ Mus\u00e9es: http:\/\/www.cabildofuer.es\/ Plages: http:\/\/www.mma.es\/playas\/html\/p\/todas\/fu.htm Apprenez \u00e0 surfer: http:\/\/www.joyas-surf.com\/ Gastronomie: http:\/\/www.larutadelbuenyantar.com\/marcos.html http:\/\/www.quesomajorero.es\/ &nbsp; La isla en imagenesQu\u00e9 hacer en Fuerteventura C\u00f3mo llegarLinks de inter\u00e9s<\/p>\n","protected":false},"author":1,"featured_media":0,"parent":0,"menu_order":0,"comment_status":"open","ping_status":"open","template":"","meta":{"_monsterinsights_skip_tracking":false,"_monsterinsights_sitenote_active":false,"_monsterinsights_sitenote_note":"","_monsterinsights_sitenote_category":0,"ngg_post_thumbnail":0,"footnotes":""},"class_list":["post-697","page","type-page","status-publish","hentry"],"_links":{"self":[{"href":"https:\/\/www.kinegua.com\/fr\/wp-json\/wp\/v2\/pages\/697","targetHints":{"allow":["GET"]}}],"collection":[{"href":"https:\/\/www.kinegua.com\/fr\/wp-json\/wp\/v2\/pages"}],"about":[{"href":"https:\/\/www.kinegua.com\/fr\/wp-json\/wp\/v2\/types\/page"}],"author":[{"embeddable":true,"href":"https:\/\/www.kinegua.com\/fr\/wp-json\/wp\/v2\/users\/1"}],"replies":[{"embeddable":true,"href":"https:\/\/www.kinegua.com\/fr\/wp-json\/wp\/v2\/comments?post=697"}],"version-history":[{"count":3,"href":"https:\/\/www.kinegua.com\/fr\/wp-json\/wp\/v2\/pages\/697\/revisions"}],"predecessor-version":[{"id":1168,"href":"https:\/\/www.kinegua.com\/fr\/wp-json\/wp\/v2\/pages\/697\/revisions\/1168"}],"wp:attachment":[{"href":"https:\/\/www.kinegua.com\/fr\/wp-json\/wp\/v2\/media?parent=697"}],"curies":[{"name":"wp","href":"https:\/\/api.w.org\/{rel}","templated":true}]}}