{"id":700,"date":"2014-11-22T09:49:53","date_gmt":"2014-11-22T09:49:53","guid":{"rendered":"http:\/\/www.kinegua.com\/como-llegar-2\/"},"modified":"2015-05-07T14:50:04","modified_gmt":"2015-05-07T14:50:04","slug":"como-llegar","status":"publish","type":"page","link":"https:\/\/www.kinegua.com\/fr\/como-llegar\/","title":{"rendered":"Pour y arriver"},"content":{"rendered":"<div id=\"pl-700\"  class=\"panel-layout\" ><div id=\"pg-700-0\"  class=\"panel-grid panel-no-style\" ><div id=\"pgc-700-0-0\"  class=\"panel-grid-cell\" ><div id=\"panel-700-0-0-0\" class=\"so-panel widget widget_black-studio-tinymce widget_black_studio_tinymce panel-first-child panel-last-child\" data-index=\"0\" ><div class=\"textwidget\"><p class=\"texto\"><b><a href=\"https:\/\/www.google.es\/maps\/place\/28%C2%B041%2718.8%22N+13%C2%B055%2737.5%22W\/@28.688557,-13.927075,354m\/data=!3m2!1e3!4b1!4m2!3m1!1s0x0:0x0!6m1!1e1\" target=\"_blank\"><img loading=\"lazy\" decoding=\"async\" class=\"alignleft wp-image-148\" src=\"https:\/\/www.kinegua.com\/wp-content\/uploads\/2014\/11\/mapa-292x300.png\" alt=\"mapa\" width=\"164\" height=\"168\" srcset=\"https:\/\/www.kinegua.com\/wp-content\/uploads\/2014\/11\/mapa-292x300.png 292w, https:\/\/www.kinegua.com\/wp-content\/uploads\/2014\/11\/mapa-55x55.png 55w, https:\/\/www.kinegua.com\/wp-content\/uploads\/2014\/11\/mapa.png 314w\" sizes=\"auto, (max-width: 164px) 100vw, 164px\" \/><\/a><\/b><strong>De l'a\u00e9roport<\/strong> il ya 3 fa\u00e7ons possibles pour arriver \u00e0 Kinegua. Tout d'entre eux prendra environ 30 \u00e0 40 minutes en voiture.<\/p>\n<p>1. Int\u00e9rieur<br \/>\n2. Par la c\u00f4te *<br \/>\n3. M\u00e9lange: Inland et par la c\u00f4te<\/p>\n<p>Avant votre arriv\u00e9e, nous vous enverrons une explication d\u00e9taill\u00e9e de chacun d'eux, de sorte que vous pouvez choisir l'itin\u00e9raire que vous voulez.<\/p>\n<p>Cliquez <a href=\"https:\/\/www.google.es\/maps\/place\/28%C2%B041%2718.8%22N+13%C2%B055%2737.5%22W\/@28.688557,-13.927075,354m\/data=!3m2!1e3!4b1!4m2!3m1!1s0x0:0x0!6m1!1e1\" target=\"_blank\">ici<\/a> pour acc\u00e9der \u00e0 la feuille de route de l'\u00eele. Kinegua est \u00e0 la fl\u00e8che verte. .<\/p>\n<p>* De Lanzarote, 2 voies<\/p>\n<\/div><\/div><\/div><div id=\"pgc-700-0-1\"  class=\"panel-grid-cell\" ><div id=\"panel-700-0-1-0\" class=\"so-panel widget widget_black-studio-tinymce widget_black_studio_tinymce panel-first-child panel-last-child\" data-index=\"1\" ><div class=\"textwidget\"><div class=\"imgen_submenu_lateral_2\"><a id=\"foto1_fr\" title=\"Kinegua - Qu\u00e9 hacer en Fuerteventura\" href=\"https:\/\/www.kinegua.com\/fr\/la-isla-en-imagenes\">La isla en imagenes<\/a><a id=\"foto2_fr\" href=\"https:\/\/www.kinegua.com\/fr\/que-hacer-en-fuerteventura\">Qu\u00e9 hacer en Fuerteventura<\/a><\/div>\n<div class=\"imgen_submenu_lateral_2\"><span id=\"foto3_fr\" title=\"C\u00f3mo llegar a Kinegua\">C\u00f3mo llegar<\/span><a id=\"foto4_fr\" title=\"Kinegua - Links de inter\u00e9s\" href=\"https:\/\/www.kinegua.com\/fr\/links-de-interes\">Links de inter\u00e9s<\/a><\/div>\n<\/div><\/div><\/div><\/div><\/div>","protected":false},"excerpt":{"rendered":"<p>De l&rsquo;a\u00e9roport il ya 3 fa\u00e7ons possibles pour arriver \u00e0 Kinegua. Tout d&rsquo;entre eux prendra environ 30 \u00e0 40 minutes en voiture. 1. Int\u00e9rieur 2. Par la c\u00f4te * 3. M\u00e9lange: Inland et par la c\u00f4te Avant votre arriv\u00e9e, nous vous enverrons une explication d\u00e9taill\u00e9e de chacun d&rsquo;eux, de sorte&#8230;<\/p>\n","protected":false},"author":1,"featured_media":0,"parent":0,"menu_order":0,"comment_status":"open","ping_status":"open","template":"","meta":{"_monsterinsights_skip_tracking":false,"_monsterinsights_sitenote_active":false,"_monsterinsights_sitenote_note":"","_monsterinsights_sitenote_category":0,"ngg_post_thumbnail":0,"footnotes":""},"class_list":["post-700","page","type-page","status-publish","hentry"],"_links":{"self":[{"href":"https:\/\/www.kinegua.com\/fr\/wp-json\/wp\/v2\/pages\/700","targetHints":{"allow":["GET"]}}],"collection":[{"href":"https:\/\/www.kinegua.com\/fr\/wp-json\/wp\/v2\/pages"}],"about":[{"href":"https:\/\/www.kinegua.com\/fr\/wp-json\/wp\/v2\/types\/page"}],"author":[{"embeddable":true,"href":"https:\/\/www.kinegua.com\/fr\/wp-json\/wp\/v2\/users\/1"}],"replies":[{"embeddable":true,"href":"https:\/\/www.kinegua.com\/fr\/wp-json\/wp\/v2\/comments?post=700"}],"version-history":[{"count":5,"href":"https:\/\/www.kinegua.com\/fr\/wp-json\/wp\/v2\/pages\/700\/revisions"}],"predecessor-version":[{"id":1270,"href":"https:\/\/www.kinegua.com\/fr\/wp-json\/wp\/v2\/pages\/700\/revisions\/1270"}],"wp:attachment":[{"href":"https:\/\/www.kinegua.com\/fr\/wp-json\/wp\/v2\/media?parent=700"}],"curies":[{"name":"wp","href":"https:\/\/api.w.org\/{rel}","templated":true}]}}