{"id":703,"date":"2015-01-05T19:53:23","date_gmt":"2015-01-05T19:53:23","guid":{"rendered":"http:\/\/www.kinegua.com\/la-casa-2\/"},"modified":"2015-04-19T13:14:25","modified_gmt":"2015-04-19T13:14:25","slug":"la-casa","status":"publish","type":"page","link":"https:\/\/www.kinegua.com\/fr\/la-casa\/","title":{"rendered":"LA MAISON"},"content":{"rendered":"<div id=\"pl-703\"  class=\"panel-layout\" ><div id=\"pg-703-0\"  class=\"panel-grid panel-no-style\" ><div id=\"pgc-703-0-0\"  class=\"panel-grid-cell\" ><div id=\"panel-703-0-0-0\" class=\"so-panel widget widget_black-studio-tinymce widget_black_studio_tinymce panel-first-child panel-last-child\" data-index=\"0\" ><div class=\"textwidget\"><div class=\"imgen_submenu_lateral\"><a id=\"foto5_fr\" title=\"Interior y exterior\" href=\"https:\/\/www.kinegua.com\/fr\/imagenes-interior-y-exterior\">Interior y exterior<\/a> <a id=\"foto6_fr\" title=\"Conceptos. Fluidez y versatilidad\" href=\"https:\/\/www.kinegua.com\/fr\/conceptos-fluidez-y-versatilidad\">Conceptos.Fluidez y versatilidad<\/a> <a id=\"foto7_fr\" title=\"Contenido. Programa y equipamiento\" href=\"https:\/\/www.kinegua.com\/fr\/contenido-programa-y-equipamiento\">Conenido. Programa y equipamiento<\/a><\/div>\n<\/div><\/div><\/div><div id=\"pgc-703-0-1\"  class=\"panel-grid-cell\" ><div id=\"panel-703-0-1-0\" class=\"so-panel widget widget_black-studio-tinymce widget_black_studio_tinymce panel-first-child panel-last-child\" data-index=\"1\" ><div class=\"textwidget\"><p><strong>Kinegua <\/strong>est n\u00e9 en recherchant l'exp\u00e9rience d'habiter un lieu, dans le but de profiter d'une maison ouverte constamment en relation avec son habitat.<\/p>\n<p>\u201cUn oasis dans un d\u00e9sert de civilisation\u201c, tel comme \u00e0 d\u00e9crit cette \u00eele l'\u00e9crivain Unamuno. Nous avons cherch\u00e9 (et trouv\u00e9) le lieu parfait et construit la maison ad\u00e9quate. C'est gr\u00e2ce \u00e0 l'int\u00e9r\u00eat, l'illusion et le courage des personnes qui ont cr\u00fb \u00e0 ce projet qu'aujourd'hui cette id\u00e9e est devenue r\u00e9alit\u00e9:<\/p>\n<p style=\"text-align: center;\">Une maison perm\u00e9able, charmante, chaleureuse et flexible<\/p>\n<p><strong>Perm\u00e9able<\/strong>, o\u00f9 la force du paysage inonde l'int\u00e9rieur et o\u00f9 l'architecture s'adapte au lieu. Une maison pour vivre \u00e0 l'int\u00e9rieur et \u00e0 l'ext\u00e9rieur.<\/p>\n<p><strong>Charmante<\/strong>, car sa combinaison d'architecture traditionnelle \"majorera\" et la plasticit\u00e9 de l'espace contemporain garantissent un s\u00e9jour plaisant et tranquille.<\/p>\n<p><strong>Chaleureuse<\/strong>, car elle dispose de ressources simples pour y vivre au quotidien et s'y sentir comme chez soi. .<\/p>\n<p><strong>Flexible<\/strong>, por las posibilidades que ofrece de organizaci\u00f3n de las dependencias, seg\u00fan las necesidades de cada persona.<\/p>\n<p>&nbsp;<\/p>\n<p style=\"text-align: center;\"><a id=\"\" title=\"Galer\u00eda de Kinegua\" href=\"https:\/\/www.kinegua.com\/fr\/imagenes-interior-y-exterior\">Photos de l\u2019int\u00e9rieur et de l\u2019ext\u00e9rieur<\/a><\/p>\n<\/div><\/div><\/div><\/div><\/div>","protected":false},"excerpt":{"rendered":"<p>Interior y exterior Conceptos.Fluidez y versatilidad Conenido. Programa y equipamiento Kinegua est n\u00e9 en recherchant l&rsquo;exp\u00e9rience d&rsquo;habiter un lieu, dans le but de profiter d&rsquo;une maison ouverte constamment en relation avec son habitat. \u201cUn oasis dans un d\u00e9sert de civilisation\u201c, tel comme \u00e0 d\u00e9crit cette \u00eele l&rsquo;\u00e9crivain Unamuno. Nous avons&#8230;<\/p>\n","protected":false},"author":1,"featured_media":0,"parent":0,"menu_order":0,"comment_status":"closed","ping_status":"closed","template":"","meta":{"_monsterinsights_skip_tracking":false,"_monsterinsights_sitenote_active":false,"_monsterinsights_sitenote_note":"","_monsterinsights_sitenote_category":0,"ngg_post_thumbnail":0,"footnotes":""},"class_list":["post-703","page","type-page","status-publish","hentry"],"_links":{"self":[{"href":"https:\/\/www.kinegua.com\/fr\/wp-json\/wp\/v2\/pages\/703","targetHints":{"allow":["GET"]}}],"collection":[{"href":"https:\/\/www.kinegua.com\/fr\/wp-json\/wp\/v2\/pages"}],"about":[{"href":"https:\/\/www.kinegua.com\/fr\/wp-json\/wp\/v2\/types\/page"}],"author":[{"embeddable":true,"href":"https:\/\/www.kinegua.com\/fr\/wp-json\/wp\/v2\/users\/1"}],"replies":[{"embeddable":true,"href":"https:\/\/www.kinegua.com\/fr\/wp-json\/wp\/v2\/comments?post=703"}],"version-history":[{"count":5,"href":"https:\/\/www.kinegua.com\/fr\/wp-json\/wp\/v2\/pages\/703\/revisions"}],"predecessor-version":[{"id":1171,"href":"https:\/\/www.kinegua.com\/fr\/wp-json\/wp\/v2\/pages\/703\/revisions\/1171"}],"wp:attachment":[{"href":"https:\/\/www.kinegua.com\/fr\/wp-json\/wp\/v2\/media?parent=703"}],"curies":[{"name":"wp","href":"https:\/\/api.w.org\/{rel}","templated":true}]}}