{"id":709,"date":"2015-01-05T21:29:34","date_gmt":"2015-01-05T21:29:34","guid":{"rendered":"http:\/\/www.kinegua.com\/conceptos-fluidez-y-versatilidad-3\/"},"modified":"2015-04-19T13:26:52","modified_gmt":"2015-04-19T13:26:52","slug":"conceptos-fluidez-y-versatilidad","status":"publish","type":"page","link":"https:\/\/www.kinegua.com\/fr\/conceptos-fluidez-y-versatilidad\/","title":{"rendered":"Concepts. Fluidit\u00e9 et Versatilit\u00e9"},"content":{"rendered":"<div id=\"pl-709\"  class=\"panel-layout\" ><div id=\"pg-709-0\"  class=\"panel-grid panel-no-style\" ><div id=\"pgc-709-0-0\"  class=\"panel-grid-cell\" ><div id=\"panel-709-0-0-0\" class=\"so-panel widget widget_black-studio-tinymce widget_black_studio_tinymce panel-first-child panel-last-child\" data-index=\"0\" ><div class=\"textwidget\"><div class=\"imgen_submenu_lateral\"><a id=\"foto5_fr\" title=\"Interior y exterior\" href=\"https:\/\/www.kinegua.com\/fr\/imagenes-interior-y-exterior\">Interior y exterior<\/a> <span id=\"foto6_fr\" title=\"Conceptos. Fluidez y versatilidad\">Conceptos.Fluidez y versatilidad<\/span> <a id=\"foto7_fr\" title=\"Contenido. Programa y equipamiento\" href=\"https:\/\/www.kinegua.com\/fr\/contenido-programa-y-equipamiento\">Conenido. Programa y equipamiento<\/a><\/div>\n<\/div><\/div><\/div><div id=\"pgc-709-0-1\"  class=\"panel-grid-cell\" ><div id=\"panel-709-0-1-0\" class=\"so-panel widget widget_black-studio-tinymce widget_black_studio_tinymce panel-first-child panel-last-child\" data-index=\"1\" ><div class=\"textwidget\"><p><img loading=\"lazy\" decoding=\"async\" class=\"alignright wp-image-711 size-full\" src=\"https:\/\/www.kinegua.com\/wp-content\/uploads\/2015\/01\/img-conceptos12.jpg\" alt=\"\" width=\"250\" height=\"375\" srcset=\"https:\/\/www.kinegua.com\/wp-content\/uploads\/2015\/01\/img-conceptos12.jpg 250w, https:\/\/www.kinegua.com\/wp-content\/uploads\/2015\/01\/img-conceptos12-200x300.jpg 200w\" sizes=\"auto, (max-width: 250px) 100vw, 250px\" \/>Le principal crit\u00e8re est <strong>la fluidit\u00e9 spatiale<\/strong>. Organiser l'espace int\u00e9rieur en \u00e9vitant la division rigide, et laissant le programme se d\u00e9roule \u00e0 l'int\u00e9rieur et \u00e0 l'ext\u00e9rieur, l\u00e0 o\u00f9 les limites sont diffuses, et les espaces ambigus, semi ouverts et semi ferm\u00e9s.<\/p>\n<p>Cette fluidit\u00e9 invite au dynamisme. <strong>La maison se parcoure, \"se joue\"<\/strong>. Et pour cela il y a des r\u00e9f\u00e9rences: les murs lin\u00e9aux vous dirigent, l'\u00e9chelle de l'espace principale vous retient, et les points singuliers sont encadr\u00e9s par le paysage, qui se contemple et vous hypnotise.<\/p>\n<p>Elle a \u00e9t\u00e9 pens\u00e9e pour \u00eatre r\u00e9ellement versatile. Elle est compos\u00e9e de 3 pi\u00e8ces: la plus grande, qui constitue l'axe centrale, peut h\u00e9berger jusqu'\u00e0 six personnes; la deuxi\u00e8me peut loger jusqu'\u00e0 quatre personnes; et la plus petite des pi\u00e8ces jusqu'\u00e0 deux personnes.<\/p>\n<p>Pour s'y loger, on choisit une partie ou l'autre du \"puzzle\". Il y a plusieurs combinaisons et toutes \u00e9quip\u00e9es dans leur partie int\u00e9rieure comme ext\u00e9rieure, en respectant l'ind\u00e9pendance avec le reste de la maison.<\/p>\n<p><strong>Elle peut \u00eatre occup\u00e9e simultan\u00e9ment par diff\u00e9rents groupes, ou accueillir un seul grand groupe dans toute la maison<\/strong>.<\/p>\n<p style=\"float: right;\"><a id=\"img-siguiente-pag_fr\" title=\"Siguiente\" href=\"https:\/\/www.kinegua.com\/fr\/conceptos-fluidez-y-versatilidad-2\/\">Siguiente<\/a><\/p>\n<\/div><\/div><\/div><\/div><\/div>","protected":false},"excerpt":{"rendered":"<p>Interior y exterior Conceptos.Fluidez y versatilidad Conenido. Programa y equipamiento Le principal crit\u00e8re est la fluidit\u00e9 spatiale. Organiser l&rsquo;espace int\u00e9rieur en \u00e9vitant la division rigide, et laissant le programme se d\u00e9roule \u00e0 l&rsquo;int\u00e9rieur et \u00e0 l&rsquo;ext\u00e9rieur, l\u00e0 o\u00f9 les limites sont diffuses, et les espaces ambigus, semi ouverts et semi&#8230;<\/p>\n","protected":false},"author":1,"featured_media":0,"parent":0,"menu_order":0,"comment_status":"closed","ping_status":"closed","template":"","meta":{"_monsterinsights_skip_tracking":false,"_monsterinsights_sitenote_active":false,"_monsterinsights_sitenote_note":"","_monsterinsights_sitenote_category":0,"ngg_post_thumbnail":0,"footnotes":""},"class_list":["post-709","page","type-page","status-publish","hentry"],"_links":{"self":[{"href":"https:\/\/www.kinegua.com\/fr\/wp-json\/wp\/v2\/pages\/709","targetHints":{"allow":["GET"]}}],"collection":[{"href":"https:\/\/www.kinegua.com\/fr\/wp-json\/wp\/v2\/pages"}],"about":[{"href":"https:\/\/www.kinegua.com\/fr\/wp-json\/wp\/v2\/types\/page"}],"author":[{"embeddable":true,"href":"https:\/\/www.kinegua.com\/fr\/wp-json\/wp\/v2\/users\/1"}],"replies":[{"embeddable":true,"href":"https:\/\/www.kinegua.com\/fr\/wp-json\/wp\/v2\/comments?post=709"}],"version-history":[{"count":5,"href":"https:\/\/www.kinegua.com\/fr\/wp-json\/wp\/v2\/pages\/709\/revisions"}],"predecessor-version":[{"id":1175,"href":"https:\/\/www.kinegua.com\/fr\/wp-json\/wp\/v2\/pages\/709\/revisions\/1175"}],"wp:attachment":[{"href":"https:\/\/www.kinegua.com\/fr\/wp-json\/wp\/v2\/media?parent=709"}],"curies":[{"name":"wp","href":"https:\/\/api.w.org\/{rel}","templated":true}]}}