{"id":727,"date":"2015-01-28T00:14:26","date_gmt":"2015-01-28T00:14:26","guid":{"rendered":"http:\/\/www.kinegua.com\/contenido-programa-y-equipamiento-plano1-2\/"},"modified":"2015-04-19T13:36:06","modified_gmt":"2015-04-19T13:36:06","slug":"contenido-programa-y-equipamiento-plano1","status":"publish","type":"page","link":"https:\/\/www.kinegua.com\/fr\/contenido-programa-y-equipamiento-plano1\/","title":{"rendered":"Contenus. Programme et \u00e9quipement"},"content":{"rendered":"<div id=\"pl-727\"  class=\"panel-layout\" ><div id=\"pg-727-0\"  class=\"panel-grid panel-no-style\" ><div id=\"pgc-727-0-0\"  class=\"panel-grid-cell\" ><div id=\"panel-727-0-0-0\" class=\"so-panel widget widget_black-studio-tinymce widget_black_studio_tinymce panel-first-child panel-last-child\" data-index=\"0\" ><div class=\"textwidget\"><div class=\"imgen_submenu_lateral\"><a id=\"foto5_fr\" title=\"Interior y exterior\" href=\"https:\/\/www.kinegua.com\/fr\/imagenes-interior-y-exterior\">Interior y exterior<\/a><a id=\"foto6_fr\" title=\"Conceptos. Fluidez y versatilidad\" href=\"https:\/\/www.kinegua.com\/fr\/contenido-programa-y-equipamiento\/\">Conceptos.Fluidez y versatilidad<\/a> <span id=\"foto7_fr\" title=\"Contenido. Programa y equipamiento\">Conenido. Programa y equipamiento<\/span><\/div>\n<\/div><\/div><\/div><div id=\"pgc-727-0-1\"  class=\"panel-grid-cell\" ><div id=\"panel-727-0-1-0\" class=\"so-panel widget widget_black-studio-tinymce widget_black_studio_tinymce panel-first-child\" data-index=\"1\" ><div class=\"textwidget\"><h3>MODULE PETIT ( 2 personnes )<\/h3>\n<ul>\n<li>Salon-salle \u00e0 manger avec capacit\u00e9 pour 2 personnes (TV, DVD, Musique)<\/li>\n<li>Cuisine (vitroc\u00e9ramique, microonde\u2026)<\/li>\n<li>1 chambre \u00e0 coucher (1 lit double)<\/li>\n<li>1 salle de bain compl\u00e8te avec douche<\/li>\n<li>Terrace-solarium, chaises longues, douche solaire<\/li>\n<li>Porche avec table \u00e0 manger<\/li>\n<li>Barbecue<\/li>\n<li>Lit et chaise pour enfant (optatif)<\/li>\n<\/ul>\n<ul class=\"no-list-type\">\n<li>Superficie int\u00e9rieur: 49 m\u00b2<\/li>\n<li>Superficie ext\u00e9rieur: 59 m\u00b2<\/li>\n<li>Superficie totale: 108 m\u00b2<\/li>\n<\/ul>\n<\/div><\/div><div id=\"panel-727-0-1-1\" class=\"so-panel widget widget_black-studio-tinymce widget_black_studio_tinymce panel-last-child\" data-index=\"2\" ><div class=\"textwidget\"><p><a id=\"img-volver_fr\" title=\"Ver otro plano\" href=\"https:\/\/www.kinegua.com\/fr\/contenido-programa-y-equipamiento\/\">Anterior<\/a><\/p>\n<\/div><\/div><\/div><div id=\"pgc-727-0-2\"  class=\"panel-grid-cell\" ><div id=\"panel-727-0-2-0\" class=\"so-panel widget widget_black-studio-tinymce widget_black_studio_tinymce panel-first-child\" data-index=\"3\" ><div class=\"textwidget\"><p><a href=\"https:\/\/www.kinegua.com\/wp-content\/uploads\/2015\/01\/plano-1d-g.jpg\" rel=\"lightbox\"><img loading=\"lazy\" decoding=\"async\" class=\"alignnone wp-image-729 size-full\" src=\"https:\/\/www.kinegua.com\/wp-content\/uploads\/2015\/01\/plano-1d2.jpg\" alt=\"\" width=\"296\" height=\"350\" srcset=\"https:\/\/www.kinegua.com\/wp-content\/uploads\/2015\/01\/plano-1d2.jpg 296w, https:\/\/www.kinegua.com\/wp-content\/uploads\/2015\/01\/plano-1d2-253x300.jpg 253w\" sizes=\"auto, (max-width: 296px) 100vw, 296px\" \/><\/a><\/p>\n<\/div><\/div><div id=\"panel-727-0-2-1\" class=\"so-panel widget widget_black-studio-tinymce widget_black_studio_tinymce panel-last-child\" data-index=\"4\" ><div class=\"textwidget\"><p><a id=\"img-siguiente_fr\" class=\"paginado_siguiente\" title=\"Plano 2\" href=\"https:\/\/www.kinegua.com\/fr\/contenido-programa-y-equipamiento-plano2\/\">Plano 2<\/a><\/p>\n<\/div><\/div><\/div><\/div><\/div>","protected":false},"excerpt":{"rendered":"<p>Interior y exteriorConceptos.Fluidez y versatilidad Conenido. Programa y equipamiento MODULE PETIT ( 2 personnes ) Salon-salle \u00e0 manger avec capacit\u00e9 pour 2 personnes (TV, DVD, Musique) Cuisine (vitroc\u00e9ramique, microonde\u2026) 1 chambre \u00e0 coucher (1 lit double) 1 salle de bain compl\u00e8te avec douche Terrace-solarium, chaises longues, douche solaire Porche avec&#8230;<\/p>\n","protected":false},"author":2,"featured_media":0,"parent":0,"menu_order":0,"comment_status":"closed","ping_status":"closed","template":"","meta":{"_monsterinsights_skip_tracking":false,"_monsterinsights_sitenote_active":false,"_monsterinsights_sitenote_note":"","_monsterinsights_sitenote_category":0,"ngg_post_thumbnail":0,"footnotes":""},"class_list":["post-727","page","type-page","status-publish","hentry"],"_links":{"self":[{"href":"https:\/\/www.kinegua.com\/fr\/wp-json\/wp\/v2\/pages\/727","targetHints":{"allow":["GET"]}}],"collection":[{"href":"https:\/\/www.kinegua.com\/fr\/wp-json\/wp\/v2\/pages"}],"about":[{"href":"https:\/\/www.kinegua.com\/fr\/wp-json\/wp\/v2\/types\/page"}],"author":[{"embeddable":true,"href":"https:\/\/www.kinegua.com\/fr\/wp-json\/wp\/v2\/users\/2"}],"replies":[{"embeddable":true,"href":"https:\/\/www.kinegua.com\/fr\/wp-json\/wp\/v2\/comments?post=727"}],"version-history":[{"count":4,"href":"https:\/\/www.kinegua.com\/fr\/wp-json\/wp\/v2\/pages\/727\/revisions"}],"predecessor-version":[{"id":1178,"href":"https:\/\/www.kinegua.com\/fr\/wp-json\/wp\/v2\/pages\/727\/revisions\/1178"}],"wp:attachment":[{"href":"https:\/\/www.kinegua.com\/fr\/wp-json\/wp\/v2\/media?parent=727"}],"curies":[{"name":"wp","href":"https:\/\/api.w.org\/{rel}","templated":true}]}}