{"id":732,"date":"2015-02-16T23:12:06","date_gmt":"2015-02-16T23:12:06","guid":{"rendered":"http:\/\/www.kinegua.com\/contenido-programa-y-equipamiento-plano2-2\/"},"modified":"2015-04-19T13:39:13","modified_gmt":"2015-04-19T13:39:13","slug":"contenido-programa-y-equipamiento-plano2","status":"publish","type":"page","link":"https:\/\/www.kinegua.com\/fr\/contenido-programa-y-equipamiento-plano2\/","title":{"rendered":"Contenus. Programme et \u00e9quipement"},"content":{"rendered":"<div id=\"pl-732\"  class=\"panel-layout\" ><div id=\"pg-732-0\"  class=\"panel-grid panel-no-style\" ><div id=\"pgc-732-0-0\"  class=\"panel-grid-cell\" ><div id=\"panel-732-0-0-0\" class=\"so-panel widget widget_black-studio-tinymce widget_black_studio_tinymce panel-first-child panel-last-child\" data-index=\"0\" ><div class=\"textwidget\"><div class=\"imgen_submenu_lateral\"><a id=\"foto5_fr\" title=\"Interior y exterior\" href=\"https:\/\/www.kinegua.com\/fr\/imagenes-interior-y-exterior\">Interior y exterior<\/a><a id=\"foto6_fr\" title=\"Conceptos. Fluidez y versatilidad\" href=\"https:\/\/www.kinegua.com\/fr\/contenido-programa-y-equipamiento\/\">Conceptos.Fluidez y versatilidad<\/a> <span id=\"foto7_fr\" title=\"Contenido. Programa y equipamiento\">Conenido. Programa y equipamiento<\/span><\/div>\n<\/div><\/div><\/div><div id=\"pgc-732-0-1\"  class=\"panel-grid-cell\" ><div id=\"panel-732-0-1-0\" class=\"so-panel widget widget_black-studio-tinymce widget_black_studio_tinymce panel-first-child\" data-index=\"1\" ><div class=\"textwidget\"><h3>MODULE MOYEN ( 4 personnes )<\/h3>\n<ul>\n<li>Salon-salle \u00e0 manger avec capacit\u00e9 pour 4 personnes (TV, DVD, Musique)<\/li>\n<li>Cuisine totalement \u00e9quip\u00e9e (vitroc\u00e9ramique, four, lave-vaisselle\u2026)<\/li>\n<li>2 chambres \u00e0 coucher (1 lit double, 2 lits \u00e0 une place)<\/li>\n<li>1 salle de bain compl\u00e8te avec douche<\/li>\n<li>Terrace-solarium, chaises longues, douche solaire<\/li>\n<li>Porche avec table \u00e0 manger et \u00e9quipement ext\u00e9rieur<\/li>\n<li>Barbecue<\/li>\n<li>Lit et chaise pour enfant (optatif)<\/li>\n<\/ul>\n<ul class=\"no-list-type\">\n<li>Superficie int\u00e9rieur: 91 m\u00b2<\/li>\n<li>Superficie ext\u00e9rieur: 74 m\u00b2<\/li>\n<li>Superficie totale: 165 m\u00b2<\/li>\n<\/ul>\n<\/div><\/div><div id=\"panel-732-0-1-1\" class=\"so-panel widget widget_black-studio-tinymce widget_black_studio_tinymce panel-last-child\" data-index=\"2\" ><div class=\"textwidget\"><p><a id=\"img-volver_fr\" title=\"Ver otro plano\" href=\"https:\/\/www.kinegua.com\/fr\/contenido-programa-y-equipamiento\/\">Anterior<\/a><\/p>\n<\/div><\/div><\/div><div id=\"pgc-732-0-2\"  class=\"panel-grid-cell\" ><div id=\"panel-732-0-2-0\" class=\"so-panel widget widget_black-studio-tinymce widget_black_studio_tinymce panel-first-child\" data-index=\"3\" ><div class=\"textwidget\"><p><a href=\"https:\/\/www.kinegua.com\/wp-content\/uploads\/2015\/02\/plano-2d-g.jpg\" rel=\"lightbox\"><img loading=\"lazy\" decoding=\"async\" class=\"alignnone wp-image-734 size-full\" src=\"https:\/\/www.kinegua.com\/wp-content\/uploads\/2015\/02\/plano-2d2.jpg\" alt=\"\" width=\"296\" height=\"350\" srcset=\"https:\/\/www.kinegua.com\/wp-content\/uploads\/2015\/02\/plano-2d2.jpg 296w, https:\/\/www.kinegua.com\/wp-content\/uploads\/2015\/02\/plano-2d2-253x300.jpg 253w\" sizes=\"auto, (max-width: 296px) 100vw, 296px\" \/><\/a><\/p>\n<\/div><\/div><div id=\"panel-732-0-2-1\" class=\"so-panel widget widget_black-studio-tinymce widget_black_studio_tinymce panel-last-child\" data-index=\"4\" ><div class=\"textwidget\"><p><a id=\"img-plano-anterior_fr\" class=\"paginado_anterior\" title=\"Plano 1\" href=\"https:\/\/www.kinegua.com\/fr\/contenido-programa-y-equipamiento-plano1\/\">Plano 1<\/a><a id=\"img-siguiente_fr\" class=\"paginado_siguiente\" title=\"Plano 3\" href=\"https:\/\/www.kinegua.com\/fr\/contenido-programa-y-equipamiento-plano3\/\">Plano 3<\/a><\/p>\n<\/div><\/div><\/div><\/div><\/div>","protected":false},"excerpt":{"rendered":"<p>Interior y exteriorConceptos.Fluidez y versatilidad Conenido. Programa y equipamiento MODULE MOYEN ( 4 personnes ) Salon-salle \u00e0 manger avec capacit\u00e9 pour 4 personnes (TV, DVD, Musique) Cuisine totalement \u00e9quip\u00e9e (vitroc\u00e9ramique, four, lave-vaisselle\u2026) 2 chambres \u00e0 coucher (1 lit double, 2 lits \u00e0 une place) 1 salle de bain compl\u00e8te avec&#8230;<\/p>\n","protected":false},"author":2,"featured_media":0,"parent":0,"menu_order":0,"comment_status":"closed","ping_status":"closed","template":"","meta":{"_monsterinsights_skip_tracking":false,"_monsterinsights_sitenote_active":false,"_monsterinsights_sitenote_note":"","_monsterinsights_sitenote_category":0,"ngg_post_thumbnail":0,"footnotes":""},"class_list":["post-732","page","type-page","status-publish","hentry"],"_links":{"self":[{"href":"https:\/\/www.kinegua.com\/fr\/wp-json\/wp\/v2\/pages\/732","targetHints":{"allow":["GET"]}}],"collection":[{"href":"https:\/\/www.kinegua.com\/fr\/wp-json\/wp\/v2\/pages"}],"about":[{"href":"https:\/\/www.kinegua.com\/fr\/wp-json\/wp\/v2\/types\/page"}],"author":[{"embeddable":true,"href":"https:\/\/www.kinegua.com\/fr\/wp-json\/wp\/v2\/users\/2"}],"replies":[{"embeddable":true,"href":"https:\/\/www.kinegua.com\/fr\/wp-json\/wp\/v2\/comments?post=732"}],"version-history":[{"count":3,"href":"https:\/\/www.kinegua.com\/fr\/wp-json\/wp\/v2\/pages\/732\/revisions"}],"predecessor-version":[{"id":733,"href":"https:\/\/www.kinegua.com\/fr\/wp-json\/wp\/v2\/pages\/732\/revisions\/733"}],"wp:attachment":[{"href":"https:\/\/www.kinegua.com\/fr\/wp-json\/wp\/v2\/media?parent=732"}],"curies":[{"name":"wp","href":"https:\/\/api.w.org\/{rel}","templated":true}]}}