{"id":740,"date":"2015-02-16T23:46:42","date_gmt":"2015-02-16T23:46:42","guid":{"rendered":"http:\/\/www.kinegua.com\/contenido-programa-y-equipamiento-plano4-2\/"},"modified":"2015-04-19T13:55:22","modified_gmt":"2015-04-19T13:55:22","slug":"contenido-programa-y-equipamiento-plano4","status":"publish","type":"page","link":"https:\/\/www.kinegua.com\/fr\/contenido-programa-y-equipamiento-plano4\/","title":{"rendered":"Contenus. Programme et \u00e9quipement"},"content":{"rendered":"<div id=\"pl-740\"  class=\"panel-layout\" ><div id=\"pg-740-0\"  class=\"panel-grid panel-no-style\" ><div id=\"pgc-740-0-0\"  class=\"panel-grid-cell\" ><div id=\"panel-740-0-0-0\" class=\"so-panel widget widget_black-studio-tinymce widget_black_studio_tinymce panel-first-child panel-last-child\" data-index=\"0\" ><div class=\"textwidget\"><div class=\"imgen_submenu_lateral\"><a id=\"foto5_fr\" title=\"Interior y exterior\" href=\"https:\/\/www.kinegua.com\/fr\/imagenes-interior-y-exterior\">Interior y exterior<\/a><a id=\"foto6_fr\" title=\"Conceptos. Fluidez y versatilidad\" href=\"https:\/\/www.kinegua.com\/fr\/contenido-programa-y-equipamiento\/\">Conceptos.Fluidez y versatilidad<\/a> <span id=\"foto7_fr\" title=\"Contenido. Programa y equipamiento\">Conenido. Programa y equipamiento<\/span><\/div>\n<\/div><\/div><\/div><div id=\"pgc-740-0-1\"  class=\"panel-grid-cell\" ><div id=\"panel-740-0-1-0\" class=\"so-panel widget widget_black-studio-tinymce widget_black_studio_tinymce panel-first-child\" data-index=\"1\" ><div class=\"textwidget\"><h3>MODULE PRINCIPAL + MODULE PETIT (8 personnes)<\/h3>\n<ul>\n<li>Salon (TV, DVD, Musique)<\/li>\n<li>Salle \u00e0 manger avec capacit\u00e9 pour 12 personnes<\/li>\n<li>Cuisine totalement \u00e9quip\u00e9e (vitroc\u00e9ramique, four, lave-vaisselle\u2026)<\/li>\n<li>1 Suite. Chambre \u00e0 coucher double avec salon, office (petite cuisine), salle de bain et terrace ind\u00e9pendante<\/li>\n<li>3 chambres \u00e0 coucher (1 lit double, 4 lits \u00e0 une place)<\/li>\n<li>2 salles de bain compl\u00e8tes (1 baignoire, 2 douches)<\/li>\n<li>Terrace-solarium au premier \u00e9tage<\/li>\n<li>Piscine de 45m\u00b2, chaises longues, douches solaires. Priorit\u00e9 \u00e0 l'utilisation de la piscine<\/li>\n<li>Porche couvert avec table \u00e0 manger et \u00e9quipement ext\u00e9rieur<\/li>\n<li>Barbeque<\/li>\n<li>Lit et chaise pour enfant (optatif)<\/li>\n<\/ul>\n<ul class=\"no-list-type\">\n<li>Superficie int\u00e9rieur: 208 m\u00b2<\/li>\n<li>Superficie ext\u00e9rieur: 380 m\u00b2<\/li>\n<li>Superficie totale: 588 m\u00b2<\/li>\n<\/ul>\n<\/div><\/div><div id=\"panel-740-0-1-1\" class=\"so-panel widget widget_black-studio-tinymce widget_black_studio_tinymce panel-last-child\" data-index=\"2\" ><div class=\"textwidget\"><p><a id=\"img-volver_fr\" title=\"Ver otro plano\" href=\"https:\/\/www.kinegua.com\/fr\/contenido-programa-y-equipamiento\/\">Anterior<\/a><\/p>\n<\/div><\/div><\/div><div id=\"pgc-740-0-2\"  class=\"panel-grid-cell\" ><div id=\"panel-740-0-2-0\" class=\"so-panel widget widget_black-studio-tinymce widget_black_studio_tinymce panel-first-child\" data-index=\"3\" ><div class=\"textwidget\"><p><a href=\"https:\/\/www.kinegua.com\/wp-content\/uploads\/2015\/02\/plano-3d-1d-g.jpg\" rel=\"lightbox\"><img loading=\"lazy\" decoding=\"async\" class=\"alignnone wp-image-742 size-full\" src=\"https:\/\/www.kinegua.com\/wp-content\/uploads\/2015\/02\/plano-3d-1d1.jpg\" alt=\"\" width=\"296\" height=\"350\" srcset=\"https:\/\/www.kinegua.com\/wp-content\/uploads\/2015\/02\/plano-3d-1d1.jpg 296w, https:\/\/www.kinegua.com\/wp-content\/uploads\/2015\/02\/plano-3d-1d1-253x300.jpg 253w\" sizes=\"auto, (max-width: 296px) 100vw, 296px\" \/><\/a><\/p>\n<\/div><\/div><div id=\"panel-740-0-2-1\" class=\"so-panel widget widget_black-studio-tinymce widget_black_studio_tinymce panel-last-child\" data-index=\"4\" ><div class=\"textwidget\"><p><a id=\"img-plano-anterior_fr\" class=\"paginado_anterior\" title=\"Plano 3\" href=\"https:\/\/www.kinegua.com\/fr\/contenido-programa-y-equipamiento-plano3\/\">Plano 3<\/a><a id=\"img-siguiente_fr\" class=\"paginado_siguiente\" title=\"Plano 5\" href=\"https:\/\/www.kinegua.com\/fr\/contenido-programa-y-equipamiento-plano5\/\">Plano 5<\/a><\/p>\n<\/div><\/div><\/div><\/div><\/div>","protected":false},"excerpt":{"rendered":"<p>Interior y exteriorConceptos.Fluidez y versatilidad Conenido. Programa y equipamiento MODULE PRINCIPAL + MODULE PETIT (8 personnes) Salon (TV, DVD, Musique) Salle \u00e0 manger avec capacit\u00e9 pour 12 personnes Cuisine totalement \u00e9quip\u00e9e (vitroc\u00e9ramique, four, lave-vaisselle\u2026) 1 Suite. Chambre \u00e0 coucher double avec salon, office (petite cuisine), salle de bain et terrace&#8230;<\/p>\n","protected":false},"author":2,"featured_media":0,"parent":0,"menu_order":0,"comment_status":"closed","ping_status":"closed","template":"","meta":{"_monsterinsights_skip_tracking":false,"_monsterinsights_sitenote_active":false,"_monsterinsights_sitenote_note":"","_monsterinsights_sitenote_category":0,"ngg_post_thumbnail":0,"footnotes":""},"class_list":["post-740","page","type-page","status-publish","hentry"],"_links":{"self":[{"href":"https:\/\/www.kinegua.com\/fr\/wp-json\/wp\/v2\/pages\/740","targetHints":{"allow":["GET"]}}],"collection":[{"href":"https:\/\/www.kinegua.com\/fr\/wp-json\/wp\/v2\/pages"}],"about":[{"href":"https:\/\/www.kinegua.com\/fr\/wp-json\/wp\/v2\/types\/page"}],"author":[{"embeddable":true,"href":"https:\/\/www.kinegua.com\/fr\/wp-json\/wp\/v2\/users\/2"}],"replies":[{"embeddable":true,"href":"https:\/\/www.kinegua.com\/fr\/wp-json\/wp\/v2\/comments?post=740"}],"version-history":[{"count":3,"href":"https:\/\/www.kinegua.com\/fr\/wp-json\/wp\/v2\/pages\/740\/revisions"}],"predecessor-version":[{"id":1181,"href":"https:\/\/www.kinegua.com\/fr\/wp-json\/wp\/v2\/pages\/740\/revisions\/1181"}],"wp:attachment":[{"href":"https:\/\/www.kinegua.com\/fr\/wp-json\/wp\/v2\/media?parent=740"}],"curies":[{"name":"wp","href":"https:\/\/api.w.org\/{rel}","templated":true}]}}