{"id":744,"date":"2015-02-16T23:57:46","date_gmt":"2015-02-16T23:57:46","guid":{"rendered":"http:\/\/www.kinegua.com\/contenido-programa-y-equipamiento-plano5-2\/"},"modified":"2015-04-19T13:58:01","modified_gmt":"2015-04-19T13:58:01","slug":"contenido-programa-y-equipamiento-plano5","status":"publish","type":"page","link":"https:\/\/www.kinegua.com\/fr\/contenido-programa-y-equipamiento-plano5\/","title":{"rendered":"Contenus. Programme et \u00e9quipement"},"content":{"rendered":"<div id=\"pl-744\"  class=\"panel-layout\" ><div id=\"pg-744-0\"  class=\"panel-grid panel-no-style\" ><div id=\"pgc-744-0-0\"  class=\"panel-grid-cell\" ><div id=\"panel-744-0-0-0\" class=\"so-panel widget widget_black-studio-tinymce widget_black_studio_tinymce panel-first-child panel-last-child\" data-index=\"0\" ><div class=\"textwidget\"><div class=\"imgen_submenu_lateral\"><a id=\"foto5_fr\" title=\"Interior y exterior\" href=\"https:\/\/www.kinegua.com\/fr\/imagenes-interior-y-exterior\">Interior y exterior<\/a><a id=\"foto6_fr\" title=\"Conceptos. Fluidez y versatilidad\" href=\"https:\/\/www.kinegua.com\/fr\/contenido-programa-y-equipamiento\/\">Conceptos.Fluidez y versatilidad<\/a> <span id=\"foto7_fr\" title=\"Contenido. Programa y equipamiento\">Conenido. Programa y equipamiento<\/span><\/div>\n<\/div><\/div><\/div><div id=\"pgc-744-0-1\"  class=\"panel-grid-cell\" ><div id=\"panel-744-0-1-0\" class=\"so-panel widget widget_black-studio-tinymce widget_black_studio_tinymce panel-first-child\" data-index=\"1\" ><div class=\"textwidget\"><h3>MODULE PRINCIPAL + MODULE MOYEN (10 personnes)<\/h3>\n<ul>\n<li>Salon (TV, DVD, Musique)<\/li>\n<li>Salle \u00e0 manger avec capacit\u00e9 pour 12 personnes<\/li>\n<li>Une salle de jeux (TV, DVD, Musique)<\/li>\n<li>2 cuisines totalement \u00e9quip\u00e9es (vitroc\u00e9ramique, four, lave-vaisselle\u2026)<\/li>\n<li>1 Suite. Chambre \u00e0 coucher double avec salon, office (petite cuisine), salle de bain et terrace ind\u00e9pendante<\/li>\n<li>5 chambres \u00e0 coucher (2 lits doubles, 6 lits \u00e0 une place)<\/li>\n<li>3 salles de bain compl\u00e8tes (1 baignoire, 3 douches)<\/li>\n<li>Terrace-solarium au premier \u00e9tage<\/li>\n<li>2 porches couverts avec table \u00e0 manger et \u00e9quipement ext\u00e9rieur<\/li>\n<li>Barbeque<\/li>\n<li>Lit et chaise pour enfant (optatif)<\/li>\n<\/ul>\n<ul class=\"no-list-type\">\n<li>Superficie int\u00e9rieur: 250 m\u00b2<\/li>\n<li>Superficie ext\u00e9rieur: 395 m\u00b2<\/li>\n<li>Superficie totale: 645 m\u00b2<\/li>\n<\/ul>\n<\/div><\/div><div id=\"panel-744-0-1-1\" class=\"so-panel widget widget_black-studio-tinymce widget_black_studio_tinymce panel-last-child\" data-index=\"2\" ><div class=\"textwidget\"><p><a id=\"img-volver_fr\" title=\"Ver otro plano\" href=\"https:\/\/www.kinegua.com\/fr\/contenido-programa-y-equipamiento\/\">Anterior<\/a><\/p>\n<\/div><\/div><\/div><div id=\"pgc-744-0-2\"  class=\"panel-grid-cell\" ><div id=\"panel-744-0-2-0\" class=\"so-panel widget widget_black-studio-tinymce widget_black_studio_tinymce panel-first-child\" data-index=\"3\" ><div class=\"textwidget\"><p><a href=\"https:\/\/www.kinegua.com\/wp-content\/uploads\/2015\/02\/plano-3d-2d-g.jpg\" rel=\"lightbox\"><img loading=\"lazy\" decoding=\"async\" class=\"alignnone wp-image-747 size-full\" src=\"https:\/\/www.kinegua.com\/wp-content\/uploads\/2015\/02\/plano-3d-2d3.jpg\" alt=\"\" width=\"296\" height=\"350\" srcset=\"https:\/\/www.kinegua.com\/wp-content\/uploads\/2015\/02\/plano-3d-2d3.jpg 296w, https:\/\/www.kinegua.com\/wp-content\/uploads\/2015\/02\/plano-3d-2d3-253x300.jpg 253w\" sizes=\"auto, (max-width: 296px) 100vw, 296px\" \/><\/a><\/p>\n<\/div><\/div><div id=\"panel-744-0-2-1\" class=\"so-panel widget widget_black-studio-tinymce widget_black_studio_tinymce panel-last-child\" data-index=\"4\" ><div class=\"textwidget\"><p><a id=\"img-plano-anterior_fr\" class=\"paginado_anterior\" title=\"Plano 4\" href=\"https:\/\/www.kinegua.com\/fr\/contenido-programa-y-equipamiento-plano4\/\">Plano 4<\/a><a id=\"img-siguiente_fr\" class=\"paginado_siguiente\" title=\"Plano 6\" href=\"https:\/\/www.kinegua.com\/fr\/contenido-programa-y-equipamiento-plano6\/\">Plano 6<\/a><\/p>\n<\/div><\/div><\/div><\/div><\/div>","protected":false},"excerpt":{"rendered":"<p>Interior y exteriorConceptos.Fluidez y versatilidad Conenido. Programa y equipamiento MODULE PRINCIPAL + MODULE MOYEN (10 personnes) Salon (TV, DVD, Musique) Salle \u00e0 manger avec capacit\u00e9 pour 12 personnes Une salle de jeux (TV, DVD, Musique) 2 cuisines totalement \u00e9quip\u00e9es (vitroc\u00e9ramique, four, lave-vaisselle\u2026) 1 Suite. Chambre \u00e0 coucher double avec salon,&#8230;<\/p>\n","protected":false},"author":2,"featured_media":0,"parent":0,"menu_order":0,"comment_status":"closed","ping_status":"closed","template":"","meta":{"_monsterinsights_skip_tracking":false,"_monsterinsights_sitenote_active":false,"_monsterinsights_sitenote_note":"","_monsterinsights_sitenote_category":0,"ngg_post_thumbnail":0,"footnotes":""},"class_list":["post-744","page","type-page","status-publish","hentry"],"_links":{"self":[{"href":"https:\/\/www.kinegua.com\/fr\/wp-json\/wp\/v2\/pages\/744","targetHints":{"allow":["GET"]}}],"collection":[{"href":"https:\/\/www.kinegua.com\/fr\/wp-json\/wp\/v2\/pages"}],"about":[{"href":"https:\/\/www.kinegua.com\/fr\/wp-json\/wp\/v2\/types\/page"}],"author":[{"embeddable":true,"href":"https:\/\/www.kinegua.com\/fr\/wp-json\/wp\/v2\/users\/2"}],"replies":[{"embeddable":true,"href":"https:\/\/www.kinegua.com\/fr\/wp-json\/wp\/v2\/comments?post=744"}],"version-history":[{"count":3,"href":"https:\/\/www.kinegua.com\/fr\/wp-json\/wp\/v2\/pages\/744\/revisions"}],"predecessor-version":[{"id":1182,"href":"https:\/\/www.kinegua.com\/fr\/wp-json\/wp\/v2\/pages\/744\/revisions\/1182"}],"wp:attachment":[{"href":"https:\/\/www.kinegua.com\/fr\/wp-json\/wp\/v2\/media?parent=744"}],"curies":[{"name":"wp","href":"https:\/\/api.w.org\/{rel}","templated":true}]}}