{"id":763,"date":"2014-11-22T22:37:09","date_gmt":"2014-11-22T22:37:09","guid":{"rendered":"http:\/\/www.kinegua.com\/mas-sobre-kinegua-2\/"},"modified":"2015-04-19T15:03:45","modified_gmt":"2015-04-19T15:03:45","slug":"mas-sobre-kinegua","status":"publish","type":"page","link":"https:\/\/www.kinegua.com\/fr\/mas-sobre-kinegua\/","title":{"rendered":"EN SAVOIR PLUS SUR KINEGUA"},"content":{"rendered":"<div id=\"pl-763\"  class=\"panel-layout\" ><div id=\"pg-763-0\"  class=\"panel-grid panel-no-style\" ><div id=\"pgc-763-0-0\"  class=\"panel-grid-cell\" ><div id=\"panel-763-0-0-0\" class=\"so-panel widget widget_black-studio-tinymce widget_black_studio_tinymce panel-first-child panel-last-child\" data-index=\"0\" ><div class=\"textwidget\"><div class=\"imgen_submenu_lateral\"><a id=\"foto12_fr\" title=\"Kinegua - Origen, intenciones\" href=\"http:\/\/pastordarias.com\/kinegua\/fr\/origen-intenciones\">Origen, intenciones<\/a><a id=\"foto13_fr\" title=\"Kinegua y la cultura\" href=\"http:\/\/pastordarias.com\/kinegua\/fr\/kinegua-y-la-cultura\">Kinegua y la cultura<\/a><\/div>\n<div class=\"imgen_submenu_lateral\"><a id=\"foto14_fr\" title=\"Kinegua - Atenci\u00f3n personalizada\" href=\"http:\/\/pastordarias.com\/kinegua\/fr\/atencion-personalizada\">Atenci\u00f3n personalizada<\/a><a id=\"foto15_fr\" title=\"Kinegua - Noticias\" href=\"http:\/\/pastordarias.com\/kinegua\/fr\/noticias\">Noticias<\/a><\/div>\n<\/div><\/div><\/div><div id=\"pgc-763-0-1\"  class=\"panel-grid-cell\" ><div id=\"panel-763-0-1-0\" class=\"so-panel widget widget_black-studio-tinymce widget_black_studio_tinymce panel-first-child panel-last-child\" data-index=\"1\" ><div class=\"textwidget\"><p><strong>Kinegua est plus qu'une simple maison;<\/strong> c'est un projet qui na\u00eet de l'id\u00e9e que les vacances existent pour qu'en on profite pleinement. Cela ne suffit pas de louer quatre murs avec un lit \u00e0 l'int\u00e9rieur; les moments de loisirs doivent \u00eatre des moments de plaisirs, et tous les d\u00e9tails doivent \u00eatre r\u00e9unis pour pouvoir profiter de chaque minute de vos vacances.<\/p>\n<p>&nbsp;<\/p>\n<p>D\u00e9tails comme lire un livre, voir un film avec les siens, manger son petit-d\u00e9jeuner pr\u00e9f\u00e9r\u00e9, etc.\u2026 qui vous ferons vous sentir r\u00e9ellement en vacances, d\u00e9connect\u00e9s de la routine et vous aiderons \u00e0 vous r\u00e9g\u00e9n\u00e9rer \u00e0 l'int\u00e9rieur comme \u00e0 l'ext\u00e9rieur.<\/p>\n<p><img loading=\"lazy\" decoding=\"async\" class=\"alignright wp-image-171\" src=\"https:\/\/www.kinegua.com\/wp-content\/uploads\/2014\/11\/atencion-personalizada.jpg\" alt=\"atencion-personalizada\" width=\"170\" height=\"106\" \/>Rechargez vos piles en profitant des merveilleuses plages et activit\u00e9s que vous offre l'\u00eele de Fuerteventura et finissez vos journ\u00e9es avec les d\u00e9tails que vous offre Kinegua pour profiter de chaque minute de votre temps libre.<\/p>\n<p><strong>\u00c0 Kinegua nous voulons vous accueillir pour vous faire revenir!.<\/strong><\/p>\n<\/div><\/div><\/div><\/div><\/div>","protected":false},"excerpt":{"rendered":"<p>Origen, intencionesKinegua y la cultura Atenci\u00f3n personalizadaNoticias Kinegua est plus qu&rsquo;une simple maison; c&rsquo;est un projet qui na\u00eet de l&rsquo;id\u00e9e que les vacances existent pour qu&rsquo;en on profite pleinement. Cela ne suffit pas de louer quatre murs avec un lit \u00e0 l&rsquo;int\u00e9rieur; les moments de loisirs doivent \u00eatre des moments&#8230;<\/p>\n","protected":false},"author":1,"featured_media":0,"parent":0,"menu_order":0,"comment_status":"open","ping_status":"open","template":"","meta":{"_monsterinsights_skip_tracking":false,"_monsterinsights_sitenote_active":false,"_monsterinsights_sitenote_note":"","_monsterinsights_sitenote_category":0,"ngg_post_thumbnail":0,"footnotes":""},"class_list":["post-763","page","type-page","status-publish","hentry"],"_links":{"self":[{"href":"https:\/\/www.kinegua.com\/fr\/wp-json\/wp\/v2\/pages\/763","targetHints":{"allow":["GET"]}}],"collection":[{"href":"https:\/\/www.kinegua.com\/fr\/wp-json\/wp\/v2\/pages"}],"about":[{"href":"https:\/\/www.kinegua.com\/fr\/wp-json\/wp\/v2\/types\/page"}],"author":[{"embeddable":true,"href":"https:\/\/www.kinegua.com\/fr\/wp-json\/wp\/v2\/users\/1"}],"replies":[{"embeddable":true,"href":"https:\/\/www.kinegua.com\/fr\/wp-json\/wp\/v2\/comments?post=763"}],"version-history":[{"count":3,"href":"https:\/\/www.kinegua.com\/fr\/wp-json\/wp\/v2\/pages\/763\/revisions"}],"predecessor-version":[{"id":1186,"href":"https:\/\/www.kinegua.com\/fr\/wp-json\/wp\/v2\/pages\/763\/revisions\/1186"}],"wp:attachment":[{"href":"https:\/\/www.kinegua.com\/fr\/wp-json\/wp\/v2\/media?parent=763"}],"curies":[{"name":"wp","href":"https:\/\/api.w.org\/{rel}","templated":true}]}}