{"id":766,"date":"2014-11-23T10:05:18","date_gmt":"2014-11-23T10:05:18","guid":{"rendered":"http:\/\/www.kinegua.com\/origen-intenciones-3\/"},"modified":"2015-04-19T15:07:17","modified_gmt":"2015-04-19T15:07:17","slug":"origen-intenciones","status":"publish","type":"page","link":"https:\/\/www.kinegua.com\/fr\/origen-intenciones\/","title":{"rendered":"Origine, intentions"},"content":{"rendered":"<div id=\"pl-766\"  class=\"panel-layout\" ><div id=\"pg-766-0\"  class=\"panel-grid panel-no-style\" ><div id=\"pgc-766-0-0\"  class=\"panel-grid-cell\" ><div id=\"panel-766-0-0-0\" class=\"so-panel widget widget_black-studio-tinymce widget_black_studio_tinymce panel-first-child panel-last-child\" data-index=\"0\" ><div class=\"textwidget\"><div class=\"imgen_submenu_lateral\"><span id=\"foto12_fr\" title=\"Kinegua - Origen, intenciones\">Origen, intenciones<\/span><a id=\"foto13_fr\" title=\"Kinegua y la cultura\" href=\"https:\/\/www.kinegua.com\/fr\/kinegua-y-la-cultura\">Kinegua y la cultura<\/a><\/div>\n<div class=\"imgen_submenu_lateral\"><a id=\"foto14_fr\" title=\"Kinegua - Atenci\u00f3n personalizada\" href=\"https:\/\/www.kinegua.com\/fr\/atencion-personalizada\">Atenci\u00f3n personalizada<\/a><a id=\"foto15_fr\" title=\"Kinegua - Noticias\" href=\"https:\/\/www.kinegua.com\/fr\/noticias\">Noticias<\/a><\/div>\n<\/div><\/div><\/div><div id=\"pgc-766-0-1\"  class=\"panel-grid-cell\" ><div id=\"panel-766-0-1-0\" class=\"so-panel widget widget_black-studio-tinymce widget_black_studio_tinymce panel-first-child panel-last-child\" data-index=\"1\" ><div class=\"textwidget\"><p>D\u00fb au fait que l'archipel canarien a toujours \u00e9t\u00e9 un lieu de passage pour les voyageurs, le m\u00e9tissage culturel de diff\u00e9rents continents qui en a d\u00e9coul\u00e9 a laiss\u00e9 ses traces avec des pi\u00e8ces architecturales, artistiques, arch\u00e9ologiques et ethnographiques de grande valeur.<\/p>\n<p>Pour les m\u00eames raisons, beaucoup de mots d'origines divers (venant fondamentalement de l'anglais) ont \u00e9volu\u00e9 en s'adaptant \u00e0 la langue des \u00eeles.<\/p>\n<p>&nbsp;<\/p>\n<p><img loading=\"lazy\" decoding=\"async\" class=\"alignright size-full wp-image-194\" src=\"https:\/\/www.kinegua.com\/wp-content\/uploads\/2014\/11\/papas.jpg\" alt=\"papas\" width=\"195\" height=\"84\" \/><em>Comme hommage \u00e0 l'histoire de l'\u00eele, la maison se nomme Kinegua, mot devenu de mani\u00e8re particuli\u00e8re une parole propre du vocabulaire canarien et qui d\u00e9finie l'un des met que nous pouvons trouver sur l'\u00eele: Las Papas (les pommes de terre)..<\/em><\/p>\n<p style=\"float: right;\"><a id=\"img-siguiente-pag_fr\" title=\"Siguiente\" href=\"https:\/\/www.kinegua.com\/fr\/origen-intenciones-2\/\">Siguiente<\/a><\/p>\n<\/div><\/div><\/div><\/div><\/div>","protected":false},"excerpt":{"rendered":"<p>Origen, intencionesKinegua y la cultura Atenci\u00f3n personalizadaNoticias D\u00fb au fait que l&rsquo;archipel canarien a toujours \u00e9t\u00e9 un lieu de passage pour les voyageurs, le m\u00e9tissage culturel de diff\u00e9rents continents qui en a d\u00e9coul\u00e9 a laiss\u00e9 ses traces avec des pi\u00e8ces architecturales, artistiques, arch\u00e9ologiques et ethnographiques de grande valeur. Pour les&#8230;<\/p>\n","protected":false},"author":1,"featured_media":0,"parent":0,"menu_order":0,"comment_status":"open","ping_status":"open","template":"","meta":{"_monsterinsights_skip_tracking":false,"_monsterinsights_sitenote_active":false,"_monsterinsights_sitenote_note":"","_monsterinsights_sitenote_category":0,"ngg_post_thumbnail":0,"footnotes":""},"class_list":["post-766","page","type-page","status-publish","hentry"],"_links":{"self":[{"href":"https:\/\/www.kinegua.com\/fr\/wp-json\/wp\/v2\/pages\/766","targetHints":{"allow":["GET"]}}],"collection":[{"href":"https:\/\/www.kinegua.com\/fr\/wp-json\/wp\/v2\/pages"}],"about":[{"href":"https:\/\/www.kinegua.com\/fr\/wp-json\/wp\/v2\/types\/page"}],"author":[{"embeddable":true,"href":"https:\/\/www.kinegua.com\/fr\/wp-json\/wp\/v2\/users\/1"}],"replies":[{"embeddable":true,"href":"https:\/\/www.kinegua.com\/fr\/wp-json\/wp\/v2\/comments?post=766"}],"version-history":[{"count":4,"href":"https:\/\/www.kinegua.com\/fr\/wp-json\/wp\/v2\/pages\/766\/revisions"}],"predecessor-version":[{"id":1187,"href":"https:\/\/www.kinegua.com\/fr\/wp-json\/wp\/v2\/pages\/766\/revisions\/1187"}],"wp:attachment":[{"href":"https:\/\/www.kinegua.com\/fr\/wp-json\/wp\/v2\/media?parent=766"}],"curies":[{"name":"wp","href":"https:\/\/api.w.org\/{rel}","templated":true}]}}