{"id":770,"date":"2014-11-23T10:20:49","date_gmt":"2014-11-23T10:20:49","guid":{"rendered":"http:\/\/www.kinegua.com\/origen-intenciones-2-2\/"},"modified":"2015-04-19T15:11:02","modified_gmt":"2015-04-19T15:11:02","slug":"origen-intenciones-2","status":"publish","type":"page","link":"https:\/\/www.kinegua.com\/fr\/origen-intenciones-2\/","title":{"rendered":"Origine, intentions"},"content":{"rendered":"<div id=\"pl-770\"  class=\"panel-layout\" ><div id=\"pg-770-0\"  class=\"panel-grid panel-no-style\" ><div id=\"pgc-770-0-0\"  class=\"panel-grid-cell\" ><div id=\"panel-770-0-0-0\" class=\"so-panel widget widget_black-studio-tinymce widget_black_studio_tinymce panel-first-child panel-last-child\" data-index=\"0\" ><div class=\"textwidget\"><div class=\"imgen_submenu_lateral\"><span id=\"foto12_fr\" title=\"Kinegua - Origen, intenciones\">Origen, intenciones<\/span><a id=\"foto13_fr\" title=\"Kinegua y la cultura\" href=\"https:\/\/www.kinegua.com\/fr\/kinegua-y-la-cultura\">Kinegua y la cultura<\/a><\/div>\n<div class=\"imgen_submenu_lateral\"><a id=\"foto14_fr\" title=\"Kinegua - Atenci\u00f3n personalizada\" href=\"https:\/\/www.kinegua.com\/fr\/atencion-personalizada\">Atenci\u00f3n personalizada<\/a><a id=\"foto15_fr\" title=\"Kinegua - Noticias\" href=\"https:\/\/www.kinegua.com\/fr\/noticias\">Noticias<\/a><\/div>\n<\/div><\/div><\/div><div id=\"pgc-770-0-1\"  class=\"panel-grid-cell\" ><div id=\"panel-770-0-1-0\" class=\"so-panel widget widget_black-studio-tinymce widget_black_studio_tinymce panel-first-child panel-last-child\" data-index=\"1\" ><div class=\"textwidget\"><p>Kinegua est donc une vari\u00e9t\u00e9 de pomme de terre qui s'importait d'Angleterre. Son nom original est \"King Edward\", mais avec le temps, les insulaires ont \"canaris\u00e9\" le nom phon\u00e9tiquement en le lisant le mot imprim\u00e9 sur les sacs et les caisses dans lesquels elles venaient transporter.<\/p>\n<p><img loading=\"lazy\" decoding=\"async\" class=\"alignright wp-image-200\" src=\"https:\/\/www.kinegua.com\/wp-content\/uploads\/2014\/11\/papas-con-mojo.jpg\" alt=\"papas-con-mojo\" width=\"90\" height=\"74\" \/>Une recommandation gastronomique obligatoire:<strong><em>\"Papas con mojo\" (pomme de terre cuite avec sauce typique). Saveur et tradition canarienne!<\/em><\/strong><\/p>\n<p style=\"text-align: left;\"><a id=\"img-anterior_fr\" style=\"margin-left: 0px;\" title=\"Anterior\" href=\"https:\/\/www.kinegua.com\/fr\/origen-intenciones\">Anterior<\/a><\/p>\n<\/div><\/div><\/div><\/div><\/div>","protected":false},"excerpt":{"rendered":"<p>Origen, intencionesKinegua y la cultura Atenci\u00f3n personalizadaNoticias Kinegua est donc une vari\u00e9t\u00e9 de pomme de terre qui s&rsquo;importait d&rsquo;Angleterre. Son nom original est \u00ab\u00a0King Edward\u00a0\u00bb, mais avec le temps, les insulaires ont \u00ab\u00a0canaris\u00e9\u00a0\u00bb le nom phon\u00e9tiquement en le lisant le mot imprim\u00e9 sur les sacs et les caisses dans lesquels&#8230;<\/p>\n","protected":false},"author":1,"featured_media":0,"parent":0,"menu_order":0,"comment_status":"open","ping_status":"open","template":"","meta":{"_monsterinsights_skip_tracking":false,"_monsterinsights_sitenote_active":false,"_monsterinsights_sitenote_note":"","_monsterinsights_sitenote_category":0,"ngg_post_thumbnail":0,"footnotes":""},"class_list":["post-770","page","type-page","status-publish","hentry"],"_links":{"self":[{"href":"https:\/\/www.kinegua.com\/fr\/wp-json\/wp\/v2\/pages\/770","targetHints":{"allow":["GET"]}}],"collection":[{"href":"https:\/\/www.kinegua.com\/fr\/wp-json\/wp\/v2\/pages"}],"about":[{"href":"https:\/\/www.kinegua.com\/fr\/wp-json\/wp\/v2\/types\/page"}],"author":[{"embeddable":true,"href":"https:\/\/www.kinegua.com\/fr\/wp-json\/wp\/v2\/users\/1"}],"replies":[{"embeddable":true,"href":"https:\/\/www.kinegua.com\/fr\/wp-json\/wp\/v2\/comments?post=770"}],"version-history":[{"count":3,"href":"https:\/\/www.kinegua.com\/fr\/wp-json\/wp\/v2\/pages\/770\/revisions"}],"predecessor-version":[{"id":1188,"href":"https:\/\/www.kinegua.com\/fr\/wp-json\/wp\/v2\/pages\/770\/revisions\/1188"}],"wp:attachment":[{"href":"https:\/\/www.kinegua.com\/fr\/wp-json\/wp\/v2\/media?parent=770"}],"curies":[{"name":"wp","href":"https:\/\/api.w.org\/{rel}","templated":true}]}}