{"id":773,"date":"2014-11-23T00:33:21","date_gmt":"2014-11-23T00:33:21","guid":{"rendered":"http:\/\/www.kinegua.com\/kinegua-y-la-cultura-3\/"},"modified":"2015-04-19T15:13:25","modified_gmt":"2015-04-19T15:13:25","slug":"kinegua-y-la-cultura","status":"publish","type":"page","link":"https:\/\/www.kinegua.com\/fr\/kinegua-y-la-cultura\/","title":{"rendered":"Kinegua et la culture"},"content":{"rendered":"<div id=\"pl-773\"  class=\"panel-layout\" ><div id=\"pg-773-0\"  class=\"panel-grid panel-no-style\" ><div id=\"pgc-773-0-0\"  class=\"panel-grid-cell\" ><div id=\"panel-773-0-0-0\" class=\"so-panel widget widget_black-studio-tinymce widget_black_studio_tinymce panel-first-child panel-last-child\" data-index=\"0\" ><div class=\"textwidget\"><div class=\"imgen_submenu_lateral\"><a id=\"foto12_fr\" title=\"Kinegua - Origen, intenciones\" href=\"https:\/\/www.kinegua.com\/fr\/origen-intenciones\">Origen, intenciones<\/a><span id=\"foto13_fr\" title=\"Kinegua y la cultura\">Kinegua y la cultura<\/span><\/div>\n<div class=\"imgen_submenu_lateral\"><a id=\"foto14_fr\" title=\"Kinegua - Atenci\u00f3n personalizada\" href=\"https:\/\/www.kinegua.com\/fr\/atencion-personalizada\">Atenci\u00f3n personalizada<\/a><a id=\"foto15_fr\" title=\"Kinegua - Noticias\" href=\"https:\/\/www.kinegua.com\/fr\/noticias\">Noticias<\/a><\/div>\n<\/div><\/div><\/div><div id=\"pgc-773-0-1\"  class=\"panel-grid-cell\" ><div id=\"panel-773-0-1-0\" class=\"so-panel widget widget_black-studio-tinymce widget_black_studio_tinymce panel-first-child panel-last-child\" data-index=\"1\" ><div class=\"textwidget\"><p><strong>Plus on apprend et plus on \u00e9volue.<\/strong> Acqu\u00e9rir des connaissances nous apporte savoir et culture, ce qui signifie \u00eatre plus libre pour choisir ce que nous voulons et comment nous le voulons. Nous d\u00e9fendons ce point de vue avec la participation de tout segment artistique qui promeut l'apprentissage Et dans le but d'appuyer cette \u00e9volution, Kinegua apporte son grain de sable en offrant litt\u00e9rature, films et fondamentalement, musique. Occupations dont vous pouvez profiter durant votre s\u00e9jour dans la maison: pendant votre bain dans la piscine, au retour de la plage, avant de vous coucher...<\/p>\n<p><strong>Vous le verrez. Vous l'\u00e9couterez. Vous le toucherez.<\/strong><\/p>\n<p><img loading=\"lazy\" decoding=\"async\" src=\"https:\/\/www.kinegua.com\/wp-content\/uploads\/2014\/11\/cultura-1.jpg\" alt=\"Kinegua y la cultura 1\" width=\"151\" height=\"107\" \/><img loading=\"lazy\" decoding=\"async\" src=\"https:\/\/www.kinegua.com\/wp-content\/uploads\/2014\/11\/cultura-2.jpg\" alt=\"Kinegua y la cultura 2\" width=\"101\" height=\"106\" \/><img loading=\"lazy\" decoding=\"async\" src=\"https:\/\/www.kinegua.com\/wp-content\/uploads\/2014\/11\/cultura-3.jpg\" alt=\"Kinegua y la cultura 3\" width=\"160\" height=\"70\" \/><\/p>\n<p style=\"float: right;\"><a id=\"img-siguiente-pag_fr\" title=\"Siguiente\" href=\"https:\/\/www.kinegua.com\/fr\/kinegua-y-la-cultura-2\/\">Siguiente<\/a><\/p>\n<\/div><\/div><\/div><\/div><\/div>","protected":false},"excerpt":{"rendered":"<p>Origen, intencionesKinegua y la cultura Atenci\u00f3n personalizadaNoticias Plus on apprend et plus on \u00e9volue. Acqu\u00e9rir des connaissances nous apporte savoir et culture, ce qui signifie \u00eatre plus libre pour choisir ce que nous voulons et comment nous le voulons. Nous d\u00e9fendons ce point de vue avec la participation de tout&#8230;<\/p>\n","protected":false},"author":1,"featured_media":0,"parent":0,"menu_order":0,"comment_status":"open","ping_status":"open","template":"","meta":{"_monsterinsights_skip_tracking":false,"_monsterinsights_sitenote_active":false,"_monsterinsights_sitenote_note":"","_monsterinsights_sitenote_category":0,"ngg_post_thumbnail":0,"footnotes":""},"class_list":["post-773","page","type-page","status-publish","hentry"],"_links":{"self":[{"href":"https:\/\/www.kinegua.com\/fr\/wp-json\/wp\/v2\/pages\/773","targetHints":{"allow":["GET"]}}],"collection":[{"href":"https:\/\/www.kinegua.com\/fr\/wp-json\/wp\/v2\/pages"}],"about":[{"href":"https:\/\/www.kinegua.com\/fr\/wp-json\/wp\/v2\/types\/page"}],"author":[{"embeddable":true,"href":"https:\/\/www.kinegua.com\/fr\/wp-json\/wp\/v2\/users\/1"}],"replies":[{"embeddable":true,"href":"https:\/\/www.kinegua.com\/fr\/wp-json\/wp\/v2\/comments?post=773"}],"version-history":[{"count":3,"href":"https:\/\/www.kinegua.com\/fr\/wp-json\/wp\/v2\/pages\/773\/revisions"}],"predecessor-version":[{"id":1189,"href":"https:\/\/www.kinegua.com\/fr\/wp-json\/wp\/v2\/pages\/773\/revisions\/1189"}],"wp:attachment":[{"href":"https:\/\/www.kinegua.com\/fr\/wp-json\/wp\/v2\/media?parent=773"}],"curies":[{"name":"wp","href":"https:\/\/api.w.org\/{rel}","templated":true}]}}