{"id":781,"date":"2014-11-23T13:18:08","date_gmt":"2014-11-23T13:18:08","guid":{"rendered":"http:\/\/www.kinegua.com\/atencion-personalizada-2\/"},"modified":"2015-04-19T15:19:10","modified_gmt":"2015-04-19T15:19:10","slug":"atencion-personalizada","status":"publish","type":"page","link":"https:\/\/www.kinegua.com\/fr\/atencion-personalizada\/","title":{"rendered":"Service personnalis\u00e9"},"content":{"rendered":"<div id=\"pl-781\"  class=\"panel-layout\" ><div id=\"pg-781-0\"  class=\"panel-grid panel-no-style\" ><div id=\"pgc-781-0-0\"  class=\"panel-grid-cell\" ><div id=\"panel-781-0-0-0\" class=\"so-panel widget widget_black-studio-tinymce widget_black_studio_tinymce panel-first-child panel-last-child\" data-index=\"0\" ><div class=\"textwidget\"><div class=\"imgen_submenu_lateral\"><a id=\"foto12_fr\" title=\"Kinegua - Origen, intenciones\" href=\"https:\/\/www.kinegua.com\/fr\/origen-intenciones\">Origen, intenciones<\/a><a id=\"foto13_fr\" title=\"Kinegua y la cultura\" href=\"https:\/\/www.kinegua.com\/fr\/kinegua-y-la-cultura\">Kinegua y la cultura<\/a><\/div>\n<div class=\"imgen_submenu_lateral\"><span id=\"foto14_fr\" title=\"Kinegua - Atenci\u00f3n personalizada\">Atenci\u00f3n personalizada<\/span><a id=\"foto15_fr\" title=\"Kinegua - Noticias\" href=\"https:\/\/www.kinegua.com\/fr\/noticias\">Noticias<\/a><\/div>\n<\/div><\/div><\/div><div id=\"pgc-781-0-1\"  class=\"panel-grid-cell\" ><div id=\"panel-781-0-1-0\" class=\"so-panel widget widget_black-studio-tinymce widget_black_studio_tinymce panel-first-child panel-last-child\" data-index=\"1\" ><div class=\"textwidget\"><p><strong>Aimez-vous le jus de pamplemousse pour le petit d\u00e9jeuner? Quel journal que vous aimez? O\u00f9 voulez-vous aller faire du surf? Avez-vous besoin d'un baby-sitter?<\/strong><\/p>\n<p>Nous savons qu'il est difficile de se sentir comme \u00e0 la maison. En Kinegua nous ferons de notre mieux afin que vous avez ce sentiment d\u00e8s le d\u00e9but. Nous pouvons vous avancer une \u00e9valuation personnelle \u00e0 apporter vos vacances aussi proche que possible de ce que vous d\u00e9sirez. Demandez de l'information par le biais du questionnaire, nous vous enverrons avant votre arriv\u00e9e. Conseils des autres clients, de la population locale et de notre propre exp\u00e9rience, pouvez-vous aider en tant que guide pour planifier vos journ\u00e9es ici, ramasser des visites touristiques ou de choisir des itin\u00e9raires autour.<\/p>\n<p><strong>Apr\u00e8s votre visite, nous aimerions vous entendre les commentaires. Je suis s\u00fbr que d'autres les appr\u00e9cient. Nous comptons sur vous!<\/strong><\/p>\n<\/div><\/div><\/div><\/div><\/div>","protected":false},"excerpt":{"rendered":"<p>Origen, intencionesKinegua y la cultura Atenci\u00f3n personalizadaNoticias Aimez-vous le jus de pamplemousse pour le petit d\u00e9jeuner? Quel journal que vous aimez? O\u00f9 voulez-vous aller faire du surf? Avez-vous besoin d&rsquo;un baby-sitter? Nous savons qu&rsquo;il est difficile de se sentir comme \u00e0 la maison. En Kinegua nous ferons de notre mieux&#8230;<\/p>\n","protected":false},"author":1,"featured_media":0,"parent":0,"menu_order":0,"comment_status":"open","ping_status":"open","template":"","meta":{"_monsterinsights_skip_tracking":false,"_monsterinsights_sitenote_active":false,"_monsterinsights_sitenote_note":"","_monsterinsights_sitenote_category":0,"ngg_post_thumbnail":0,"footnotes":""},"class_list":["post-781","page","type-page","status-publish","hentry"],"_links":{"self":[{"href":"https:\/\/www.kinegua.com\/fr\/wp-json\/wp\/v2\/pages\/781","targetHints":{"allow":["GET"]}}],"collection":[{"href":"https:\/\/www.kinegua.com\/fr\/wp-json\/wp\/v2\/pages"}],"about":[{"href":"https:\/\/www.kinegua.com\/fr\/wp-json\/wp\/v2\/types\/page"}],"author":[{"embeddable":true,"href":"https:\/\/www.kinegua.com\/fr\/wp-json\/wp\/v2\/users\/1"}],"replies":[{"embeddable":true,"href":"https:\/\/www.kinegua.com\/fr\/wp-json\/wp\/v2\/comments?post=781"}],"version-history":[{"count":3,"href":"https:\/\/www.kinegua.com\/fr\/wp-json\/wp\/v2\/pages\/781\/revisions"}],"predecessor-version":[{"id":1191,"href":"https:\/\/www.kinegua.com\/fr\/wp-json\/wp\/v2\/pages\/781\/revisions\/1191"}],"wp:attachment":[{"href":"https:\/\/www.kinegua.com\/fr\/wp-json\/wp\/v2\/media?parent=781"}],"curies":[{"name":"wp","href":"https:\/\/api.w.org\/{rel}","templated":true}]}}