{"id":795,"date":"2014-11-19T23:22:39","date_gmt":"2014-11-19T23:22:39","guid":{"rendered":"http:\/\/www.kinegua.com\/la-isla-en-imagenes-2\/"},"modified":"2018-08-18T14:34:33","modified_gmt":"2018-08-18T14:34:33","slug":"la-isla-en-imagenes","status":"publish","type":"page","link":"https:\/\/www.kinegua.com\/it\/la-isla-en-imagenes\/","title":{"rendered":"Fotografie dell&#8217;isola"},"content":{"rendered":"<div id=\"pl-795\"  class=\"panel-layout\" ><div id=\"pg-795-0\"  class=\"panel-grid panel-no-style\" ><div id=\"pgc-795-0-0\"  class=\"panel-grid-cell\" ><div id=\"panel-795-0-0-0\" class=\"so-panel widget widget_black-studio-tinymce widget_black_studio_tinymce panel-first-child panel-last-child\" data-index=\"0\" ><div class=\"textwidget\"><p>Clicca nelle fotografie per ingrandire<\/p>\n<p><!-- index.php -->\n<div\n\tclass=\"ngg-galleryoverview\n\t ngg-ajax-pagination-none\t\"\n\tid=\"ngg-gallery-27bfff29311cc4519431e63003b1e4ac-1\">\n\n\t\t\t<!-- Thumbnails -->\n\t\t\t\t<div id=\"ngg-image-0\" class=\"ngg-gallery-thumbnail-box\"\n\t\t\t\t\t\t\t\t\t\t\t>\n\t\t\t\t\t\t<div class=\"ngg-gallery-thumbnail\">\n\t\t\t<a href=\"https:\/\/www.kinegua.com\/wp-content\/gallery\/la-isla-en-imagenes\/fuerteventura_1.jpg\"\n\t\t\t\ttitle=\"\"\n\t\t\t\tdata-src=\"https:\/\/www.kinegua.com\/wp-content\/gallery\/la-isla-en-imagenes\/fuerteventura_1.jpg\"\n\t\t\t\tdata-thumbnail=\"https:\/\/www.kinegua.com\/wp-content\/gallery\/la-isla-en-imagenes\/thumbs\/thumbs_fuerteventura_1.jpg\"\n\t\t\t\tdata-image-id=\"1\"\n\t\t\t\tdata-title=\"Fuerteventura\"\n\t\t\t\tdata-description=\"\"\n\t\t\t\tdata-image-slug=\"fuerteventura_1\"\n\t\t\t\tclass=\"ngg-fancybox\" rel=\"27bfff29311cc4519431e63003b1e4ac\">\n\t\t\t\t<img\n\t\t\t\t\ttitle=\"Fuerteventura\"\n\t\t\t\t\talt=\"Fuerteventura\"\n\t\t\t\t\tsrc=\"https:\/\/www.kinegua.com\/wp-content\/gallery\/la-isla-en-imagenes\/thumbs\/thumbs_fuerteventura_1.jpg\"\n\t\t\t\t\twidth=\"120\"\n\t\t\t\t\theight=\"90\"\n\t\t\t\t\tstyle=\"max-width:100%;\"\n\t\t\t\t\/>\n\t\t\t<\/a>\n\t\t<\/div>\n\t\t\t\t\t\t\t<\/div>\n\t\t\t\n\t\t\n\t\t\t\t<div id=\"ngg-image-1\" class=\"ngg-gallery-thumbnail-box\"\n\t\t\t\t\t\t\t\t\t\t\t>\n\t\t\t\t\t\t<div class=\"ngg-gallery-thumbnail\">\n\t\t\t<a href=\"https:\/\/www.kinegua.com\/wp-content\/gallery\/la-isla-en-imagenes\/fuerteventura_2.jpg\"\n\t\t\t\ttitle=\"\"\n\t\t\t\tdata-src=\"https:\/\/www.kinegua.com\/wp-content\/gallery\/la-isla-en-imagenes\/fuerteventura_2.jpg\"\n\t\t\t\tdata-thumbnail=\"https:\/\/www.kinegua.com\/wp-content\/gallery\/la-isla-en-imagenes\/thumbs\/thumbs_fuerteventura_2.jpg\"\n\t\t\t\tdata-image-id=\"2\"\n\t\t\t\tdata-title=\"Fuerteventura\"\n\t\t\t\tdata-description=\"\"\n\t\t\t\tdata-image-slug=\"fuerteventura_2\"\n\t\t\t\tclass=\"ngg-fancybox\" rel=\"27bfff29311cc4519431e63003b1e4ac\">\n\t\t\t\t<img\n\t\t\t\t\ttitle=\"Fuerteventura\"\n\t\t\t\t\talt=\"Fuerteventura\"\n\t\t\t\t\tsrc=\"https:\/\/www.kinegua.com\/wp-content\/gallery\/la-isla-en-imagenes\/thumbs\/thumbs_fuerteventura_2.jpg\"\n\t\t\t\t\twidth=\"120\"\n\t\t\t\t\theight=\"90\"\n\t\t\t\t\tstyle=\"max-width:100%;\"\n\t\t\t\t\/>\n\t\t\t<\/a>\n\t\t<\/div>\n\t\t\t\t\t\t\t<\/div>\n\t\t\t\n\t\t\n\t\t\t\t<div id=\"ngg-image-2\" class=\"ngg-gallery-thumbnail-box\"\n\t\t\t\t\t\t\t\t\t\t\t>\n\t\t\t\t\t\t<div class=\"ngg-gallery-thumbnail\">\n\t\t\t<a href=\"https:\/\/www.kinegua.com\/wp-content\/gallery\/la-isla-en-imagenes\/fuerteventura_3.jpg\"\n\t\t\t\ttitle=\"\"\n\t\t\t\tdata-src=\"https:\/\/www.kinegua.com\/wp-content\/gallery\/la-isla-en-imagenes\/fuerteventura_3.jpg\"\n\t\t\t\tdata-thumbnail=\"https:\/\/www.kinegua.com\/wp-content\/gallery\/la-isla-en-imagenes\/thumbs\/thumbs_fuerteventura_3.jpg\"\n\t\t\t\tdata-image-id=\"3\"\n\t\t\t\tdata-title=\"Fuerteventura\"\n\t\t\t\tdata-description=\"\"\n\t\t\t\tdata-image-slug=\"fuerteventura_3\"\n\t\t\t\tclass=\"ngg-fancybox\" rel=\"27bfff29311cc4519431e63003b1e4ac\">\n\t\t\t\t<img\n\t\t\t\t\ttitle=\"Fuerteventura\"\n\t\t\t\t\talt=\"Fuerteventura\"\n\t\t\t\t\tsrc=\"https:\/\/www.kinegua.com\/wp-content\/gallery\/la-isla-en-imagenes\/thumbs\/thumbs_fuerteventura_3.jpg\"\n\t\t\t\t\twidth=\"120\"\n\t\t\t\t\theight=\"90\"\n\t\t\t\t\tstyle=\"max-width:100%;\"\n\t\t\t\t\/>\n\t\t\t<\/a>\n\t\t<\/div>\n\t\t\t\t\t\t\t<\/div>\n\t\t\t\n\t\t\n\t\t\t\t<div id=\"ngg-image-3\" class=\"ngg-gallery-thumbnail-box\"\n\t\t\t\t\t\t\t\t\t\t\t>\n\t\t\t\t\t\t<div class=\"ngg-gallery-thumbnail\">\n\t\t\t<a href=\"https:\/\/www.kinegua.com\/wp-content\/gallery\/la-isla-en-imagenes\/fuerteventura_4.jpg\"\n\t\t\t\ttitle=\"\"\n\t\t\t\tdata-src=\"https:\/\/www.kinegua.com\/wp-content\/gallery\/la-isla-en-imagenes\/fuerteventura_4.jpg\"\n\t\t\t\tdata-thumbnail=\"https:\/\/www.kinegua.com\/wp-content\/gallery\/la-isla-en-imagenes\/thumbs\/thumbs_fuerteventura_4.jpg\"\n\t\t\t\tdata-image-id=\"4\"\n\t\t\t\tdata-title=\"Fuerteventura\"\n\t\t\t\tdata-description=\"\"\n\t\t\t\tdata-image-slug=\"fuerteventura_4\"\n\t\t\t\tclass=\"ngg-fancybox\" rel=\"27bfff29311cc4519431e63003b1e4ac\">\n\t\t\t\t<img\n\t\t\t\t\ttitle=\"Fuerteventura\"\n\t\t\t\t\talt=\"Fuerteventura\"\n\t\t\t\t\tsrc=\"https:\/\/www.kinegua.com\/wp-content\/gallery\/la-isla-en-imagenes\/thumbs\/thumbs_fuerteventura_4.jpg\"\n\t\t\t\t\twidth=\"120\"\n\t\t\t\t\theight=\"90\"\n\t\t\t\t\tstyle=\"max-width:100%;\"\n\t\t\t\t\/>\n\t\t\t<\/a>\n\t\t<\/div>\n\t\t\t\t\t\t\t<\/div>\n\t\t\t\n\t\t\n\t\t\t\t<div id=\"ngg-image-4\" class=\"ngg-gallery-thumbnail-box\"\n\t\t\t\t\t\t\t\t\t\t\t>\n\t\t\t\t\t\t<div class=\"ngg-gallery-thumbnail\">\n\t\t\t<a href=\"https:\/\/www.kinegua.com\/wp-content\/gallery\/la-isla-en-imagenes\/fuerteventura_5.jpg\"\n\t\t\t\ttitle=\"\"\n\t\t\t\tdata-src=\"https:\/\/www.kinegua.com\/wp-content\/gallery\/la-isla-en-imagenes\/fuerteventura_5.jpg\"\n\t\t\t\tdata-thumbnail=\"https:\/\/www.kinegua.com\/wp-content\/gallery\/la-isla-en-imagenes\/thumbs\/thumbs_fuerteventura_5.jpg\"\n\t\t\t\tdata-image-id=\"5\"\n\t\t\t\tdata-title=\"Fuerteventura\"\n\t\t\t\tdata-description=\"\"\n\t\t\t\tdata-image-slug=\"fuerteventura_5\"\n\t\t\t\tclass=\"ngg-fancybox\" rel=\"27bfff29311cc4519431e63003b1e4ac\">\n\t\t\t\t<img\n\t\t\t\t\ttitle=\"Fuerteventura\"\n\t\t\t\t\talt=\"Fuerteventura\"\n\t\t\t\t\tsrc=\"https:\/\/www.kinegua.com\/wp-content\/gallery\/la-isla-en-imagenes\/thumbs\/thumbs_fuerteventura_5.jpg\"\n\t\t\t\t\twidth=\"120\"\n\t\t\t\t\theight=\"90\"\n\t\t\t\t\tstyle=\"max-width:100%;\"\n\t\t\t\t\/>\n\t\t\t<\/a>\n\t\t<\/div>\n\t\t\t\t\t\t\t<\/div>\n\t\t\t\n\t\t\n\t\t\t\t<div id=\"ngg-image-5\" class=\"ngg-gallery-thumbnail-box\"\n\t\t\t\t\t\t\t\t\t\t\t>\n\t\t\t\t\t\t<div class=\"ngg-gallery-thumbnail\">\n\t\t\t<a href=\"https:\/\/www.kinegua.com\/wp-content\/gallery\/la-isla-en-imagenes\/fuerteventura_6.jpg\"\n\t\t\t\ttitle=\"\"\n\t\t\t\tdata-src=\"https:\/\/www.kinegua.com\/wp-content\/gallery\/la-isla-en-imagenes\/fuerteventura_6.jpg\"\n\t\t\t\tdata-thumbnail=\"https:\/\/www.kinegua.com\/wp-content\/gallery\/la-isla-en-imagenes\/thumbs\/thumbs_fuerteventura_6.jpg\"\n\t\t\t\tdata-image-id=\"6\"\n\t\t\t\tdata-title=\"Fuerteventura\"\n\t\t\t\tdata-description=\"\"\n\t\t\t\tdata-image-slug=\"fuerteventura_6\"\n\t\t\t\tclass=\"ngg-fancybox\" rel=\"27bfff29311cc4519431e63003b1e4ac\">\n\t\t\t\t<img\n\t\t\t\t\ttitle=\"Fuerteventura\"\n\t\t\t\t\talt=\"Fuerteventura\"\n\t\t\t\t\tsrc=\"https:\/\/www.kinegua.com\/wp-content\/gallery\/la-isla-en-imagenes\/thumbs\/thumbs_fuerteventura_6.jpg\"\n\t\t\t\t\twidth=\"120\"\n\t\t\t\t\theight=\"90\"\n\t\t\t\t\tstyle=\"max-width:100%;\"\n\t\t\t\t\/>\n\t\t\t<\/a>\n\t\t<\/div>\n\t\t\t\t\t\t\t<\/div>\n\t\t\t\n\t\t\n\t\t\t\t<div id=\"ngg-image-6\" class=\"ngg-gallery-thumbnail-box\"\n\t\t\t\t\t\t\t\t\t\t\t>\n\t\t\t\t\t\t<div class=\"ngg-gallery-thumbnail\">\n\t\t\t<a href=\"https:\/\/www.kinegua.com\/wp-content\/gallery\/la-isla-en-imagenes\/fuerteventura_7.jpg\"\n\t\t\t\ttitle=\"\"\n\t\t\t\tdata-src=\"https:\/\/www.kinegua.com\/wp-content\/gallery\/la-isla-en-imagenes\/fuerteventura_7.jpg\"\n\t\t\t\tdata-thumbnail=\"https:\/\/www.kinegua.com\/wp-content\/gallery\/la-isla-en-imagenes\/thumbs\/thumbs_fuerteventura_7.jpg\"\n\t\t\t\tdata-image-id=\"7\"\n\t\t\t\tdata-title=\"Fuerteventura\"\n\t\t\t\tdata-description=\"\"\n\t\t\t\tdata-image-slug=\"fuerteventura_7\"\n\t\t\t\tclass=\"ngg-fancybox\" rel=\"27bfff29311cc4519431e63003b1e4ac\">\n\t\t\t\t<img\n\t\t\t\t\ttitle=\"Fuerteventura\"\n\t\t\t\t\talt=\"Fuerteventura\"\n\t\t\t\t\tsrc=\"https:\/\/www.kinegua.com\/wp-content\/gallery\/la-isla-en-imagenes\/thumbs\/thumbs_fuerteventura_7.jpg\"\n\t\t\t\t\twidth=\"120\"\n\t\t\t\t\theight=\"90\"\n\t\t\t\t\tstyle=\"max-width:100%;\"\n\t\t\t\t\/>\n\t\t\t<\/a>\n\t\t<\/div>\n\t\t\t\t\t\t\t<\/div>\n\t\t\t\n\t\t\n\t\t\t\t<div id=\"ngg-image-7\" class=\"ngg-gallery-thumbnail-box\"\n\t\t\t\t\t\t\t\t\t\t\t>\n\t\t\t\t\t\t<div class=\"ngg-gallery-thumbnail\">\n\t\t\t<a href=\"https:\/\/www.kinegua.com\/wp-content\/gallery\/la-isla-en-imagenes\/fuerteventura_8.jpg\"\n\t\t\t\ttitle=\"\"\n\t\t\t\tdata-src=\"https:\/\/www.kinegua.com\/wp-content\/gallery\/la-isla-en-imagenes\/fuerteventura_8.jpg\"\n\t\t\t\tdata-thumbnail=\"https:\/\/www.kinegua.com\/wp-content\/gallery\/la-isla-en-imagenes\/thumbs\/thumbs_fuerteventura_8.jpg\"\n\t\t\t\tdata-image-id=\"8\"\n\t\t\t\tdata-title=\"Fuerteventura\"\n\t\t\t\tdata-description=\"\"\n\t\t\t\tdata-image-slug=\"fuerteventura_8\"\n\t\t\t\tclass=\"ngg-fancybox\" rel=\"27bfff29311cc4519431e63003b1e4ac\">\n\t\t\t\t<img\n\t\t\t\t\ttitle=\"Fuerteventura\"\n\t\t\t\t\talt=\"Fuerteventura\"\n\t\t\t\t\tsrc=\"https:\/\/www.kinegua.com\/wp-content\/gallery\/la-isla-en-imagenes\/thumbs\/thumbs_fuerteventura_8.jpg\"\n\t\t\t\t\twidth=\"120\"\n\t\t\t\t\theight=\"90\"\n\t\t\t\t\tstyle=\"max-width:100%;\"\n\t\t\t\t\/>\n\t\t\t<\/a>\n\t\t<\/div>\n\t\t\t\t\t\t\t<\/div>\n\t\t\t\n\t\t\n\t\t\t\t<div id=\"ngg-image-8\" class=\"ngg-gallery-thumbnail-box\"\n\t\t\t\t\t\t\t\t\t\t\t>\n\t\t\t\t\t\t<div class=\"ngg-gallery-thumbnail\">\n\t\t\t<a href=\"https:\/\/www.kinegua.com\/wp-content\/gallery\/la-isla-en-imagenes\/fuerteventura_9.jpg\"\n\t\t\t\ttitle=\"\"\n\t\t\t\tdata-src=\"https:\/\/www.kinegua.com\/wp-content\/gallery\/la-isla-en-imagenes\/fuerteventura_9.jpg\"\n\t\t\t\tdata-thumbnail=\"https:\/\/www.kinegua.com\/wp-content\/gallery\/la-isla-en-imagenes\/thumbs\/thumbs_fuerteventura_9.jpg\"\n\t\t\t\tdata-image-id=\"9\"\n\t\t\t\tdata-title=\"Fuerteventura\"\n\t\t\t\tdata-description=\"\"\n\t\t\t\tdata-image-slug=\"fuerteventura_9\"\n\t\t\t\tclass=\"ngg-fancybox\" rel=\"27bfff29311cc4519431e63003b1e4ac\">\n\t\t\t\t<img\n\t\t\t\t\ttitle=\"Fuerteventura\"\n\t\t\t\t\talt=\"Fuerteventura\"\n\t\t\t\t\tsrc=\"https:\/\/www.kinegua.com\/wp-content\/gallery\/la-isla-en-imagenes\/thumbs\/thumbs_fuerteventura_9.jpg\"\n\t\t\t\t\twidth=\"120\"\n\t\t\t\t\theight=\"90\"\n\t\t\t\t\tstyle=\"max-width:100%;\"\n\t\t\t\t\/>\n\t\t\t<\/a>\n\t\t<\/div>\n\t\t\t\t\t\t\t<\/div>\n\t\t\t\n\t\t\n\t\t\t\t<div id=\"ngg-image-9\" class=\"ngg-gallery-thumbnail-box\"\n\t\t\t\t\t\t\t\t\t\t\t>\n\t\t\t\t\t\t<div class=\"ngg-gallery-thumbnail\">\n\t\t\t<a href=\"https:\/\/www.kinegua.com\/wp-content\/gallery\/la-isla-en-imagenes\/fuerteventura_10.jpg\"\n\t\t\t\ttitle=\"\"\n\t\t\t\tdata-src=\"https:\/\/www.kinegua.com\/wp-content\/gallery\/la-isla-en-imagenes\/fuerteventura_10.jpg\"\n\t\t\t\tdata-thumbnail=\"https:\/\/www.kinegua.com\/wp-content\/gallery\/la-isla-en-imagenes\/thumbs\/thumbs_fuerteventura_10.jpg\"\n\t\t\t\tdata-image-id=\"10\"\n\t\t\t\tdata-title=\"Fuerteventura\"\n\t\t\t\tdata-description=\"\"\n\t\t\t\tdata-image-slug=\"fuerteventura_10\"\n\t\t\t\tclass=\"ngg-fancybox\" rel=\"27bfff29311cc4519431e63003b1e4ac\">\n\t\t\t\t<img\n\t\t\t\t\ttitle=\"Fuerteventura\"\n\t\t\t\t\talt=\"Fuerteventura\"\n\t\t\t\t\tsrc=\"https:\/\/www.kinegua.com\/wp-content\/gallery\/la-isla-en-imagenes\/thumbs\/thumbs_fuerteventura_10.jpg\"\n\t\t\t\t\twidth=\"120\"\n\t\t\t\t\theight=\"90\"\n\t\t\t\t\tstyle=\"max-width:100%;\"\n\t\t\t\t\/>\n\t\t\t<\/a>\n\t\t<\/div>\n\t\t\t\t\t\t\t<\/div>\n\t\t\t\n\t\t\n\t\t\t\t<div id=\"ngg-image-10\" class=\"ngg-gallery-thumbnail-box\"\n\t\t\t\t\t\t\t\t\t\t\t>\n\t\t\t\t\t\t<div class=\"ngg-gallery-thumbnail\">\n\t\t\t<a href=\"https:\/\/www.kinegua.com\/wp-content\/gallery\/la-isla-en-imagenes\/fuerteventura_11.jpg\"\n\t\t\t\ttitle=\"\"\n\t\t\t\tdata-src=\"https:\/\/www.kinegua.com\/wp-content\/gallery\/la-isla-en-imagenes\/fuerteventura_11.jpg\"\n\t\t\t\tdata-thumbnail=\"https:\/\/www.kinegua.com\/wp-content\/gallery\/la-isla-en-imagenes\/thumbs\/thumbs_fuerteventura_11.jpg\"\n\t\t\t\tdata-image-id=\"11\"\n\t\t\t\tdata-title=\"Fuerteventura\"\n\t\t\t\tdata-description=\"\"\n\t\t\t\tdata-image-slug=\"fuerteventura_11\"\n\t\t\t\tclass=\"ngg-fancybox\" rel=\"27bfff29311cc4519431e63003b1e4ac\">\n\t\t\t\t<img\n\t\t\t\t\ttitle=\"Fuerteventura\"\n\t\t\t\t\talt=\"Fuerteventura\"\n\t\t\t\t\tsrc=\"https:\/\/www.kinegua.com\/wp-content\/gallery\/la-isla-en-imagenes\/thumbs\/thumbs_fuerteventura_11.jpg\"\n\t\t\t\t\twidth=\"120\"\n\t\t\t\t\theight=\"90\"\n\t\t\t\t\tstyle=\"max-width:100%;\"\n\t\t\t\t\/>\n\t\t\t<\/a>\n\t\t<\/div>\n\t\t\t\t\t\t\t<\/div>\n\t\t\t\n\t\t\n\t\t\t\t<div id=\"ngg-image-11\" class=\"ngg-gallery-thumbnail-box\"\n\t\t\t\t\t\t\t\t\t\t\t>\n\t\t\t\t\t\t<div class=\"ngg-gallery-thumbnail\">\n\t\t\t<a href=\"https:\/\/www.kinegua.com\/wp-content\/gallery\/la-isla-en-imagenes\/fuerteventura_12.jpg\"\n\t\t\t\ttitle=\"\"\n\t\t\t\tdata-src=\"https:\/\/www.kinegua.com\/wp-content\/gallery\/la-isla-en-imagenes\/fuerteventura_12.jpg\"\n\t\t\t\tdata-thumbnail=\"https:\/\/www.kinegua.com\/wp-content\/gallery\/la-isla-en-imagenes\/thumbs\/thumbs_fuerteventura_12.jpg\"\n\t\t\t\tdata-image-id=\"12\"\n\t\t\t\tdata-title=\"Fuerteventura\"\n\t\t\t\tdata-description=\"\"\n\t\t\t\tdata-image-slug=\"fuerteventura_12\"\n\t\t\t\tclass=\"ngg-fancybox\" rel=\"27bfff29311cc4519431e63003b1e4ac\">\n\t\t\t\t<img\n\t\t\t\t\ttitle=\"Fuerteventura\"\n\t\t\t\t\talt=\"Fuerteventura\"\n\t\t\t\t\tsrc=\"https:\/\/www.kinegua.com\/wp-content\/gallery\/la-isla-en-imagenes\/thumbs\/thumbs_fuerteventura_12.jpg\"\n\t\t\t\t\twidth=\"120\"\n\t\t\t\t\theight=\"90\"\n\t\t\t\t\tstyle=\"max-width:100%;\"\n\t\t\t\t\/>\n\t\t\t<\/a>\n\t\t<\/div>\n\t\t\t\t\t\t\t<\/div>\n\t\t\t\n\t\t\n\t\t\n\t\t<!-- Pagination -->\n\t\t<div class='ngg-clear'><\/div>\t<\/div>\n<\/p>\n<\/div><\/div><\/div><div id=\"pgc-795-0-1\"  class=\"panel-grid-cell\" ><div id=\"panel-795-0-1-0\" class=\"so-panel widget widget_black-studio-tinymce widget_black_studio_tinymce panel-first-child panel-last-child\" data-index=\"1\" ><div class=\"textwidget\"><div class=\"imgen_submenu_lateral_2\"><span id=\"foto1_it\" title=\"Kinegua - Qu\u00e9 hacer en Fuerteventura\">La isla en imagenes<\/span> <a id=\"foto2_it\" href=\"https:\/\/www.kinegua.com\/it\/que-hacer-en-fuerteventura\">Qu\u00e9 hacer en Fuerteventura<\/a><\/div>\n<div class=\"imgen_submenu_lateral_2\"><a id=\"foto3_it\" title=\"C\u00f3mo llegar a Kinegua\" href=\"https:\/\/www.kinegua.com\/it\/como-llegar\">C\u00f3mo llegar<\/a> <a id=\"foto4_it\" title=\"Kinegua - Links de inter\u00e9s\" href=\"https:\/\/www.kinegua.com\/it\/links-de-interes\">Links de inter\u00e9s<\/a><\/div>\n<\/div><\/div><\/div><\/div><\/div>","protected":false},"excerpt":{"rendered":"<p>Clicca nelle fotografie per ingrandire &#8221; order_by=&#8221;sortorder&#8221; order_direction=&#8221;ASC&#8221; returns=&#8221;included&#8221; maximum_entity_count=&#8221;500&#8243;] La isla en imagenes Qu\u00e9 hacer en Fuerteventura C\u00f3mo llegar Links de inter\u00e9s<\/p>\n","protected":false},"author":1,"featured_media":0,"parent":0,"menu_order":0,"comment_status":"open","ping_status":"open","template":"","meta":{"_monsterinsights_skip_tracking":false,"_monsterinsights_sitenote_active":false,"_monsterinsights_sitenote_note":"","_monsterinsights_sitenote_category":0,"ngg_post_thumbnail":0,"footnotes":""},"class_list":["post-795","page","type-page","status-publish","hentry"],"_links":{"self":[{"href":"https:\/\/www.kinegua.com\/it\/wp-json\/wp\/v2\/pages\/795","targetHints":{"allow":["GET"]}}],"collection":[{"href":"https:\/\/www.kinegua.com\/it\/wp-json\/wp\/v2\/pages"}],"about":[{"href":"https:\/\/www.kinegua.com\/it\/wp-json\/wp\/v2\/types\/page"}],"author":[{"embeddable":true,"href":"https:\/\/www.kinegua.com\/it\/wp-json\/wp\/v2\/users\/1"}],"replies":[{"embeddable":true,"href":"https:\/\/www.kinegua.com\/it\/wp-json\/wp\/v2\/comments?post=795"}],"version-history":[{"count":6,"href":"https:\/\/www.kinegua.com\/it\/wp-json\/wp\/v2\/pages\/795\/revisions"}],"predecessor-version":[{"id":1512,"href":"https:\/\/www.kinegua.com\/it\/wp-json\/wp\/v2\/pages\/795\/revisions\/1512"}],"wp:attachment":[{"href":"https:\/\/www.kinegua.com\/it\/wp-json\/wp\/v2\/media?parent=795"}],"curies":[{"name":"wp","href":"https:\/\/api.w.org\/{rel}","templated":true}]}}