{"id":801,"date":"2014-11-22T01:17:53","date_gmt":"2014-11-22T01:17:53","guid":{"rendered":"http:\/\/www.kinegua.com\/links-de-interes-2\/"},"modified":"2015-04-19T20:51:32","modified_gmt":"2015-04-19T20:51:32","slug":"links-de-interes","status":"publish","type":"page","link":"https:\/\/www.kinegua.com\/it\/links-de-interes\/","title":{"rendered":"Links"},"content":{"rendered":"<div id=\"pl-801\"  class=\"panel-layout\" ><div id=\"pg-801-0\"  class=\"panel-grid panel-no-style\" ><div id=\"pgc-801-0-0\"  class=\"panel-grid-cell\" ><div id=\"panel-801-0-0-0\" class=\"so-panel widget widget_black-studio-tinymce widget_black_studio_tinymce panel-first-child panel-last-child\" data-index=\"0\" ><div class=\"textwidget\"><ul>\n<li class=\"links_interes\">Informazione turistica:<br \/>\n<a href=\"http:\/\/www.fuerteventuraturismo.com\/\" target=\"_blank\">http:\/\/www.fuerteventuraturismo.com\/<\/a><\/li>\n<li class=\"links_interes\">Autonoleggio:<br \/>\n<a href=\"http:\/\/www.top-car-hire.com\/\" target=\"_blank\">http:\/\/www.top-car-hire.com\/<\/a><\/li>\n<li class=\"links_interes\">Informazione locale:<br \/>\n<a href=\"http:\/\/www.laoliva.es\" target=\"_blank\">http:\/\/www.laoliva.es\/<\/a><\/li>\n<li class=\"links_interes\">Musei:<br \/>\n<a href=\"http:\/\/www.cabildofuer.es\" target=\"_blank\">http:\/\/www.cabildofuer.es\/<\/a><\/li>\n<li class=\"links_interes\">Spiagge:<br \/>\n<a href=\"http:\/\/www.mma.es\/playas\/html\/p\/todas\/fu.htm\" target=\"_blank\">http:\/\/www.mma.es\/playas\/html\/p\/todas\/fu.htm<\/a><\/li>\n<li class=\"links_interes\">Imparare a fare surf:<br \/>\n<a href=\"http:\/\/www.joyas-surf.com\/\" target=\"_blank\">http:\/\/www.joyas-surf.com\/<\/a><\/li>\n<li class=\"links_interes\">Gastronomia:<br \/>\n<a href=\"http:\/\/www.larutadelbuenyantar.com\/marcos.html\" target=\"_blank\">http:\/\/www.larutadelbuenyantar.com\/marcos.html<br \/>\n<\/a><a href=\"http:\/\/www.quesomajorero.es\/\" target=\"_blank\">http:\/\/www.quesomajorero.es\/<\/a><\/li>\n<\/ul>\n<p>&nbsp;<\/p>\n<\/div><\/div><\/div><div id=\"pgc-801-0-1\"  class=\"panel-grid-cell\" ><div id=\"panel-801-0-1-0\" class=\"so-panel widget widget_black-studio-tinymce widget_black_studio_tinymce panel-first-child panel-last-child\" data-index=\"1\" ><div class=\"textwidget\"><div class=\"imgen_submenu_lateral_2\"><a id=\"foto1_it\" title=\"Kinegua - La isla en im\u00e1genes\" href=\"https:\/\/www.kinegua.com\/it\/la-isla-en-imagenes\">La isla en imagenes<\/a><a id=\"foto2_it\" title=\"Kinegua - Qu\u00e9 hacer en Fuerteventura\" href=\"https:\/\/www.kinegua.com\/it\/que-hacer-en-fuerteventura\">Qu\u00e9 hacer en Fuerteventura<\/a><\/div>\n<div class=\"imgen_submenu_lateral_2\"><a id=\"foto3_it\" title=\"C\u00f3mo llegar a Kinegua\" href=\"https:\/\/www.kinegua.com\/it\/como-llegar\">C\u00f3mo llegar<\/a><span id=\"foto4_it\" title=\"Kinegua - Links de inter\u00e9s\">Links de inter\u00e9s<\/span><\/div>\n<\/div><\/div><\/div><\/div><\/div>","protected":false},"excerpt":{"rendered":"<p>Informazione turistica: http:\/\/www.fuerteventuraturismo.com\/ Autonoleggio: http:\/\/www.top-car-hire.com\/ Informazione locale: http:\/\/www.laoliva.es\/ Musei: http:\/\/www.cabildofuer.es\/ Spiagge: http:\/\/www.mma.es\/playas\/html\/p\/todas\/fu.htm Imparare a fare surf: http:\/\/www.joyas-surf.com\/ Gastronomia: http:\/\/www.larutadelbuenyantar.com\/marcos.html http:\/\/www.quesomajorero.es\/ &nbsp; La isla en imagenesQu\u00e9 hacer en Fuerteventura C\u00f3mo llegarLinks de inter\u00e9s<\/p>\n","protected":false},"author":1,"featured_media":0,"parent":0,"menu_order":0,"comment_status":"open","ping_status":"open","template":"","meta":{"_monsterinsights_skip_tracking":false,"_monsterinsights_sitenote_active":false,"_monsterinsights_sitenote_note":"","_monsterinsights_sitenote_category":0,"ngg_post_thumbnail":0,"footnotes":""},"class_list":["post-801","page","type-page","status-publish","hentry"],"_links":{"self":[{"href":"https:\/\/www.kinegua.com\/it\/wp-json\/wp\/v2\/pages\/801","targetHints":{"allow":["GET"]}}],"collection":[{"href":"https:\/\/www.kinegua.com\/it\/wp-json\/wp\/v2\/pages"}],"about":[{"href":"https:\/\/www.kinegua.com\/it\/wp-json\/wp\/v2\/types\/page"}],"author":[{"embeddable":true,"href":"https:\/\/www.kinegua.com\/it\/wp-json\/wp\/v2\/users\/1"}],"replies":[{"embeddable":true,"href":"https:\/\/www.kinegua.com\/it\/wp-json\/wp\/v2\/comments?post=801"}],"version-history":[{"count":3,"href":"https:\/\/www.kinegua.com\/it\/wp-json\/wp\/v2\/pages\/801\/revisions"}],"predecessor-version":[{"id":802,"href":"https:\/\/www.kinegua.com\/it\/wp-json\/wp\/v2\/pages\/801\/revisions\/802"}],"wp:attachment":[{"href":"https:\/\/www.kinegua.com\/it\/wp-json\/wp\/v2\/media?parent=801"}],"curies":[{"name":"wp","href":"https:\/\/api.w.org\/{rel}","templated":true}]}}